{"id":2220,"date":"2018-11-19T10:10:34","date_gmt":"2018-11-19T09:10:34","guid":{"rendered":"https:\/\/tb-farming.com\/allevamento-di-piante\/"},"modified":"2024-09-23T10:32:07","modified_gmt":"2024-09-23T08:32:07","slug":"allevamento-di-piante","status":"publish","type":"page","link":"https:\/\/tb-farming.com\/it\/progetti\/allevamento-di-piante\/","title":{"rendered":"Allevamento di piante"},"content":{"rendered":"<div class=\"wpb-content-wrapper\"><p>[vc_row css=&#8221;.vc_custom_1542188489306{padding-top: 70px !important;padding-bottom: 100px !important;}&#8221;][vc_column offset=&#8221;vc_col-md-4&#8243; el_class=&#8221;lg-right40&#8243;][vc_wp_custommenu nav_menu=&#8221;36&#8243;][vc_column_text css=&#8221;.vc_custom_1709210751404{padding-top: 25px !important;padding-right: 28px !important;padding-bottom: 28px !important;padding-left: 28px !important;background-color: #f7f7f7 !important;}&#8221; el_class=&#8221;download-box&#8221;]<\/p>\n<h4>Genetica<\/h4>\n<p>  Le nostre cultivar interne possono essere ottenute da noi come talee.  <a class=\"btn btn-download\"><i class=\"fas fa-download\"><\/i>  Opuscolo<\/a><\/p>\n<p>[\/vc_column_text][\/vc_column][vc_column offset=&#8221;vc_col-md-8&#8243;][vc_single_image image=&#8221;1389&#8243; img_size=&#8221;full&#8221; css=&#8221;.vc_custom_1709211414275{margin-bottom: 45px !important;}&#8221;][vc_custom_heading text=&#8221;Le strutture nascoste della nostra esistenza nascondono un affascinante segreto: la genetica.<br \/>\nLa genetica delle piante di cannabis gioca un ruolo decisivo nella produzione di cannabis.<br \/>\nInfluenza in modo significativo la qualit\u00e0, i profili dei principi attivi e l&apos;adattabilit\u00e0 delle piante ai diversi ambienti di coltivazione.<br \/>\nTB Farming \u00e8 in grado di sviluppare piante di cannabis speciali attraverso la selezione e l&apos;allevamento mirato di specifiche genetiche di cannabis.<br \/>\nLe piante di cannabis possono soddisfare esigenze elevate in termini di contenuto di THC o CBD, di resa, di resistenza a parassiti e malattie, nonch\u00e9 di aromi e profili terpenici specifici.    &#8221; font_container=&#8221;tag:p|font_size:18px|text_align:left|line_height:30px&#8221; use_theme_fonts=&#8221;yes&#8221; css=&#8221;.vc_custom_1710325394634{margin-bottom: 40px !important;}&#8221;][vc_custom_heading text=&#8221;Esigenze elevate in termini di qualit\u00e0 e contenuto di THC o CBD&#8221; font_container=&#8221;tag:h4|text_align:left&#8221; use_theme_fonts=&#8221;yes&#8221; css=&#8221;.vc_custom_1709212013269{margin-bottom: 60px !important;}&#8221;][vc_row_inner equal_height=&#8221;yes&#8221; css=&#8221;.vc_custom_1542619504915{padding-bottom: 20px !important;}&#8221;][vc_column_inner width=&#8221;1\/2&#8243; offset=&#8221;vc_col-md-4&#8243;][vc_column_text]<\/p>\n<h5 class=\"text-primary\">Metodi<\/h5>\n<p>  I moderni metodi di selezione e gli approcci biotecnologici consentono di analizzare e ottimizzare con precisione le caratteristiche genetiche delle piante di cannabis.<br \/>\nCi\u00f2 include lo sviluppo di ceppi utilizzati a scopo terapeutico con uno specifico rapporto di cannabinoidi o di ceppi allevati specificamente per uso ricreativo con l&#8217;obiettivo di ottenere sapori o effetti unici.[\/vc_column_text][\/vc_column_inner][vc_column_inner width=&#8221;1\/2&#8243; offset=&#8221;vc_col-md-4&#8243;][vc_column_text]<\/p>\n<h5 class=\"text-primary\">Ricerca<\/h5>\n<p>  La ricerca e lo sviluppo della genetica della cannabis \u00e8 un processo continuo che mira a migliorare continuamente la diversit\u00e0 e la qualit\u00e0 dei prodotti di cannabis.<br \/>\nAttraverso la selezione e l&#8217;incrocio genetico, i selezionatori possono creare variet\u00e0 con caratteristiche specifiche che rendono la coltivazione pi\u00f9 efficiente, aumentano le rese e soddisfano le esigenze specifiche dei consumatori.<\/p>\n<p>[\/vc_column_text][\/vc_column_inner][vc_column_inner width=&#8221;1\/2&#8243; offset=&#8221;vc_col-md-4&#8243;][vc_column_text]<\/p>\n<h5 class=\"text-primary\">Produzione<\/h5>\n<p>  Nel contesto della produzione, la conoscenza e l&#8217;applicazione di specifiche genetiche di cannabis \u00e8 fondamentale per il successo.<br \/>\nPermette a produttori come TB Farming AG di differenziarsi sul mercato fornendo prodotti di cannabis di alta qualit\u00e0, coerenti e sicuri.<br \/>\nInvestire nella ricerca e nello sviluppo della genetica della cannabis \u00e8 quindi un elemento chiave per l&#8217;innovazione e il progresso dell&#8217;industria della cannabis, che costituisce la base per la produzione di prodotti che soddisfano le pi\u00f9 diverse esigenze e preferenze degli utenti.<\/p>\n<p>[\/vc_column_text][\/vc_column_inner][\/vc_row_inner][vc_custom_heading text=&#8221;Talee di qualit\u00e0&#8221; font_container=&#8221;tag:h4|text_align:left&#8221; use_theme_fonts=&#8221;yes&#8221; css=&#8221;.vc_custom_1709211914343{margin-bottom: 40px !important;}&#8221;][vc_column_text]La qualit\u00e0 genetica delle talee di TB Farming AG \u00e8 un vantaggio imbattibile per la coltivazione di piante di alta qualit\u00e0.<br \/>\nGrazie alla selezione e all&#8217;allevamento mirato di tratti genetici di alta qualit\u00e0, queste talee garantiscono prestazioni superiori in termini di crescita, resa e resistenza.<\/p>\n<p>[\/vc_column_text]\n    <div class=\"project-slider projects row  style-2\" data-show=\"2\" data-auto=\"true\" data-arrow=\"true\" data-dot=\"\">\n            <\/div>\n\n    [\/vc_column][\/vc_row][vc_row el_class=&#8221;bg-primary call-to-action&#8221; css=&#8221;.vc_custom_1542184444490{padding-top: 52px !important;padding-bottom: 52px !important;}&#8221;][vc_column offset=&#8221;vc_col-md-8&#8243;][vc_custom_heading text=&#8221;Talee con la genetica di TB Farming AG&#8221; font_container=&#8221;tag:h3|text_align:left|color:%23ffffff&#8221; use_theme_fonts=&#8221;yes&#8221; css=&#8221;.vc_custom_1710325232854{margin-top: 10px !important;margin-bottom: 0px !important;}&#8221;][\/vc_column][vc_column offset=&#8221;vc_col-md-4&#8243;]\n    <div class=\"text-right\">\n        <a class=\"btn btn-medium btn-light  \" href=\"https:\/\/tb-farming.com\/contact\/\" style=\"\">Jetzt bestellen<\/a>\n    <\/div>\n\n    [\/vc_column][\/vc_row]<\/p>\n<\/div>","protected":false},"excerpt":{"rendered":"<p>[vc_row css=&#8221;.vc_custom_1542188489306{padding-top: 70px !important;padding-bottom: 100px !important;}&#8221;][vc_column offset=&#8221;vc_col-md-4&#8243; el_class=&#8221;lg-right40&#8243;][vc_wp_custommenu nav_menu=&#8221;36&#8243;][vc_column_text css=&#8221;.vc_custom_1709210751404{padding-top: 25px !important;padding-right: 28px !important;padding-bottom: 28px !important;padding-left: 28px !important;background-color: #f7f7f7 !important;}&#8221; el_class=&#8221;download-box&#8221;] Genetica Le nostre cultivar interne possono essere ottenute da noi come talee. Opuscolo [\/vc_column_text][\/vc_column][vc_column offset=&#8221;vc_col-md-8&#8243;][vc_single_image image=&#8221;1389&#8243; img_size=&#8221;full&#8221; css=&#8221;.vc_custom_1709211414275{margin-bottom: 45px !important;}&#8221;][vc_custom_heading text=&#8221;Le strutture nascoste della nostra esistenza nascondono un affascinante segreto: la genetica. La genetica [&hellip;]<\/p>\n","protected":false},"author":1,"featured_media":0,"parent":2247,"menu_order":0,"comment_status":"closed","ping_status":"closed","template":"","meta":{"footnotes":""},"class_list":["post-2220","page","type-page","status-publish","hentry"],"yoast_head":"<!-- This site is optimized with the Yoast SEO Premium plugin v24.0 (Yoast SEO v24.9) - https:\/\/yoast.com\/wordpress\/plugins\/seo\/ -->\n<title>Allevamento di piante - Medizinisches Cannabis | GACP Standard | Anbau und Verarbeitung<\/title>\n<meta name=\"description\" content=\"Le genetiche di cannabis allevate e registrate da TB Farming sono la chiave di volta per una produzione di successo e di alta qualit\u00e0.\" \/>\n<meta name=\"robots\" content=\"index, follow, max-snippet:-1, max-image-preview:large, max-video-preview:-1\" \/>\n<link rel=\"canonical\" href=\"https:\/\/tb-farming.com\/it\/progetti\/allevamento-di-piante\/\" \/>\n<meta property=\"og:locale\" content=\"it_IT\" \/>\n<meta property=\"og:type\" content=\"article\" \/>\n<meta property=\"og:title\" content=\"Allevamento di piante\" \/>\n<meta property=\"og:description\" content=\"Le genetiche di cannabis allevate e registrate da TB Farming sono la chiave di volta per una produzione di successo e di alta qualit\u00e0.\" \/>\n<meta property=\"og:url\" content=\"https:\/\/tb-farming.com\/it\/progetti\/allevamento-di-piante\/\" \/>\n<meta property=\"og:site_name\" content=\"Medizinisches Cannabis | GACP Standard | Anbau und Verarbeitung\" \/>\n<meta property=\"article:modified_time\" content=\"2024-09-23T08:32:07+00:00\" \/>\n<meta property=\"og:image\" content=\"https:\/\/tb-farming.com\/wp-content\/uploads\/2024\/03\/social-sharing.jpg\" \/>\n\t<meta property=\"og:image:width\" content=\"1200\" \/>\n\t<meta property=\"og:image:height\" content=\"675\" \/>\n\t<meta property=\"og:image:type\" content=\"image\/jpeg\" \/>\n<meta name=\"twitter:card\" content=\"summary_large_image\" \/>\n<meta name=\"twitter:label1\" content=\"Tempo di lettura stimato\" \/>\n\t<meta name=\"twitter:data1\" content=\"3 minuti\" \/>\n<script type=\"application\/ld+json\" class=\"yoast-schema-graph\">{\"@context\":\"https:\/\/schema.org\",\"@graph\":[{\"@type\":\"WebPage\",\"@id\":\"https:\/\/tb-farming.com\/it\/progetti\/allevamento-di-piante\/\",\"url\":\"https:\/\/tb-farming.com\/it\/progetti\/allevamento-di-piante\/\",\"name\":\"Allevamento di piante - Medizinisches Cannabis | GACP Standard | Anbau und Verarbeitung\",\"isPartOf\":{\"@id\":\"https:\/\/tb-farming.com\/it\/#website\"},\"datePublished\":\"2018-11-19T09:10:34+00:00\",\"dateModified\":\"2024-09-23T08:32:07+00:00\",\"description\":\"Le genetiche di cannabis allevate e registrate da TB Farming sono la chiave di volta per una produzione di successo e di alta qualit\u00e0.\",\"breadcrumb\":{\"@id\":\"https:\/\/tb-farming.com\/it\/progetti\/allevamento-di-piante\/#breadcrumb\"},\"inLanguage\":\"it-IT\",\"potentialAction\":[{\"@type\":\"ReadAction\",\"target\":[\"https:\/\/tb-farming.com\/it\/progetti\/allevamento-di-piante\/\"]}]},{\"@type\":\"BreadcrumbList\",\"@id\":\"https:\/\/tb-farming.com\/it\/progetti\/allevamento-di-piante\/#breadcrumb\",\"itemListElement\":[{\"@type\":\"ListItem\",\"position\":1,\"name\":\"Startseite\",\"item\":\"https:\/\/tb-farming.com\/it\/homepage\/\"},{\"@type\":\"ListItem\",\"position\":2,\"name\":\"Progetti\",\"item\":\"https:\/\/tb-farming.com\/it\/progetti\/\"},{\"@type\":\"ListItem\",\"position\":3,\"name\":\"Allevamento di piante\"}]},{\"@type\":\"WebSite\",\"@id\":\"https:\/\/tb-farming.com\/it\/#website\",\"url\":\"https:\/\/tb-farming.com\/it\/\",\"name\":\"Medizinisches Cannabis | GACP Standard | Anbau und Verarbeitung\",\"description\":\"together we grow.\",\"publisher\":{\"@id\":\"https:\/\/tb-farming.com\/it\/#organization\"},\"potentialAction\":[{\"@type\":\"SearchAction\",\"target\":{\"@type\":\"EntryPoint\",\"urlTemplate\":\"https:\/\/tb-farming.com\/it\/?s={search_term_string}\"},\"query-input\":{\"@type\":\"PropertyValueSpecification\",\"valueRequired\":true,\"valueName\":\"search_term_string\"}}],\"inLanguage\":\"it-IT\"},{\"@type\":\"Organization\",\"@id\":\"https:\/\/tb-farming.com\/it\/#organization\",\"name\":\"TB Farming AG\",\"url\":\"https:\/\/tb-farming.com\/it\/\",\"logo\":{\"@type\":\"ImageObject\",\"inLanguage\":\"it-IT\",\"@id\":\"https:\/\/tb-farming.com\/it\/#\/schema\/logo\/image\/\",\"url\":\"https:\/\/tb-farming.com\/wp-content\/uploads\/2024\/01\/TB-Farming-500x270-1.png\",\"contentUrl\":\"https:\/\/tb-farming.com\/wp-content\/uploads\/2024\/01\/TB-Farming-500x270-1.png\",\"width\":500,\"height\":270,\"caption\":\"TB Farming AG\"},\"image\":{\"@id\":\"https:\/\/tb-farming.com\/it\/#\/schema\/logo\/image\/\"},\"sameAs\":[\"https:\/\/www.linkedin.com\/company\/tb-farming-ag\/\",\"https:\/\/www.instagram.com\/tb.farming\/\"],\"email\":\"info@tbfarming.ch\",\"telephone\":\"+41(0) 71 642 10 91\",\"legalName\":\"TB Farming AG\",\"numberOfEmployees\":{\"@type\":\"QuantitativeValue\",\"minValue\":\"11\",\"maxValue\":\"50\"}}]}<\/script>\n<!-- \/ Yoast SEO Premium plugin. -->","yoast_head_json":{"title":"Allevamento di piante - Medizinisches Cannabis | GACP Standard | Anbau und Verarbeitung","description":"Le genetiche di cannabis allevate e registrate da TB Farming sono la chiave di volta per una produzione di successo e di alta qualit\u00e0.","robots":{"index":"index","follow":"follow","max-snippet":"max-snippet:-1","max-image-preview":"max-image-preview:large","max-video-preview":"max-video-preview:-1"},"canonical":"https:\/\/tb-farming.com\/it\/progetti\/allevamento-di-piante\/","og_locale":"it_IT","og_type":"article","og_title":"Allevamento di piante","og_description":"Le genetiche di cannabis allevate e registrate da TB Farming sono la chiave di volta per una produzione di successo e di alta qualit\u00e0.","og_url":"https:\/\/tb-farming.com\/it\/progetti\/allevamento-di-piante\/","og_site_name":"Medizinisches Cannabis | GACP Standard | Anbau und Verarbeitung","article_modified_time":"2024-09-23T08:32:07+00:00","og_image":[{"width":1200,"height":675,"url":"https:\/\/tb-farming.com\/wp-content\/uploads\/2024\/03\/social-sharing.jpg","type":"image\/jpeg"}],"twitter_card":"summary_large_image","twitter_misc":{"Tempo di lettura stimato":"3 minuti"},"schema":{"@context":"https:\/\/schema.org","@graph":[{"@type":"WebPage","@id":"https:\/\/tb-farming.com\/it\/progetti\/allevamento-di-piante\/","url":"https:\/\/tb-farming.com\/it\/progetti\/allevamento-di-piante\/","name":"Allevamento di piante - Medizinisches Cannabis | GACP Standard | Anbau und Verarbeitung","isPartOf":{"@id":"https:\/\/tb-farming.com\/it\/#website"},"datePublished":"2018-11-19T09:10:34+00:00","dateModified":"2024-09-23T08:32:07+00:00","description":"Le genetiche di cannabis allevate e registrate da TB Farming sono la chiave di volta per una produzione di successo e di alta qualit\u00e0.","breadcrumb":{"@id":"https:\/\/tb-farming.com\/it\/progetti\/allevamento-di-piante\/#breadcrumb"},"inLanguage":"it-IT","potentialAction":[{"@type":"ReadAction","target":["https:\/\/tb-farming.com\/it\/progetti\/allevamento-di-piante\/"]}]},{"@type":"BreadcrumbList","@id":"https:\/\/tb-farming.com\/it\/progetti\/allevamento-di-piante\/#breadcrumb","itemListElement":[{"@type":"ListItem","position":1,"name":"Startseite","item":"https:\/\/tb-farming.com\/it\/homepage\/"},{"@type":"ListItem","position":2,"name":"Progetti","item":"https:\/\/tb-farming.com\/it\/progetti\/"},{"@type":"ListItem","position":3,"name":"Allevamento di piante"}]},{"@type":"WebSite","@id":"https:\/\/tb-farming.com\/it\/#website","url":"https:\/\/tb-farming.com\/it\/","name":"Medizinisches Cannabis | GACP Standard | Anbau und Verarbeitung","description":"together we grow.","publisher":{"@id":"https:\/\/tb-farming.com\/it\/#organization"},"potentialAction":[{"@type":"SearchAction","target":{"@type":"EntryPoint","urlTemplate":"https:\/\/tb-farming.com\/it\/?s={search_term_string}"},"query-input":{"@type":"PropertyValueSpecification","valueRequired":true,"valueName":"search_term_string"}}],"inLanguage":"it-IT"},{"@type":"Organization","@id":"https:\/\/tb-farming.com\/it\/#organization","name":"TB Farming AG","url":"https:\/\/tb-farming.com\/it\/","logo":{"@type":"ImageObject","inLanguage":"it-IT","@id":"https:\/\/tb-farming.com\/it\/#\/schema\/logo\/image\/","url":"https:\/\/tb-farming.com\/wp-content\/uploads\/2024\/01\/TB-Farming-500x270-1.png","contentUrl":"https:\/\/tb-farming.com\/wp-content\/uploads\/2024\/01\/TB-Farming-500x270-1.png","width":500,"height":270,"caption":"TB Farming AG"},"image":{"@id":"https:\/\/tb-farming.com\/it\/#\/schema\/logo\/image\/"},"sameAs":["https:\/\/www.linkedin.com\/company\/tb-farming-ag\/","https:\/\/www.instagram.com\/tb.farming\/"],"email":"info@tbfarming.ch","telephone":"+41(0) 71 642 10 91","legalName":"TB Farming AG","numberOfEmployees":{"@type":"QuantitativeValue","minValue":"11","maxValue":"50"}}]}},"_links":{"self":[{"href":"https:\/\/tb-farming.com\/it\/wp-json\/wp\/v2\/pages\/2220","targetHints":{"allow":["GET"]}}],"collection":[{"href":"https:\/\/tb-farming.com\/it\/wp-json\/wp\/v2\/pages"}],"about":[{"href":"https:\/\/tb-farming.com\/it\/wp-json\/wp\/v2\/types\/page"}],"author":[{"embeddable":true,"href":"https:\/\/tb-farming.com\/it\/wp-json\/wp\/v2\/users\/1"}],"replies":[{"embeddable":true,"href":"https:\/\/tb-farming.com\/it\/wp-json\/wp\/v2\/comments?post=2220"}],"version-history":[{"count":1,"href":"https:\/\/tb-farming.com\/it\/wp-json\/wp\/v2\/pages\/2220\/revisions"}],"predecessor-version":[{"id":2231,"href":"https:\/\/tb-farming.com\/it\/wp-json\/wp\/v2\/pages\/2220\/revisions\/2231"}],"up":[{"embeddable":true,"href":"https:\/\/tb-farming.com\/it\/wp-json\/wp\/v2\/pages\/2247"}],"wp:attachment":[{"href":"https:\/\/tb-farming.com\/it\/wp-json\/wp\/v2\/media?parent=2220"}],"curies":[{"name":"wp","href":"https:\/\/api.w.org\/{rel}","templated":true}]}}