{"id":2206,"date":"2018-11-16T07:42:06","date_gmt":"2018-11-16T06:42:06","guid":{"rendered":"https:\/\/tb-farming.com\/produzione\/"},"modified":"2024-09-23T10:32:05","modified_gmt":"2024-09-23T08:32:05","slug":"produzione","status":"publish","type":"page","link":"https:\/\/tb-farming.com\/it\/produzione\/","title":{"rendered":"Produzione"},"content":{"rendered":"<div class=\"wpb-content-wrapper\"><p>[vc_row][vc_column][vc_column_text]<\/p>\n<p>[\/vc_column_text][\/vc_column][\/vc_row][vc_row][vc_column][vc_custom_heading text=&#8221;COLTIVAZIONE SECONDO LO STANDARD GACP&#8221; use_theme_fonts=&#8221;yes&#8221;][\/vc_column][\/vc_row][vc_row][vc_column width=&#8221;1\/2&#8243;][vc_column_text]<\/p>\n<h2>Buone pratiche agricole e di raccolta<\/h2>\n<p>  La produzione di cannabis \u00e8 soggetta a rigide linee guida per garantire qualit\u00e0 e sicurezza.<br \/>\nUn aspetto fondamentale \u00e8 lo <a href=\"https:\/\/tb-farming.com\/lexikon\/gacp-good-agricultural-and-collection-practice\/\">standard GACP<\/a>, che sta per &#8220;Buone pratiche agricole e di raccolta&#8221;.<br \/>\nQuesto standard \u00e8 essenziale per una produzione sostenibile di cannabis.<br \/>\nIn questo contesto, \u00e8 importante utilizzare metodi e attrezzature moderne per soddisfare i requisiti.<br \/>\nLa nostra azienda, un&#8217;azienda di cannabis integrata verticalmente, \u00e8 impegnata in questo approccio.<br \/>\nControlliamo internamente ogni fase del processo produttivo.<br \/>\nCi\u00f2 significa che seguiamo le <a href=\"https:\/\/tb-farming.com\/lexikon\/weed\/\">piante di cannabis<\/a> dalla pianta madre alle talee, alla coltivazione, alla fioritura e infine alla lavorazione.<br \/>\nIn questo processo confluiscono oltre 26 anni di esperienza e conoscenze approfondite.<br \/>\nNon perdiamo mai di vista la necessit\u00e0 di uno sviluppo continuo e tempestivo.          <\/p>\n<h2>Coltivazione biologica secondo lo standard GACP<\/h2>\n<p>  Diamo priorit\u00e0 alla coltivazione biologica.<br \/>\nLo standard GACP svolge un ruolo centrale in questo senso.<br \/>\nRispettando queste linee guida, non solo garantiamo la qualit\u00e0 e la sicurezza dei nostri prodotti, ma contribuiamo anche alla tutela dell&#8217;ambiente.<br \/>\nI nostri moderni metodi di coltivazione e le nostre strutture sono stati progettati appositamente per soddisfare gli standard GACP.<br \/>\nCi affidiamo a pratiche sostenibili per ridurre al minimo l&#8217;impatto ambientale della nostra produzione di cannabis.      <\/p>\n<h2>Qualit\u00e0 e sicurezza<\/h2>\n<p>  In sintesi, lo standard GACP \u00e8 una parte essenziale della nostra produzione di cannabis.<br \/>\nGrazie alla combinazione di molti anni di esperienza, di continui sviluppi e di una forte attenzione alla coltivazione biologica, garantiamo che i nostri prodotti non solo siano sicuri e di alta qualit\u00e0, ma anche prodotti in modo sostenibile.<br \/>\nL&#8217;integrazione di metodi e attrezzature moderne sottolinea il nostro impegno verso l&#8217;eccellenza e la tutela dell&#8217;ambiente nella produzione di cannabis.    <\/p>\n<h2>Lavorazione delicata<\/h2>\n<p>  Per garantire una qualit\u00e0 sempre elevata delle nostre materie prime e dei nostri prodotti, ci affidiamo alle tre H.<br \/>\n&#8220;Appeso, essiccato, tagliato e curato a mano&#8221;: questa lavorazione delicata garantisce la massima qualit\u00e0 possibile.   &nbsp;<\/p>\n<p>[\/vc_column_text][\/vc_column][vc_column width=&#8221;1\/2&#8243;][vc_gallery interval=&#8221;3&#8243; images=&#8221;1111,1112,1113,1114,1115,1116,1117,1118,1119,1120&#8243; img_size=&#8221;large&#8221;][\/vc_column][\/vc_row][vc_row][vc_column][vc_column_text]<span class=\"wixui-rich-text__text\">La nostra intera catena del valore si trova sotto lo stesso tetto.<br \/>\nIl nostro reparto di produzione lavora a stretto contatto con il reparto vendite e logistica ed \u00e8 coinvolto in un vivace dialogo con il reparto di sviluppo dei prodotti.   <\/span><\/p>\n<p>[\/vc_column_text][\/vc_column][\/vc_row][vc_row el_class=&#8221;bg-primary call-to-action&#8221; css=&#8221;.vc_custom_1542184444490{padding-top: 52px !important;padding-bottom: 52px !important;}&#8221;][vc_column offset=&#8221;vc_col-md-8&#8243;][vc_custom_heading text=&#8221;Produzione di cannabis secondo gli standard internazionali.&#8221; font_container=&#8221;tag:h3|text_align:left|color:%23ffffff&#8221; use_theme_fonts=&#8221;yes&#8221; css=&#8221;.vc_custom_1709194387222{margin-top: 10px !important;margin-bottom: 0px !important;}&#8221;][\/vc_column][vc_column offset=&#8221;vc_col-md-4&#8243;]\n    <div class=\"text-right\">\n        <a class=\"btn btn-medium btn-light  \" href=\"http:\/\/contact\/\" style=\"\">In Kontakt treten<\/a>\n    <\/div>\n\n    [\/vc_column][\/vc_row]<\/p>\n<\/div>","protected":false},"excerpt":{"rendered":"<p>[vc_row][vc_column][vc_column_text] [\/vc_column_text][\/vc_column][\/vc_row][vc_row][vc_column][vc_custom_heading text=&#8221;COLTIVAZIONE SECONDO LO STANDARD GACP&#8221; use_theme_fonts=&#8221;yes&#8221;][\/vc_column][\/vc_row][vc_row][vc_column width=&#8221;1\/2&#8243;][vc_column_text] Buone pratiche agricole e di raccolta La produzione di cannabis \u00e8 soggetta a rigide linee guida per garantire qualit\u00e0 e sicurezza. Un aspetto fondamentale \u00e8 lo standard GACP, che sta per &#8220;Buone pratiche agricole e di raccolta&#8221;. Questo standard \u00e8 essenziale per una produzione sostenibile di [&hellip;]<\/p>\n","protected":false},"author":1,"featured_media":0,"parent":0,"menu_order":0,"comment_status":"closed","ping_status":"closed","template":"","meta":{"footnotes":""},"class_list":["post-2206","page","type-page","status-publish","hentry"],"yoast_head":"<!-- This site is optimized with the Yoast SEO Premium plugin v24.0 (Yoast SEO v24.9) - https:\/\/yoast.com\/wordpress\/plugins\/seo\/ -->\n<title>Produzione - Medizinisches Cannabis | GACP Standard | Anbau und Verarbeitung<\/title>\n<meta name=\"description\" content=\"Cannabis terapeutica coltivata secondo lo standard GACP. Come la sicurezza, la qualit\u00e0 e la sostenibilit\u00e0 influenzano le piante.\" \/>\n<meta name=\"robots\" content=\"index, follow, max-snippet:-1, max-image-preview:large, max-video-preview:-1\" \/>\n<link rel=\"canonical\" href=\"https:\/\/tb-farming.com\/it\/produzione\/\" \/>\n<meta property=\"og:locale\" content=\"it_IT\" \/>\n<meta property=\"og:type\" content=\"article\" \/>\n<meta property=\"og:title\" content=\"Produzione\" \/>\n<meta property=\"og:description\" content=\"Cannabis terapeutica coltivata secondo lo standard GACP. Come la sicurezza, la qualit\u00e0 e la sostenibilit\u00e0 influenzano le piante.\" \/>\n<meta property=\"og:url\" content=\"https:\/\/tb-farming.com\/it\/produzione\/\" \/>\n<meta property=\"og:site_name\" content=\"Medizinisches Cannabis | GACP Standard | Anbau und Verarbeitung\" \/>\n<meta property=\"article:modified_time\" content=\"2024-09-23T08:32:05+00:00\" \/>\n<meta property=\"og:image\" content=\"https:\/\/tb-farming.com\/wp-content\/uploads\/2024\/03\/social-sharing.jpg\" \/>\n\t<meta property=\"og:image:width\" content=\"1200\" \/>\n\t<meta property=\"og:image:height\" content=\"675\" \/>\n\t<meta property=\"og:image:type\" content=\"image\/jpeg\" \/>\n<meta name=\"twitter:card\" content=\"summary_large_image\" \/>\n<meta name=\"twitter:label1\" content=\"Tempo di lettura stimato\" \/>\n\t<meta name=\"twitter:data1\" content=\"3 minuti\" \/>\n<script type=\"application\/ld+json\" class=\"yoast-schema-graph\">{\"@context\":\"https:\/\/schema.org\",\"@graph\":[{\"@type\":\"WebPage\",\"@id\":\"https:\/\/tb-farming.com\/it\/produzione\/\",\"url\":\"https:\/\/tb-farming.com\/it\/produzione\/\",\"name\":\"Produzione - Medizinisches Cannabis | GACP Standard | Anbau und Verarbeitung\",\"isPartOf\":{\"@id\":\"https:\/\/tb-farming.com\/it\/#website\"},\"datePublished\":\"2018-11-16T06:42:06+00:00\",\"dateModified\":\"2024-09-23T08:32:05+00:00\",\"description\":\"Cannabis terapeutica coltivata secondo lo standard GACP. Come la sicurezza, la qualit\u00e0 e la sostenibilit\u00e0 influenzano le piante.\",\"breadcrumb\":{\"@id\":\"https:\/\/tb-farming.com\/it\/produzione\/#breadcrumb\"},\"inLanguage\":\"it-IT\",\"potentialAction\":[{\"@type\":\"ReadAction\",\"target\":[\"https:\/\/tb-farming.com\/it\/produzione\/\"]}]},{\"@type\":\"BreadcrumbList\",\"@id\":\"https:\/\/tb-farming.com\/it\/produzione\/#breadcrumb\",\"itemListElement\":[{\"@type\":\"ListItem\",\"position\":1,\"name\":\"Startseite\",\"item\":\"https:\/\/tb-farming.com\/it\/homepage\/\"},{\"@type\":\"ListItem\",\"position\":2,\"name\":\"Produzione\"}]},{\"@type\":\"WebSite\",\"@id\":\"https:\/\/tb-farming.com\/it\/#website\",\"url\":\"https:\/\/tb-farming.com\/it\/\",\"name\":\"Medizinisches Cannabis | GACP Standard | Anbau und Verarbeitung\",\"description\":\"together we grow.\",\"publisher\":{\"@id\":\"https:\/\/tb-farming.com\/it\/#organization\"},\"potentialAction\":[{\"@type\":\"SearchAction\",\"target\":{\"@type\":\"EntryPoint\",\"urlTemplate\":\"https:\/\/tb-farming.com\/it\/?s={search_term_string}\"},\"query-input\":{\"@type\":\"PropertyValueSpecification\",\"valueRequired\":true,\"valueName\":\"search_term_string\"}}],\"inLanguage\":\"it-IT\"},{\"@type\":\"Organization\",\"@id\":\"https:\/\/tb-farming.com\/it\/#organization\",\"name\":\"TB Farming AG\",\"url\":\"https:\/\/tb-farming.com\/it\/\",\"logo\":{\"@type\":\"ImageObject\",\"inLanguage\":\"it-IT\",\"@id\":\"https:\/\/tb-farming.com\/it\/#\/schema\/logo\/image\/\",\"url\":\"https:\/\/tb-farming.com\/wp-content\/uploads\/2024\/01\/TB-Farming-500x270-1.png\",\"contentUrl\":\"https:\/\/tb-farming.com\/wp-content\/uploads\/2024\/01\/TB-Farming-500x270-1.png\",\"width\":500,\"height\":270,\"caption\":\"TB Farming AG\"},\"image\":{\"@id\":\"https:\/\/tb-farming.com\/it\/#\/schema\/logo\/image\/\"},\"sameAs\":[\"https:\/\/www.linkedin.com\/company\/tb-farming-ag\/\",\"https:\/\/www.instagram.com\/tb.farming\/\"],\"email\":\"info@tbfarming.ch\",\"telephone\":\"+41(0) 71 642 10 91\",\"legalName\":\"TB Farming AG\",\"numberOfEmployees\":{\"@type\":\"QuantitativeValue\",\"minValue\":\"11\",\"maxValue\":\"50\"}}]}<\/script>\n<!-- \/ Yoast SEO Premium plugin. -->","yoast_head_json":{"title":"Produzione - Medizinisches Cannabis | GACP Standard | Anbau und Verarbeitung","description":"Cannabis terapeutica coltivata secondo lo standard GACP. Come la sicurezza, la qualit\u00e0 e la sostenibilit\u00e0 influenzano le piante.","robots":{"index":"index","follow":"follow","max-snippet":"max-snippet:-1","max-image-preview":"max-image-preview:large","max-video-preview":"max-video-preview:-1"},"canonical":"https:\/\/tb-farming.com\/it\/produzione\/","og_locale":"it_IT","og_type":"article","og_title":"Produzione","og_description":"Cannabis terapeutica coltivata secondo lo standard GACP. Come la sicurezza, la qualit\u00e0 e la sostenibilit\u00e0 influenzano le piante.","og_url":"https:\/\/tb-farming.com\/it\/produzione\/","og_site_name":"Medizinisches Cannabis | GACP Standard | Anbau und Verarbeitung","article_modified_time":"2024-09-23T08:32:05+00:00","og_image":[{"width":1200,"height":675,"url":"https:\/\/tb-farming.com\/wp-content\/uploads\/2024\/03\/social-sharing.jpg","type":"image\/jpeg"}],"twitter_card":"summary_large_image","twitter_misc":{"Tempo di lettura stimato":"3 minuti"},"schema":{"@context":"https:\/\/schema.org","@graph":[{"@type":"WebPage","@id":"https:\/\/tb-farming.com\/it\/produzione\/","url":"https:\/\/tb-farming.com\/it\/produzione\/","name":"Produzione - Medizinisches Cannabis | GACP Standard | Anbau und Verarbeitung","isPartOf":{"@id":"https:\/\/tb-farming.com\/it\/#website"},"datePublished":"2018-11-16T06:42:06+00:00","dateModified":"2024-09-23T08:32:05+00:00","description":"Cannabis terapeutica coltivata secondo lo standard GACP. Come la sicurezza, la qualit\u00e0 e la sostenibilit\u00e0 influenzano le piante.","breadcrumb":{"@id":"https:\/\/tb-farming.com\/it\/produzione\/#breadcrumb"},"inLanguage":"it-IT","potentialAction":[{"@type":"ReadAction","target":["https:\/\/tb-farming.com\/it\/produzione\/"]}]},{"@type":"BreadcrumbList","@id":"https:\/\/tb-farming.com\/it\/produzione\/#breadcrumb","itemListElement":[{"@type":"ListItem","position":1,"name":"Startseite","item":"https:\/\/tb-farming.com\/it\/homepage\/"},{"@type":"ListItem","position":2,"name":"Produzione"}]},{"@type":"WebSite","@id":"https:\/\/tb-farming.com\/it\/#website","url":"https:\/\/tb-farming.com\/it\/","name":"Medizinisches Cannabis | GACP Standard | Anbau und Verarbeitung","description":"together we grow.","publisher":{"@id":"https:\/\/tb-farming.com\/it\/#organization"},"potentialAction":[{"@type":"SearchAction","target":{"@type":"EntryPoint","urlTemplate":"https:\/\/tb-farming.com\/it\/?s={search_term_string}"},"query-input":{"@type":"PropertyValueSpecification","valueRequired":true,"valueName":"search_term_string"}}],"inLanguage":"it-IT"},{"@type":"Organization","@id":"https:\/\/tb-farming.com\/it\/#organization","name":"TB Farming AG","url":"https:\/\/tb-farming.com\/it\/","logo":{"@type":"ImageObject","inLanguage":"it-IT","@id":"https:\/\/tb-farming.com\/it\/#\/schema\/logo\/image\/","url":"https:\/\/tb-farming.com\/wp-content\/uploads\/2024\/01\/TB-Farming-500x270-1.png","contentUrl":"https:\/\/tb-farming.com\/wp-content\/uploads\/2024\/01\/TB-Farming-500x270-1.png","width":500,"height":270,"caption":"TB Farming AG"},"image":{"@id":"https:\/\/tb-farming.com\/it\/#\/schema\/logo\/image\/"},"sameAs":["https:\/\/www.linkedin.com\/company\/tb-farming-ag\/","https:\/\/www.instagram.com\/tb.farming\/"],"email":"info@tbfarming.ch","telephone":"+41(0) 71 642 10 91","legalName":"TB Farming AG","numberOfEmployees":{"@type":"QuantitativeValue","minValue":"11","maxValue":"50"}}]}},"_links":{"self":[{"href":"https:\/\/tb-farming.com\/it\/wp-json\/wp\/v2\/pages\/2206","targetHints":{"allow":["GET"]}}],"collection":[{"href":"https:\/\/tb-farming.com\/it\/wp-json\/wp\/v2\/pages"}],"about":[{"href":"https:\/\/tb-farming.com\/it\/wp-json\/wp\/v2\/types\/page"}],"author":[{"embeddable":true,"href":"https:\/\/tb-farming.com\/it\/wp-json\/wp\/v2\/users\/1"}],"replies":[{"embeddable":true,"href":"https:\/\/tb-farming.com\/it\/wp-json\/wp\/v2\/comments?post=2206"}],"version-history":[{"count":1,"href":"https:\/\/tb-farming.com\/it\/wp-json\/wp\/v2\/pages\/2206\/revisions"}],"predecessor-version":[{"id":2217,"href":"https:\/\/tb-farming.com\/it\/wp-json\/wp\/v2\/pages\/2206\/revisions\/2217"}],"wp:attachment":[{"href":"https:\/\/tb-farming.com\/it\/wp-json\/wp\/v2\/media?parent=2206"}],"curies":[{"name":"wp","href":"https:\/\/api.w.org\/{rel}","templated":true}]}}