{"id":2168,"date":"2024-01-10T11:50:25","date_gmt":"2024-01-10T10:50:25","guid":{"rendered":"https:\/\/tb-farming.com\/impronta\/"},"modified":"2025-01-14T10:47:27","modified_gmt":"2025-01-14T09:47:27","slug":"impronta","status":"publish","type":"page","link":"https:\/\/tb-farming.com\/it\/impronta\/","title":{"rendered":"IMPRONTA"},"content":{"rendered":"<div class=\"wpb-content-wrapper\"><p>[vc_row][vc_column][vc_column_text css=&#8221;&#8221;][\/vc_column_text][\/vc_column][\/vc_row][vc_row][vc_column][vc_column_text css=&#8221;&#8221;]<\/p>\n<p><strong>TB Farming AG<\/strong><\/p>\n<p><!-- \/wp:post-content --><\/p>\n<p><!-- wp:paragraph --><br \/>Thurbruggstrasse 4 9215 Sch\u00f6nenberg an der Thur<\/p>\n<p><!-- \/wp:paragraph --><\/p>\n<p><!-- wp:paragraph -->+41 (0)41 71 642 10 91<\/p>\n<p><!-- \/wp:paragraph --><\/p>\n<p><!-- wp:paragraph --><br \/>info@tbfarming.chw<a href=\"mailto:info@tbfarming.ch\">ww.tbfarming.ch<\/a><\/p>\n<p>[\/vc_column_text][\/vc_column][\/vc_row][vc_row][vc_column][vc_column_text css=&#8221;&#8221;]<!-- \/wp:paragraph --><\/p>\n<p><!-- wp:heading {\"style\":{\"typography\":{\"fontSize\":38,\"lineHeight\":\"1.4\"}}} --><\/p>\n<h2 class=\"wp-block-heading\" style=\"font-size: 38px; line-height: 1.4;\">Informazioni legali<\/h2>\n<p><!-- \/wp:heading --> <\/p>\n<p><!-- wp:columns --><\/p>\n<div class=\"wp-block-columns\"><!-- wp:column --><\/p>\n<div class=\"wp-block-column\">\n<p><!-- wp:paragraph -->Questo sito web \u00e8 stato creato per offrire informazioni generali su TB Farming AG e sui suoi prodotti.<br \/>\nLe pagine generalmente accessibili non contengono consigli medici. <\/p>\n<p><!-- \/wp:paragraph --><\/p>\n<p><!-- wp:paragraph -->L&#8217;utente del sito web riconosce che l&#8217;uso del sito web e delle pagine ad esso collegate \u00e8 esclusivamente a suo rischio e pericolo e che n\u00e9 TB Farming AG n\u00e9 qualsiasi altra parte coinvolta nella creazione del sito web si assume alcuna responsabilit\u00e0 per danni diretti, indiretti o consequenziali di qualsiasi tipo.<\/p>\n<p><!-- \/wp:paragraph --><\/p>\n<p><!-- wp:paragraph {\"style\":{\"typography\":{\"fontSize\":18}}} --><\/p>\n<p style=\"font-size: 18px;\">TB Farming AG ha compiuto ogni sforzo per fornire informazioni corrette e aggiornate.<br \/>\nSi esclude qualsiasi responsabilit\u00e0 per la completezza e l&#8217;accuratezza delle informazioni contenute in queste pagine, espressa o implicita. <\/p>\n<p><!-- \/wp:paragraph --><\/p>\n<p><!-- wp:paragraph -->Il sito web di TB Farming AG contiene anche link ad altri siti web.<br \/>\nPoich\u00e9 TB Farming AG non ha alcuna influenza sul contenuto di queste pagine, si declina qualsiasi responsabilit\u00e0 derivante da esse. <\/p>\n<p><!-- \/wp:paragraph --><\/p>\n<p><!-- wp:paragraph --><br \/>Tutte le informazioni contenute in questo sito web sono di propriet\u00e0 di TB Farming AG. \u00c8 vietato qualsiasi utilizzo di tali informazioni senza il preventivo consenso scritto di TB Farming AG.<\/p>\n<p><!-- \/wp:paragraph --><\/p>\n<p><!-- wp:paragraph -->Ci riserviamo il diritto di modificare il contenuto di questo sito web senza preavviso.<br \/>\nNon ci assumiamo alcuna responsabilit\u00e0 per le conseguenze di tali modifiche. <\/p>\n<p><!-- \/wp:paragraph --><\/p>\n<\/div>\n<p><!-- \/wp:column --><\/p>\n<\/div>\n<p><!-- \/wp:columns --><\/p>\n<p><!-- wp:paragraph -->Handelsregister-Nr.: CH-440.3.030.959-0<\/p>\n<p><!-- \/wp:paragraph --> <\/p>\n<p>[\/vc_column_text][\/vc_column][\/vc_row]<\/p>\n<\/div>","protected":false},"excerpt":{"rendered":"<p>[vc_row][vc_column][vc_column_text css=&#8221;&#8221;][\/vc_column_text][\/vc_column][\/vc_row][vc_row][vc_column][vc_column_text css=&#8221;&#8221;] TB Farming AG Thurbruggstrasse 4 9215 Sch\u00f6nenberg an der Thur +41 (0)41 71 642 10 91 info@tbfarming.chwww.tbfarming.ch [\/vc_column_text][\/vc_column][\/vc_row][vc_row][vc_column][vc_column_text css=&#8221;&#8221;] Informazioni legali Questo sito web \u00e8 stato creato per offrire informazioni generali su TB Farming AG e sui suoi prodotti. Le pagine generalmente accessibili non contengono consigli medici. L&#8217;utente del sito web riconosce [&hellip;]<\/p>\n","protected":false},"author":1,"featured_media":0,"parent":0,"menu_order":0,"comment_status":"closed","ping_status":"closed","template":"","meta":{"footnotes":""},"class_list":["post-2168","page","type-page","status-publish","hentry"],"yoast_head":"<!-- This site is optimized with the Yoast SEO Premium plugin v24.0 (Yoast SEO v24.9) - https:\/\/yoast.com\/wordpress\/plugins\/seo\/ -->\n<title>IMPRONTA - Medizinisches Cannabis | GACP Standard | Anbau und Verarbeitung<\/title>\n<meta name=\"robots\" content=\"index, follow, max-snippet:-1, max-image-preview:large, max-video-preview:-1\" \/>\n<link rel=\"canonical\" href=\"https:\/\/tb-farming.com\/it\/impronta\/\" \/>\n<meta property=\"og:locale\" content=\"it_IT\" \/>\n<meta property=\"og:type\" content=\"article\" \/>\n<meta property=\"og:title\" content=\"IMPRONTA\" \/>\n<meta property=\"og:description\" content=\"[vc_row][vc_column][vc_column_text css=&#8221;&#8221;][\/vc_column_text][\/vc_column][\/vc_row][vc_row][vc_column][vc_column_text css=&#8221;&#8221;] TB Farming AG Thurbruggstrasse 4 9215 Sch\u00f6nenberg an der Thur +41 (0)41 71 642 10 91 info@tbfarming.chwww.tbfarming.ch [\/vc_column_text][\/vc_column][\/vc_row][vc_row][vc_column][vc_column_text css=&#8221;&#8221;] Informazioni legali Questo sito web \u00e8 stato creato per offrire informazioni generali su TB Farming AG e sui suoi prodotti. Le pagine generalmente accessibili non contengono consigli medici. L&#8217;utente del sito web riconosce [&hellip;]\" \/>\n<meta property=\"og:url\" content=\"https:\/\/tb-farming.com\/it\/impronta\/\" \/>\n<meta property=\"og:site_name\" content=\"Medizinisches Cannabis | GACP Standard | Anbau und Verarbeitung\" \/>\n<meta property=\"article:modified_time\" content=\"2025-01-14T09:47:27+00:00\" \/>\n<meta property=\"og:image\" content=\"https:\/\/tb-farming.com\/wp-content\/uploads\/2024\/03\/social-sharing.jpg\" \/>\n\t<meta property=\"og:image:width\" content=\"1200\" \/>\n\t<meta property=\"og:image:height\" content=\"675\" \/>\n\t<meta property=\"og:image:type\" content=\"image\/jpeg\" \/>\n<meta name=\"twitter:card\" content=\"summary_large_image\" \/>\n<meta name=\"twitter:label1\" content=\"Tempo di lettura stimato\" \/>\n\t<meta name=\"twitter:data1\" content=\"1 minuto\" \/>\n<script type=\"application\/ld+json\" class=\"yoast-schema-graph\">{\"@context\":\"https:\/\/schema.org\",\"@graph\":[{\"@type\":\"WebPage\",\"@id\":\"https:\/\/tb-farming.com\/it\/impronta\/\",\"url\":\"https:\/\/tb-farming.com\/it\/impronta\/\",\"name\":\"IMPRONTA - Medizinisches Cannabis | GACP Standard | Anbau und Verarbeitung\",\"isPartOf\":{\"@id\":\"https:\/\/tb-farming.com\/it\/#website\"},\"datePublished\":\"2024-01-10T10:50:25+00:00\",\"dateModified\":\"2025-01-14T09:47:27+00:00\",\"breadcrumb\":{\"@id\":\"https:\/\/tb-farming.com\/it\/impronta\/#breadcrumb\"},\"inLanguage\":\"it-IT\",\"potentialAction\":[{\"@type\":\"ReadAction\",\"target\":[\"https:\/\/tb-farming.com\/it\/impronta\/\"]}]},{\"@type\":\"BreadcrumbList\",\"@id\":\"https:\/\/tb-farming.com\/it\/impronta\/#breadcrumb\",\"itemListElement\":[{\"@type\":\"ListItem\",\"position\":1,\"name\":\"Startseite\",\"item\":\"https:\/\/tb-farming.com\/it\/homepage\/\"},{\"@type\":\"ListItem\",\"position\":2,\"name\":\"IMPRONTA\"}]},{\"@type\":\"WebSite\",\"@id\":\"https:\/\/tb-farming.com\/it\/#website\",\"url\":\"https:\/\/tb-farming.com\/it\/\",\"name\":\"Medizinisches Cannabis | GACP Standard | Anbau und Verarbeitung\",\"description\":\"together we grow.\",\"publisher\":{\"@id\":\"https:\/\/tb-farming.com\/it\/#organization\"},\"potentialAction\":[{\"@type\":\"SearchAction\",\"target\":{\"@type\":\"EntryPoint\",\"urlTemplate\":\"https:\/\/tb-farming.com\/it\/?s={search_term_string}\"},\"query-input\":{\"@type\":\"PropertyValueSpecification\",\"valueRequired\":true,\"valueName\":\"search_term_string\"}}],\"inLanguage\":\"it-IT\"},{\"@type\":\"Organization\",\"@id\":\"https:\/\/tb-farming.com\/it\/#organization\",\"name\":\"TB Farming AG\",\"url\":\"https:\/\/tb-farming.com\/it\/\",\"logo\":{\"@type\":\"ImageObject\",\"inLanguage\":\"it-IT\",\"@id\":\"https:\/\/tb-farming.com\/it\/#\/schema\/logo\/image\/\",\"url\":\"https:\/\/tb-farming.com\/wp-content\/uploads\/2024\/01\/TB-Farming-500x270-1.png\",\"contentUrl\":\"https:\/\/tb-farming.com\/wp-content\/uploads\/2024\/01\/TB-Farming-500x270-1.png\",\"width\":500,\"height\":270,\"caption\":\"TB Farming AG\"},\"image\":{\"@id\":\"https:\/\/tb-farming.com\/it\/#\/schema\/logo\/image\/\"},\"sameAs\":[\"https:\/\/www.linkedin.com\/company\/tb-farming-ag\/\",\"https:\/\/www.instagram.com\/tb.farming\/\"],\"email\":\"info@tbfarming.ch\",\"telephone\":\"+41(0) 71 642 10 91\",\"legalName\":\"TB Farming AG\",\"numberOfEmployees\":{\"@type\":\"QuantitativeValue\",\"minValue\":\"11\",\"maxValue\":\"50\"}}]}<\/script>\n<!-- \/ Yoast SEO Premium plugin. -->","yoast_head_json":{"title":"IMPRONTA - Medizinisches Cannabis | GACP Standard | Anbau und Verarbeitung","robots":{"index":"index","follow":"follow","max-snippet":"max-snippet:-1","max-image-preview":"max-image-preview:large","max-video-preview":"max-video-preview:-1"},"canonical":"https:\/\/tb-farming.com\/it\/impronta\/","og_locale":"it_IT","og_type":"article","og_title":"IMPRONTA","og_description":"[vc_row][vc_column][vc_column_text css=&#8221;&#8221;][\/vc_column_text][\/vc_column][\/vc_row][vc_row][vc_column][vc_column_text css=&#8221;&#8221;] TB Farming AG Thurbruggstrasse 4 9215 Sch\u00f6nenberg an der Thur +41 (0)41 71 642 10 91 info@tbfarming.chwww.tbfarming.ch [\/vc_column_text][\/vc_column][\/vc_row][vc_row][vc_column][vc_column_text css=&#8221;&#8221;] Informazioni legali Questo sito web \u00e8 stato creato per offrire informazioni generali su TB Farming AG e sui suoi prodotti. Le pagine generalmente accessibili non contengono consigli medici. L&#8217;utente del sito web riconosce [&hellip;]","og_url":"https:\/\/tb-farming.com\/it\/impronta\/","og_site_name":"Medizinisches Cannabis | GACP Standard | Anbau und Verarbeitung","article_modified_time":"2025-01-14T09:47:27+00:00","og_image":[{"width":1200,"height":675,"url":"https:\/\/tb-farming.com\/wp-content\/uploads\/2024\/03\/social-sharing.jpg","type":"image\/jpeg"}],"twitter_card":"summary_large_image","twitter_misc":{"Tempo di lettura stimato":"1 minuto"},"schema":{"@context":"https:\/\/schema.org","@graph":[{"@type":"WebPage","@id":"https:\/\/tb-farming.com\/it\/impronta\/","url":"https:\/\/tb-farming.com\/it\/impronta\/","name":"IMPRONTA - Medizinisches Cannabis | GACP Standard | Anbau und Verarbeitung","isPartOf":{"@id":"https:\/\/tb-farming.com\/it\/#website"},"datePublished":"2024-01-10T10:50:25+00:00","dateModified":"2025-01-14T09:47:27+00:00","breadcrumb":{"@id":"https:\/\/tb-farming.com\/it\/impronta\/#breadcrumb"},"inLanguage":"it-IT","potentialAction":[{"@type":"ReadAction","target":["https:\/\/tb-farming.com\/it\/impronta\/"]}]},{"@type":"BreadcrumbList","@id":"https:\/\/tb-farming.com\/it\/impronta\/#breadcrumb","itemListElement":[{"@type":"ListItem","position":1,"name":"Startseite","item":"https:\/\/tb-farming.com\/it\/homepage\/"},{"@type":"ListItem","position":2,"name":"IMPRONTA"}]},{"@type":"WebSite","@id":"https:\/\/tb-farming.com\/it\/#website","url":"https:\/\/tb-farming.com\/it\/","name":"Medizinisches Cannabis | GACP Standard | Anbau und Verarbeitung","description":"together we grow.","publisher":{"@id":"https:\/\/tb-farming.com\/it\/#organization"},"potentialAction":[{"@type":"SearchAction","target":{"@type":"EntryPoint","urlTemplate":"https:\/\/tb-farming.com\/it\/?s={search_term_string}"},"query-input":{"@type":"PropertyValueSpecification","valueRequired":true,"valueName":"search_term_string"}}],"inLanguage":"it-IT"},{"@type":"Organization","@id":"https:\/\/tb-farming.com\/it\/#organization","name":"TB Farming AG","url":"https:\/\/tb-farming.com\/it\/","logo":{"@type":"ImageObject","inLanguage":"it-IT","@id":"https:\/\/tb-farming.com\/it\/#\/schema\/logo\/image\/","url":"https:\/\/tb-farming.com\/wp-content\/uploads\/2024\/01\/TB-Farming-500x270-1.png","contentUrl":"https:\/\/tb-farming.com\/wp-content\/uploads\/2024\/01\/TB-Farming-500x270-1.png","width":500,"height":270,"caption":"TB Farming AG"},"image":{"@id":"https:\/\/tb-farming.com\/it\/#\/schema\/logo\/image\/"},"sameAs":["https:\/\/www.linkedin.com\/company\/tb-farming-ag\/","https:\/\/www.instagram.com\/tb.farming\/"],"email":"info@tbfarming.ch","telephone":"+41(0) 71 642 10 91","legalName":"TB Farming AG","numberOfEmployees":{"@type":"QuantitativeValue","minValue":"11","maxValue":"50"}}]}},"_links":{"self":[{"href":"https:\/\/tb-farming.com\/it\/wp-json\/wp\/v2\/pages\/2168","targetHints":{"allow":["GET"]}}],"collection":[{"href":"https:\/\/tb-farming.com\/it\/wp-json\/wp\/v2\/pages"}],"about":[{"href":"https:\/\/tb-farming.com\/it\/wp-json\/wp\/v2\/types\/page"}],"author":[{"embeddable":true,"href":"https:\/\/tb-farming.com\/it\/wp-json\/wp\/v2\/users\/1"}],"replies":[{"embeddable":true,"href":"https:\/\/tb-farming.com\/it\/wp-json\/wp\/v2\/comments?post=2168"}],"version-history":[{"count":3,"href":"https:\/\/tb-farming.com\/it\/wp-json\/wp\/v2\/pages\/2168\/revisions"}],"predecessor-version":[{"id":2671,"href":"https:\/\/tb-farming.com\/it\/wp-json\/wp\/v2\/pages\/2168\/revisions\/2671"}],"wp:attachment":[{"href":"https:\/\/tb-farming.com\/it\/wp-json\/wp\/v2\/media?parent=2168"}],"curies":[{"name":"wp","href":"https:\/\/api.w.org\/{rel}","templated":true}]}}