{"id":2094,"date":"2024-03-01T13:11:04","date_gmt":"2024-03-01T12:11:04","guid":{"rendered":"https:\/\/tb-farming.com\/premi-cbd\/"},"modified":"2024-09-23T10:31:44","modified_gmt":"2024-09-23T08:31:44","slug":"premi-cbd","status":"publish","type":"page","link":"https:\/\/tb-farming.com\/it\/premi-cbd\/","title":{"rendered":"Premi CBD"},"content":{"rendered":"<div class=\"wpb-content-wrapper\"><p>[vc_row][vc_column][vc_column_text]<\/p>\n<p>[\/vc_column_text][\/vc_column][\/vc_row][vc_row][vc_column][vc_custom_heading text=&#8221;I nostri premiati prodotti a base di cannabis CBD&#8221; use_theme_fonts=&#8221;yes&#8221;][\/vc_column][\/vc_row][vc_row][vc_column][vc_column_text]<\/p>\n<div class=\"flex flex-grow flex-col max-w-full\">\n<div class=\"min-h-[20px] text-message flex flex-col items-start gap-3 whitespace-pre-wrap break-words [.text-message+&amp;]:mt-5 overflow-x-auto\" data-message-author-role=\"assistant\" data-message-id=\"10cde5d1-d0c6-4ccc-a43e-f8c8dfb5268f\">\n<div class=\"markdown prose w-full break-words dark:prose-invert dark\">  La giuria della <a href=\"https:\/\/www.cannaswisscup.ch\/\">CannaSwissCup<\/a> ha ripetutamente premiato i <a href=\"https:\/\/tb-farming.com\/produktion-von-medizinischem-cannabis-nach-gacp-standard\/legales-cannabis\/\">prodotti a base di cannabis CBD<\/a> di TB Farming AG con diversi riconoscimenti nel 2017 e nel 2018.<br \/>\nTra le variet\u00e0 di piante di cannabis di produzione propria, \u00e8 stata premiata in particolare la <a href=\"https:\/\/arturcannabis.ch\/de\/\">variet\u00e0 di CBD<\/a> Erdbeerli <a href=\"https:\/\/arturcannabis.ch\/de\/\">di Artur Cannabis<\/a>.<br \/>\nSiamo quindi lieti di presentare qui un riassunto dei nostri premi per la cannabis CBD: <strong>CannaSwissCup 2017:<\/strong>  <\/p>\n<ul>\n<li>&#8220;B-1448 Original Strawberry CBD&#8221; di TB Farming AG si \u00e8 aggiudicato il secondo posto nella categoria &#8220;Greenhouse&#8221; e &#8220;B-1337&#8221; il terzo posto nella categoria &#8220;Indoor&#8221;.<\/li>\n<\/ul>\n<p><strong>CannaSwissCup 2018\/19:<\/strong><\/p>\n<ul>\n<li>Nel 2018, il CBD &#8220;Original Artur Erdbeerli&#8221; si \u00e8 aggiudicato nuovamente il terzo posto nella categoria &#8220;Greenhouse&#8221; per il suo aspetto e il suo sapore.<\/li>\n<\/ul>\n<p>  Questi premi della Canna Swiss Cup sono un&#8217;ulteriore prova del continuo <a href=\"https:\/\/tb-farming.com\/produktion-von-medizinischem-cannabis-nach-gacp-standard\/\">lavoro di qualit\u00e0<\/a> di TB Farming AG nella produzione di <a href=\"https:\/\/tb-farming.com\/lexikon\/cannabidiol-cbd\/\">cannabis CBD<\/a> di alta qualit\u00e0.  <\/div>\n<\/div>\n<\/div>\n<p>[\/vc_column_text][\/vc_column][\/vc_row][vc_row][vc_column width=&#8221;1\/3&#8243;][vc_single_image image=&#8221;1417&#8243; img_size=&#8221;full&#8221;][\/vc_column][vc_column width=&#8221;1\/3&#8243;][vc_single_image image=&#8221;1416&#8243; img_size=&#8221;full&#8221;][\/vc_column][vc_column width=&#8221;1\/3&#8243;][vc_single_image image=&#8221;1415&#8243; img_size=&#8221;full&#8221;][\/vc_column][\/vc_row][vc_row][vc_column][vc_column_text]<\/p>\n<div class=\"flex flex-grow flex-col max-w-full\">\n<div class=\"min-h-[20px] text-message flex flex-col items-start gap-3 whitespace-pre-wrap break-words [.text-message+&amp;]:mt-5 overflow-x-auto\" data-message-author-role=\"assistant\" data-message-id=\"c8301018-04da-446d-975a-caa3de71e6aa\">\n<div class=\"markdown prose w-full break-words dark:prose-invert dark\">\n<h3><strong>Vinci preziosi premi con il Concorso Artur CBD Cannabis 2024!<\/strong><\/h3>\n<p>  Immergiti nel mondo della cannabis Artur CBD!<br \/>\nPartecipa all&#8217;emozionante concorso per vincere fantastici premi.<br \/>\nOgni mese regaliamo a tutti i partecipanti uno splendido vaporizzatore IVEN.<br \/>\nQuesto vaporizzatore di qualit\u00e0 superiore porter\u00e0 la tua esperienza con la cannabis CBD a un livello superiore.     <\/p>\n<h4>Ma non \u00e8 tutto!<\/h4>\n<p>  Inoltre, un fortunato vincitore sar\u00e0 premiato con un chilogrammo di fiori di CBD a sua scelta alla fine del 2024.<br \/>\nImmagina di poter finalmente gustare la tua selezione di fiori di CBD di alta qualit\u00e0, coltivati e selezionati con cura da Artur CBD Cannabis.   <\/p>\n<h5>Tra l&#8217;altro, partecipare \u00e8 molto semplice:<\/h5>\n<ol>\n<li>Visita il nostro sito web e registrati al concorso.<br \/>\nNon \u00e8 necessario effettuare un acquisto, puoi vincere un vaporizzatore IVEN e partecipare automaticamente all&#8217;estrazione principale. <\/li>\n<\/ol>\n<p>  Cosa stai aspettando?<br \/>\nPartecipa al Concorso Artur Cannabis 2024 e assicurati la possibilit\u00e0 di vincere questi fantastici premi.<br \/>\nNon perdere l&#8217;opportunit\u00e0 di vincere un chilogrammo della migliore cannabis CBD.    <\/p><\/div>\n<\/div>\n<\/div>\n<p>[\/vc_column_text][\/vc_column][\/vc_row][vc_row][vc_column][vc_single_image image=&#8221;1469&#8243; img_size=&#8221;full&#8221; alignment=&#8221;center&#8221; onclick=&#8221;custom_link&#8221; img_link_target=&#8221;_blank&#8221; link=&#8221;https:\/\/artur-cannabis.com\/&#8221;][\/vc_column][\/vc_row]<\/p>\n<\/div>","protected":false},"excerpt":{"rendered":"<p>[vc_row][vc_column][vc_column_text] [\/vc_column_text][\/vc_column][\/vc_row][vc_row][vc_column][vc_custom_heading text=&#8221;I nostri premiati prodotti a base di cannabis CBD&#8221; use_theme_fonts=&#8221;yes&#8221;][\/vc_column][\/vc_row][vc_row][vc_column][vc_column_text] La giuria della CannaSwissCup ha ripetutamente premiato i prodotti a base di cannabis CBD di TB Farming AG con diversi riconoscimenti nel 2017 e nel 2018. Tra le variet\u00e0 di piante di cannabis di produzione propria, \u00e8 stata premiata in particolare la variet\u00e0 [&hellip;]<\/p>\n","protected":false},"author":1,"featured_media":0,"parent":0,"menu_order":0,"comment_status":"closed","ping_status":"closed","template":"","meta":{"footnotes":""},"class_list":["post-2094","page","type-page","status-publish","hentry"],"yoast_head":"<!-- This site is optimized with the Yoast SEO Premium plugin v24.0 (Yoast SEO v24.9) - https:\/\/yoast.com\/wordpress\/plugins\/seo\/ -->\n<title>Premi per i prodotti a base di cannabis CBD di TB Farming AG<\/title>\n<meta name=\"description\" content=\"Il premio CannaSwissCup \u00e8 uno dei riconoscimenti che TB Farming AG ha ricevuto per la sua pianta di cannabis CBD Erdbeerli.\" \/>\n<meta name=\"robots\" content=\"index, follow, max-snippet:-1, max-image-preview:large, max-video-preview:-1\" \/>\n<link rel=\"canonical\" href=\"https:\/\/tb-farming.com\/it\/premi-cbd\/\" \/>\n<meta property=\"og:locale\" content=\"it_IT\" \/>\n<meta property=\"og:type\" content=\"article\" \/>\n<meta property=\"og:title\" content=\"Premi CBD\" \/>\n<meta property=\"og:description\" content=\"Il premio CannaSwissCup \u00e8 uno dei riconoscimenti che TB Farming AG ha ricevuto per la sua pianta di cannabis CBD Erdbeerli.\" \/>\n<meta property=\"og:url\" content=\"https:\/\/tb-farming.com\/it\/premi-cbd\/\" \/>\n<meta property=\"og:site_name\" content=\"Medizinisches Cannabis | GACP Standard | Anbau und Verarbeitung\" \/>\n<meta property=\"article:modified_time\" content=\"2024-09-23T08:31:44+00:00\" \/>\n<meta property=\"og:image\" content=\"https:\/\/tb-farming.com\/wp-content\/uploads\/2024\/03\/social-sharing.jpg\" \/>\n\t<meta property=\"og:image:width\" content=\"1200\" \/>\n\t<meta property=\"og:image:height\" content=\"675\" \/>\n\t<meta property=\"og:image:type\" content=\"image\/jpeg\" \/>\n<meta name=\"twitter:card\" content=\"summary_large_image\" \/>\n<meta name=\"twitter:label1\" content=\"Tempo di lettura stimato\" \/>\n\t<meta name=\"twitter:data1\" content=\"2 minuti\" \/>\n<script type=\"application\/ld+json\" class=\"yoast-schema-graph\">{\"@context\":\"https:\/\/schema.org\",\"@graph\":[{\"@type\":\"WebPage\",\"@id\":\"https:\/\/tb-farming.com\/it\/premi-cbd\/\",\"url\":\"https:\/\/tb-farming.com\/it\/premi-cbd\/\",\"name\":\"Premi per i prodotti a base di cannabis CBD di TB Farming AG\",\"isPartOf\":{\"@id\":\"https:\/\/tb-farming.com\/it\/#website\"},\"datePublished\":\"2024-03-01T12:11:04+00:00\",\"dateModified\":\"2024-09-23T08:31:44+00:00\",\"description\":\"Il premio CannaSwissCup \u00e8 uno dei riconoscimenti che TB Farming AG ha ricevuto per la sua pianta di cannabis CBD Erdbeerli.\",\"breadcrumb\":{\"@id\":\"https:\/\/tb-farming.com\/it\/premi-cbd\/#breadcrumb\"},\"inLanguage\":\"it-IT\",\"potentialAction\":[{\"@type\":\"ReadAction\",\"target\":[\"https:\/\/tb-farming.com\/it\/premi-cbd\/\"]}]},{\"@type\":\"BreadcrumbList\",\"@id\":\"https:\/\/tb-farming.com\/it\/premi-cbd\/#breadcrumb\",\"itemListElement\":[{\"@type\":\"ListItem\",\"position\":1,\"name\":\"Startseite\",\"item\":\"https:\/\/tb-farming.com\/it\/homepage\/\"},{\"@type\":\"ListItem\",\"position\":2,\"name\":\"Premi CBD\"}]},{\"@type\":\"WebSite\",\"@id\":\"https:\/\/tb-farming.com\/it\/#website\",\"url\":\"https:\/\/tb-farming.com\/it\/\",\"name\":\"Medizinisches Cannabis | GACP Standard | Anbau und Verarbeitung\",\"description\":\"together we grow.\",\"publisher\":{\"@id\":\"https:\/\/tb-farming.com\/it\/#organization\"},\"potentialAction\":[{\"@type\":\"SearchAction\",\"target\":{\"@type\":\"EntryPoint\",\"urlTemplate\":\"https:\/\/tb-farming.com\/it\/?s={search_term_string}\"},\"query-input\":{\"@type\":\"PropertyValueSpecification\",\"valueRequired\":true,\"valueName\":\"search_term_string\"}}],\"inLanguage\":\"it-IT\"},{\"@type\":\"Organization\",\"@id\":\"https:\/\/tb-farming.com\/it\/#organization\",\"name\":\"TB Farming AG\",\"url\":\"https:\/\/tb-farming.com\/it\/\",\"logo\":{\"@type\":\"ImageObject\",\"inLanguage\":\"it-IT\",\"@id\":\"https:\/\/tb-farming.com\/it\/#\/schema\/logo\/image\/\",\"url\":\"https:\/\/tb-farming.com\/wp-content\/uploads\/2024\/01\/TB-Farming-500x270-1.png\",\"contentUrl\":\"https:\/\/tb-farming.com\/wp-content\/uploads\/2024\/01\/TB-Farming-500x270-1.png\",\"width\":500,\"height\":270,\"caption\":\"TB Farming AG\"},\"image\":{\"@id\":\"https:\/\/tb-farming.com\/it\/#\/schema\/logo\/image\/\"},\"sameAs\":[\"https:\/\/www.linkedin.com\/company\/tb-farming-ag\/\",\"https:\/\/www.instagram.com\/tb.farming\/\"],\"email\":\"info@tbfarming.ch\",\"telephone\":\"+41(0) 71 642 10 91\",\"legalName\":\"TB Farming AG\",\"numberOfEmployees\":{\"@type\":\"QuantitativeValue\",\"minValue\":\"11\",\"maxValue\":\"50\"}}]}<\/script>\n<!-- \/ Yoast SEO Premium plugin. -->","yoast_head_json":{"title":"Premi per i prodotti a base di cannabis CBD di TB Farming AG","description":"Il premio CannaSwissCup \u00e8 uno dei riconoscimenti che TB Farming AG ha ricevuto per la sua pianta di cannabis CBD Erdbeerli.","robots":{"index":"index","follow":"follow","max-snippet":"max-snippet:-1","max-image-preview":"max-image-preview:large","max-video-preview":"max-video-preview:-1"},"canonical":"https:\/\/tb-farming.com\/it\/premi-cbd\/","og_locale":"it_IT","og_type":"article","og_title":"Premi CBD","og_description":"Il premio CannaSwissCup \u00e8 uno dei riconoscimenti che TB Farming AG ha ricevuto per la sua pianta di cannabis CBD Erdbeerli.","og_url":"https:\/\/tb-farming.com\/it\/premi-cbd\/","og_site_name":"Medizinisches Cannabis | GACP Standard | Anbau und Verarbeitung","article_modified_time":"2024-09-23T08:31:44+00:00","og_image":[{"width":1200,"height":675,"url":"https:\/\/tb-farming.com\/wp-content\/uploads\/2024\/03\/social-sharing.jpg","type":"image\/jpeg"}],"twitter_card":"summary_large_image","twitter_misc":{"Tempo di lettura stimato":"2 minuti"},"schema":{"@context":"https:\/\/schema.org","@graph":[{"@type":"WebPage","@id":"https:\/\/tb-farming.com\/it\/premi-cbd\/","url":"https:\/\/tb-farming.com\/it\/premi-cbd\/","name":"Premi per i prodotti a base di cannabis CBD di TB Farming AG","isPartOf":{"@id":"https:\/\/tb-farming.com\/it\/#website"},"datePublished":"2024-03-01T12:11:04+00:00","dateModified":"2024-09-23T08:31:44+00:00","description":"Il premio CannaSwissCup \u00e8 uno dei riconoscimenti che TB Farming AG ha ricevuto per la sua pianta di cannabis CBD Erdbeerli.","breadcrumb":{"@id":"https:\/\/tb-farming.com\/it\/premi-cbd\/#breadcrumb"},"inLanguage":"it-IT","potentialAction":[{"@type":"ReadAction","target":["https:\/\/tb-farming.com\/it\/premi-cbd\/"]}]},{"@type":"BreadcrumbList","@id":"https:\/\/tb-farming.com\/it\/premi-cbd\/#breadcrumb","itemListElement":[{"@type":"ListItem","position":1,"name":"Startseite","item":"https:\/\/tb-farming.com\/it\/homepage\/"},{"@type":"ListItem","position":2,"name":"Premi CBD"}]},{"@type":"WebSite","@id":"https:\/\/tb-farming.com\/it\/#website","url":"https:\/\/tb-farming.com\/it\/","name":"Medizinisches Cannabis | GACP Standard | Anbau und Verarbeitung","description":"together we grow.","publisher":{"@id":"https:\/\/tb-farming.com\/it\/#organization"},"potentialAction":[{"@type":"SearchAction","target":{"@type":"EntryPoint","urlTemplate":"https:\/\/tb-farming.com\/it\/?s={search_term_string}"},"query-input":{"@type":"PropertyValueSpecification","valueRequired":true,"valueName":"search_term_string"}}],"inLanguage":"it-IT"},{"@type":"Organization","@id":"https:\/\/tb-farming.com\/it\/#organization","name":"TB Farming AG","url":"https:\/\/tb-farming.com\/it\/","logo":{"@type":"ImageObject","inLanguage":"it-IT","@id":"https:\/\/tb-farming.com\/it\/#\/schema\/logo\/image\/","url":"https:\/\/tb-farming.com\/wp-content\/uploads\/2024\/01\/TB-Farming-500x270-1.png","contentUrl":"https:\/\/tb-farming.com\/wp-content\/uploads\/2024\/01\/TB-Farming-500x270-1.png","width":500,"height":270,"caption":"TB Farming AG"},"image":{"@id":"https:\/\/tb-farming.com\/it\/#\/schema\/logo\/image\/"},"sameAs":["https:\/\/www.linkedin.com\/company\/tb-farming-ag\/","https:\/\/www.instagram.com\/tb.farming\/"],"email":"info@tbfarming.ch","telephone":"+41(0) 71 642 10 91","legalName":"TB Farming AG","numberOfEmployees":{"@type":"QuantitativeValue","minValue":"11","maxValue":"50"}}]}},"_links":{"self":[{"href":"https:\/\/tb-farming.com\/it\/wp-json\/wp\/v2\/pages\/2094","targetHints":{"allow":["GET"]}}],"collection":[{"href":"https:\/\/tb-farming.com\/it\/wp-json\/wp\/v2\/pages"}],"about":[{"href":"https:\/\/tb-farming.com\/it\/wp-json\/wp\/v2\/types\/page"}],"author":[{"embeddable":true,"href":"https:\/\/tb-farming.com\/it\/wp-json\/wp\/v2\/users\/1"}],"replies":[{"embeddable":true,"href":"https:\/\/tb-farming.com\/it\/wp-json\/wp\/v2\/comments?post=2094"}],"version-history":[{"count":1,"href":"https:\/\/tb-farming.com\/it\/wp-json\/wp\/v2\/pages\/2094\/revisions"}],"predecessor-version":[{"id":2095,"href":"https:\/\/tb-farming.com\/it\/wp-json\/wp\/v2\/pages\/2094\/revisions\/2095"}],"wp:attachment":[{"href":"https:\/\/tb-farming.com\/it\/wp-json\/wp\/v2\/media?parent=2094"}],"curies":[{"name":"wp","href":"https:\/\/api.w.org\/{rel}","templated":true}]}}