{"id":2373,"date":"2024-02-10T10:16:52","date_gmt":"2024-02-10T09:16:52","guid":{"rendered":"https:\/\/tb-farming.com\/production\/cbd-cannabis\/"},"modified":"2024-09-23T10:32:49","modified_gmt":"2024-09-23T08:32:49","slug":"cbd-cannabis","status":"publish","type":"page","link":"https:\/\/tb-farming.com\/fr\/production\/cbd-cannabis\/","title":{"rendered":"CBD Cannabis"},"content":{"rendered":"<div class=\"wpb-content-wrapper\"><p>[vc_row][vc_column][vc_column_text]<\/p>\n<p>[\/vc_column_text][\/vc_column][\/vc_row][vc_row][vc_column][vc_column_text]<\/p>\n<h2>Votre expert en production de CBD et produits CBD de haute qualit\u00e9<\/h2>\n<p>[\/vc_column_text][\/vc_column][\/vc_row][vc_row][vc_column][vc_column_text]<\/p>\n<h2>Fabricant suisse de cannabis CBD de qualit\u00e9<\/h2>\n<p>  TB Farming est \u00e0 la pointe de la production de cannabis en Suisse.<br \/>\nTB Farming AG est une entreprise renomm\u00e9e qui s&rsquo;est sp\u00e9cialis\u00e9e dans la production de produits CBD de qualit\u00e9 sup\u00e9rieure.<br \/>\nEn tant que producteur avec notre propre g\u00e9n\u00e9tique enregistr\u00e9e de cannabis l\u00e9gal, nous sommes une r\u00e9f\u00e9rence en mati\u00e8re de qualit\u00e9 et d&rsquo;innovation dans le secteur du CBD.<br \/>\nNotre expertise s&rsquo;\u00e9tend de la culture minutieuse de nos plants de cannabis l\u00e9gal \u00e0 la production d&rsquo;une large gamme de produits CBD.<br \/>\nCeux-ci comprennent <a href=\"https:\/\/tb-farming.com\/lexikon\/bluetenstaende\/\">des fleurs de CBD<\/a>, des gouttes de CBD, des gommes \u00e0 m\u00e2cher, des comprim\u00e9s \u00e0 sucer et des cr\u00e8mes.<br \/>\nTous les produits CBD sont con\u00e7us pour r\u00e9pondre aux besoins \u00e0 la fois des consommateurs et des producteurs.       <\/p>\n<h2>G\u00e9n\u00e9tiques de CBD brevet\u00e9es par TB Farming<\/h2>\n<p>  Notre passion pour la qualit\u00e9 commence par la <a href=\"https:\/\/tb-farming.com\/lexikon\/kreuzung-genetik\/\">g\u00e9n\u00e9tique<\/a>.<br \/>\nAvec des ann\u00e9es d&rsquo;exp\u00e9rience dans la culture <a href=\"https:\/\/tb-farming.com\/lexikon\/strain-cannabissorte\/\">du cannabis<\/a> l\u00e9gal, nous avons d\u00e9velopp\u00e9 des souches maison uniques.<br \/>\nLes g\u00e9n\u00e9tiques CBD sont connues pour leur go\u00fbt excellent et leur croissance robuste.<br \/>\nCette force dans la g\u00e9n\u00e9tique est la base de notre production de CBD.<br \/>\nElle garantit que chaque \u00e9tape &#8211; des graines aux plants et aux fleurs finies &#8211; r\u00e9pond aux normes de qualit\u00e9 les plus \u00e9lev\u00e9es.      <\/p>\n<h2>S\u00e9curit\u00e9 de la production de CBD<\/h2>\n<p>  Chez TB Farming, nous pensons que la qualit\u00e9 r\u00e9side dans les d\u00e9tails.<br \/>\nC&rsquo;est pourquoi nous surveillons de pr\u00e8s chaque \u00e9tape de la production.<br \/>\nNous nous assurons ainsi que nos <a href=\"https:\/\/artur-cannabis.ch\">produits CBD<\/a> sont non seulement efficaces, mais \u00e9galement sans danger pour la consommation.<br \/>\nNos produits sont soumis \u00e0 des tests rigoureux afin de garantir leur puret\u00e9 et leur puissance.<br \/>\nCela nous a permis de nous \u00e9tablir comme un partenaire de confiance dans le domaine des produits CBD.      &nbsp;<\/p>\n<p>[\/vc_column_text][\/vc_column][\/vc_row][vc_row][vc_column][vc_single_image image=\u00a0\u00bb1368&Prime; img_size=\u00a0\u00bbfull\u00a0\u00bb][\/vc_column][\/vc_row][vc_row][vc_column][vc_column_text]En tant que pionniers de la production suisse de CBD, nous nous engageons \u00e0 enrichir continuellement le march\u00e9 avec des produits CBD innovants et de haute qualit\u00e9.<br \/>\nQue vous soyez \u00e0 la recherche de fleurs de CBD relaxantes, de gouttes de CBD nutritives, de gommes \u00e0 m\u00e2cher pratiques, de comprim\u00e9s \u00e0 sucer ou de cr\u00e8mes de soin, TB Farming est votre premi\u00e8re adresse pour les produits CBD de premi\u00e8re qualit\u00e9.<br \/>\nD\u00e9couvrez l&rsquo;excellence et la diversit\u00e9 de nos produits et faites l&rsquo;exp\u00e9rience de la diff\u00e9rence qu&rsquo;apporte la vraie qualit\u00e9.<\/p>\n<p>[\/vc_column_text][\/vc_column][\/vc_row]<\/p>\n<\/div>","protected":false},"excerpt":{"rendered":"<p>[vc_row][vc_column][vc_column_text] [\/vc_column_text][\/vc_column][\/vc_row][vc_row][vc_column][vc_column_text] Votre expert en production de CBD et produits CBD de haute qualit\u00e9 [\/vc_column_text][\/vc_column][\/vc_row][vc_row][vc_column][vc_column_text] Fabricant suisse de cannabis CBD de qualit\u00e9 TB Farming est \u00e0 la pointe de la production de cannabis en Suisse. TB Farming AG est une entreprise renomm\u00e9e qui s&rsquo;est sp\u00e9cialis\u00e9e dans la production de produits CBD de qualit\u00e9 sup\u00e9rieure. En [&hellip;]<\/p>\n","protected":false},"author":1,"featured_media":0,"parent":2219,"menu_order":0,"comment_status":"closed","ping_status":"closed","template":"","meta":{"footnotes":""},"class_list":["post-2373","page","type-page","status-publish","hentry"],"yoast_head":"<!-- This site is optimized with the Yoast SEO Premium plugin v24.0 (Yoast SEO v24.9) - https:\/\/yoast.com\/wordpress\/plugins\/seo\/ -->\n<title>Produits de cannabis l\u00e9gaux issus de la production de CBD de TB Farming<\/title>\n<meta name=\"description\" content=\"Produits CBD allant de notre propre g\u00e9n\u00e9tique \u00e0 une gamme vari\u00e9e de fleurs, gouttes, gommes, comprim\u00e9s \u00e0 sucer et cr\u00e8mes CBD.\" \/>\n<meta name=\"robots\" content=\"index, follow, max-snippet:-1, max-image-preview:large, max-video-preview:-1\" \/>\n<link rel=\"canonical\" href=\"https:\/\/tb-farming.com\/fr\/production\/cbd-cannabis\/\" \/>\n<meta property=\"og:locale\" content=\"fr_FR\" \/>\n<meta property=\"og:type\" content=\"article\" \/>\n<meta property=\"og:title\" content=\"CBD Cannabis\" \/>\n<meta property=\"og:description\" content=\"Produits CBD allant de notre propre g\u00e9n\u00e9tique \u00e0 une gamme vari\u00e9e de fleurs, gouttes, gommes, comprim\u00e9s \u00e0 sucer et cr\u00e8mes CBD.\" \/>\n<meta property=\"og:url\" content=\"https:\/\/tb-farming.com\/fr\/production\/cbd-cannabis\/\" \/>\n<meta property=\"og:site_name\" content=\"Medizinisches Cannabis | GACP Standard | Anbau und Verarbeitung\" \/>\n<meta property=\"article:modified_time\" content=\"2024-09-23T08:32:49+00:00\" \/>\n<meta property=\"og:image\" content=\"https:\/\/tb-farming.com\/wp-content\/uploads\/2024\/03\/social-sharing.jpg\" \/>\n\t<meta property=\"og:image:width\" content=\"1200\" \/>\n\t<meta property=\"og:image:height\" content=\"675\" \/>\n\t<meta property=\"og:image:type\" content=\"image\/jpeg\" \/>\n<meta name=\"twitter:card\" content=\"summary_large_image\" \/>\n<meta name=\"twitter:label1\" content=\"Dur\u00e9e de lecture estim\u00e9e\" \/>\n\t<meta name=\"twitter:data1\" content=\"2 minutes\" \/>\n<script type=\"application\/ld+json\" class=\"yoast-schema-graph\">{\"@context\":\"https:\/\/schema.org\",\"@graph\":[{\"@type\":\"WebPage\",\"@id\":\"https:\/\/tb-farming.com\/fr\/production\/cbd-cannabis\/\",\"url\":\"https:\/\/tb-farming.com\/fr\/production\/cbd-cannabis\/\",\"name\":\"Produits de cannabis l\u00e9gaux issus de la production de CBD de TB Farming\",\"isPartOf\":{\"@id\":\"https:\/\/tb-farming.com\/fr\/#website\"},\"datePublished\":\"2024-02-10T09:16:52+00:00\",\"dateModified\":\"2024-09-23T08:32:49+00:00\",\"description\":\"Produits CBD allant de notre propre g\u00e9n\u00e9tique \u00e0 une gamme vari\u00e9e de fleurs, gouttes, gommes, comprim\u00e9s \u00e0 sucer et cr\u00e8mes CBD.\",\"breadcrumb\":{\"@id\":\"https:\/\/tb-farming.com\/fr\/production\/cbd-cannabis\/#breadcrumb\"},\"inLanguage\":\"fr-FR\",\"potentialAction\":[{\"@type\":\"ReadAction\",\"target\":[\"https:\/\/tb-farming.com\/fr\/production\/cbd-cannabis\/\"]}]},{\"@type\":\"BreadcrumbList\",\"@id\":\"https:\/\/tb-farming.com\/fr\/production\/cbd-cannabis\/#breadcrumb\",\"itemListElement\":[{\"@type\":\"ListItem\",\"position\":1,\"name\":\"Startseite\",\"item\":\"https:\/\/tb-farming.com\/fr\/page-daccueil\/\"},{\"@type\":\"ListItem\",\"position\":2,\"name\":\"Production\",\"item\":\"https:\/\/tb-farming.com\/fr\/production\/\"},{\"@type\":\"ListItem\",\"position\":3,\"name\":\"CBD Cannabis\"}]},{\"@type\":\"WebSite\",\"@id\":\"https:\/\/tb-farming.com\/fr\/#website\",\"url\":\"https:\/\/tb-farming.com\/fr\/\",\"name\":\"Medizinisches Cannabis | GACP Standard | Anbau und Verarbeitung\",\"description\":\"together we grow.\",\"publisher\":{\"@id\":\"https:\/\/tb-farming.com\/fr\/#organization\"},\"potentialAction\":[{\"@type\":\"SearchAction\",\"target\":{\"@type\":\"EntryPoint\",\"urlTemplate\":\"https:\/\/tb-farming.com\/fr\/?s={search_term_string}\"},\"query-input\":{\"@type\":\"PropertyValueSpecification\",\"valueRequired\":true,\"valueName\":\"search_term_string\"}}],\"inLanguage\":\"fr-FR\"},{\"@type\":\"Organization\",\"@id\":\"https:\/\/tb-farming.com\/fr\/#organization\",\"name\":\"TB Farming AG\",\"url\":\"https:\/\/tb-farming.com\/fr\/\",\"logo\":{\"@type\":\"ImageObject\",\"inLanguage\":\"fr-FR\",\"@id\":\"https:\/\/tb-farming.com\/fr\/#\/schema\/logo\/image\/\",\"url\":\"https:\/\/tb-farming.com\/wp-content\/uploads\/2024\/01\/TB-Farming-500x270-1.png\",\"contentUrl\":\"https:\/\/tb-farming.com\/wp-content\/uploads\/2024\/01\/TB-Farming-500x270-1.png\",\"width\":500,\"height\":270,\"caption\":\"TB Farming AG\"},\"image\":{\"@id\":\"https:\/\/tb-farming.com\/fr\/#\/schema\/logo\/image\/\"},\"sameAs\":[\"https:\/\/www.linkedin.com\/company\/tb-farming-ag\/\",\"https:\/\/www.instagram.com\/tb.farming\/\"],\"email\":\"info@tbfarming.ch\",\"telephone\":\"+41(0) 71 642 10 91\",\"legalName\":\"TB Farming AG\",\"numberOfEmployees\":{\"@type\":\"QuantitativeValue\",\"minValue\":\"11\",\"maxValue\":\"50\"}}]}<\/script>\n<!-- \/ Yoast SEO Premium plugin. -->","yoast_head_json":{"title":"Produits de cannabis l\u00e9gaux issus de la production de CBD de TB Farming","description":"Produits CBD allant de notre propre g\u00e9n\u00e9tique \u00e0 une gamme vari\u00e9e de fleurs, gouttes, gommes, comprim\u00e9s \u00e0 sucer et cr\u00e8mes CBD.","robots":{"index":"index","follow":"follow","max-snippet":"max-snippet:-1","max-image-preview":"max-image-preview:large","max-video-preview":"max-video-preview:-1"},"canonical":"https:\/\/tb-farming.com\/fr\/production\/cbd-cannabis\/","og_locale":"fr_FR","og_type":"article","og_title":"CBD Cannabis","og_description":"Produits CBD allant de notre propre g\u00e9n\u00e9tique \u00e0 une gamme vari\u00e9e de fleurs, gouttes, gommes, comprim\u00e9s \u00e0 sucer et cr\u00e8mes CBD.","og_url":"https:\/\/tb-farming.com\/fr\/production\/cbd-cannabis\/","og_site_name":"Medizinisches Cannabis | GACP Standard | Anbau und Verarbeitung","article_modified_time":"2024-09-23T08:32:49+00:00","og_image":[{"width":1200,"height":675,"url":"https:\/\/tb-farming.com\/wp-content\/uploads\/2024\/03\/social-sharing.jpg","type":"image\/jpeg"}],"twitter_card":"summary_large_image","twitter_misc":{"Dur\u00e9e de lecture estim\u00e9e":"2 minutes"},"schema":{"@context":"https:\/\/schema.org","@graph":[{"@type":"WebPage","@id":"https:\/\/tb-farming.com\/fr\/production\/cbd-cannabis\/","url":"https:\/\/tb-farming.com\/fr\/production\/cbd-cannabis\/","name":"Produits de cannabis l\u00e9gaux issus de la production de CBD de TB Farming","isPartOf":{"@id":"https:\/\/tb-farming.com\/fr\/#website"},"datePublished":"2024-02-10T09:16:52+00:00","dateModified":"2024-09-23T08:32:49+00:00","description":"Produits CBD allant de notre propre g\u00e9n\u00e9tique \u00e0 une gamme vari\u00e9e de fleurs, gouttes, gommes, comprim\u00e9s \u00e0 sucer et cr\u00e8mes CBD.","breadcrumb":{"@id":"https:\/\/tb-farming.com\/fr\/production\/cbd-cannabis\/#breadcrumb"},"inLanguage":"fr-FR","potentialAction":[{"@type":"ReadAction","target":["https:\/\/tb-farming.com\/fr\/production\/cbd-cannabis\/"]}]},{"@type":"BreadcrumbList","@id":"https:\/\/tb-farming.com\/fr\/production\/cbd-cannabis\/#breadcrumb","itemListElement":[{"@type":"ListItem","position":1,"name":"Startseite","item":"https:\/\/tb-farming.com\/fr\/page-daccueil\/"},{"@type":"ListItem","position":2,"name":"Production","item":"https:\/\/tb-farming.com\/fr\/production\/"},{"@type":"ListItem","position":3,"name":"CBD Cannabis"}]},{"@type":"WebSite","@id":"https:\/\/tb-farming.com\/fr\/#website","url":"https:\/\/tb-farming.com\/fr\/","name":"Medizinisches Cannabis | GACP Standard | Anbau und Verarbeitung","description":"together we grow.","publisher":{"@id":"https:\/\/tb-farming.com\/fr\/#organization"},"potentialAction":[{"@type":"SearchAction","target":{"@type":"EntryPoint","urlTemplate":"https:\/\/tb-farming.com\/fr\/?s={search_term_string}"},"query-input":{"@type":"PropertyValueSpecification","valueRequired":true,"valueName":"search_term_string"}}],"inLanguage":"fr-FR"},{"@type":"Organization","@id":"https:\/\/tb-farming.com\/fr\/#organization","name":"TB Farming AG","url":"https:\/\/tb-farming.com\/fr\/","logo":{"@type":"ImageObject","inLanguage":"fr-FR","@id":"https:\/\/tb-farming.com\/fr\/#\/schema\/logo\/image\/","url":"https:\/\/tb-farming.com\/wp-content\/uploads\/2024\/01\/TB-Farming-500x270-1.png","contentUrl":"https:\/\/tb-farming.com\/wp-content\/uploads\/2024\/01\/TB-Farming-500x270-1.png","width":500,"height":270,"caption":"TB Farming AG"},"image":{"@id":"https:\/\/tb-farming.com\/fr\/#\/schema\/logo\/image\/"},"sameAs":["https:\/\/www.linkedin.com\/company\/tb-farming-ag\/","https:\/\/www.instagram.com\/tb.farming\/"],"email":"info@tbfarming.ch","telephone":"+41(0) 71 642 10 91","legalName":"TB Farming AG","numberOfEmployees":{"@type":"QuantitativeValue","minValue":"11","maxValue":"50"}}]}},"_links":{"self":[{"href":"https:\/\/tb-farming.com\/fr\/wp-json\/wp\/v2\/pages\/2373","targetHints":{"allow":["GET"]}}],"collection":[{"href":"https:\/\/tb-farming.com\/fr\/wp-json\/wp\/v2\/pages"}],"about":[{"href":"https:\/\/tb-farming.com\/fr\/wp-json\/wp\/v2\/types\/page"}],"author":[{"embeddable":true,"href":"https:\/\/tb-farming.com\/fr\/wp-json\/wp\/v2\/users\/1"}],"replies":[{"embeddable":true,"href":"https:\/\/tb-farming.com\/fr\/wp-json\/wp\/v2\/comments?post=2373"}],"version-history":[{"count":4,"href":"https:\/\/tb-farming.com\/fr\/wp-json\/wp\/v2\/pages\/2373\/revisions"}],"predecessor-version":[{"id":2380,"href":"https:\/\/tb-farming.com\/fr\/wp-json\/wp\/v2\/pages\/2373\/revisions\/2380"}],"up":[{"embeddable":true,"href":"https:\/\/tb-farming.com\/fr\/wp-json\/wp\/v2\/pages\/2219"}],"wp:attachment":[{"href":"https:\/\/tb-farming.com\/fr\/wp-json\/wp\/v2\/media?parent=2373"}],"curies":[{"name":"wp","href":"https:\/\/api.w.org\/{rel}","templated":true}]}}