{"id":2269,"date":"2018-11-14T09:40:47","date_gmt":"2018-11-14T08:40:47","guid":{"rendered":"https:\/\/tb-farming.com\/projets\/projets-pilotes\/"},"modified":"2024-09-23T10:32:12","modified_gmt":"2024-09-23T08:32:12","slug":"projets-pilotes","status":"publish","type":"page","link":"https:\/\/tb-farming.com\/fr\/projets\/projets-pilotes\/","title":{"rendered":"Projets pilotes"},"content":{"rendered":"<div class=\"wpb-content-wrapper\"><p>[vc_row css=\u00a0\u00bb.vc_custom_1542188489306{padding-top: 70px !important;padding-bottom: 100px !important;}\u00a0\u00bb][vc_column offset=\u00a0\u00bbvc_col-md-4&Prime; el_class=\u00a0\u00bblg-right40&Prime;][vc_wp_custommenu nav_menu=\u00a0\u00bb36&Prime;][vc_column_text css=\u00a0\u00bb.vc_custom_1708094887262{padding-top: 25px !important;padding-right: 28px !important;padding-bottom: 28px !important;padding-left: 28px !important;background-color: #f7f7f7 !important;}\u00a0\u00bb el_class=\u00a0\u00bbdownload-box\u00a0\u00bb]<\/p>\n<h4>Projet pilote<\/h4>\n<p>  Distribution de cannabis dans le canton de Saint-Gall  <a class=\"btn btn-download\"><i class=\"fas fa-download\"><\/i>  T\u00e9l\u00e9charger le PDF<\/a><\/p>\n<p>&nbsp;<\/p>\n<p>[\/vc_column_text][\/vc_column][vc_column offset=\u00a0\u00bbvc_col-md-8&Prime;][vc_custom_heading text=\u00a0\u00bbDepuis le 15 mai 2021, la modification de la loi sur les stup\u00e9fiants est effective et autorise des projets pilotes accompagn\u00e9s scientifiquement pour la lib\u00e9ration contr\u00f4l\u00e9e du cannabis \u00e0 des fins r\u00e9cr\u00e9atives.<br \/>\nCes projets servent de base scientifique aux futures dispositions l\u00e9gales.<br \/>\nLe 25 septembre 2020, le Parlement a adopt\u00e9 une r\u00e9vision de la loi sur les stup\u00e9fiants qui, avec l&apos;article 8a, introduit une base l\u00e9gale pour des projets pilotes scientifiques limit\u00e9s dans le temps et dans l&apos;espace avec du cannabis.<br \/>\nCette modification, valable depuis le 15 mai 2021 pour une dur\u00e9e de dix ans, d\u00e9finit les crit\u00e8res et la proc\u00e9dure de demande pour les projets pilotes, r\u00e9gis par l&apos;ordonnance sur les essais pilotes selon la loi sur les stup\u00e9fiants.   \u00a0\u00bb font_container=\u00a0\u00bbtag:p|font_size:18px|text_align:left|line_height:30px\u00a0\u00bb use_theme_fonts=\u00a0\u00bbyes\u00a0\u00bb css=\u00a0\u00bb.vc_custom_1708094950973{margin-bottom: 40px !important;}\u00a0\u00bb][vc_single_image image=\u00a0\u00bb1315&Prime; img_size=\u00a0\u00bbfull\u00a0\u00bb css=\u00a0\u00bb.vc_custom_1708094796265{margin-bottom: 45px !important;}\u00a0\u00bb][vc_custom_heading text=\u00a0\u00bbDistribution contr\u00f4l\u00e9e de cannabis m\u00e9dical\u00a0\u00bb font_container=\u00a0\u00bbtag:h4|text_align:left\u00a0\u00bb use_theme_fonts=\u00a0\u00bbyes\u00a0\u00bb css=\u00a0\u00bb.vc_custom_1708095013837{margin-bottom: 60px !important;}\u00a0\u00bb][vc_row_inner equal_height=\u00a0\u00bbyes\u00a0\u00bb css=\u00a0\u00bb.vc_custom_1542619504915{padding-bottom: 20px !important;}\u00a0\u00bb][vc_column_inner width=\u00a0\u00bb1\/2&Prime; offset=\u00a0\u00bbvc_col-md-4&Prime;][vc_column_text]<\/p>\n<h5 class=\"text-primary\">R\u00e9\u00e9valuation de la politique du cannabis<\/h5>\n<p>  Les projets pilotes sur le cannabis en Suisse marquent une \u00e9tape significative dans la recherche et la r\u00e9\u00e9valuation de la politique et de l&rsquo;usage du cannabis dans le pays.<br \/>\nCes projets ont \u00e9t\u00e9 mis en place pour recueillir des donn\u00e9es scientifiquement fond\u00e9es sur l&rsquo;impact de la consommation r\u00e9glement\u00e9e de cannabis sur la soci\u00e9t\u00e9.<br \/>\nL&rsquo;objectif est de jeter les bases d&rsquo;\u00e9ventuelles futures r\u00e9formes de la l\u00e9gislation sur le cannabis, tout en garantissant la sant\u00e9 et la s\u00e9curit\u00e9 publiques.<\/p>\n<p>[\/vc_column_text][\/vc_column_inner][vc_column_inner width=\u00a0\u00bb1\/2&Prime; offset=\u00a0\u00bbvc_col-md-4&Prime;][vc_column_text]<\/p>\n<h5 class=\"text-primary\">Consommation contr\u00f4l\u00e9e<\/h5>\n<p>  Par le biais de ces projets pilotes, le gouvernement suisse autorise la vente et la consommation l\u00e9gales de cannabis \u00e0 des fins non m\u00e9dicales dans des conditions strictement contr\u00f4l\u00e9es.<br \/>\nLes participants \u00e0 ces \u00e9tudes peuvent acheter des produits \u00e0 base de cannabis via des pharmacies enregistr\u00e9es ou des points de distribution sp\u00e9ciaux.<br \/>\nLes projets visent \u00e0 obtenir un aper\u00e7u de l&rsquo;impact d&rsquo;un march\u00e9 l\u00e9gal sur le commerce ill\u00e9gal, les habitudes de consommation, la sant\u00e9 publique et les mesures de pr\u00e9vention.<\/p>\n<p>[\/vc_column_text][\/vc_column_inner][vc_column_inner width=\u00a0\u00bb1\/2&Prime; offset=\u00a0\u00bbvc_col-md-4&Prime;][vc_column_text]<\/p>\n<h5 class=\"text-primary\">S\u00e9lection et contr\u00f4le<\/h5>\n<p>  Un \u00e9l\u00e9ment central des projets pilotes est la s\u00e9lection et le contr\u00f4le minutieux des produits \u00e0 base de cannabis.<br \/>\nCeux-ci doivent r\u00e9pondre \u00e0 certaines normes de qualit\u00e9 et de s\u00e9curit\u00e9 afin de garantir une utilisation s\u00fbre.<br \/>\nCes projets offrent \u00e9galement une opportunit\u00e9 unique pour la recherche sur la g\u00e9n\u00e9tique et la production du cannabis, \u00e0 mesure que la demande de cannabis r\u00e9glement\u00e9 de qualit\u00e9 augmente.<\/p>\n<p>[\/vc_column_text][\/vc_column_inner][\/vc_row_inner][vc_custom_heading text=\u00a0\u00bbExplorer les d\u00e9cisions fond\u00e9es sur des preuves\u00a0\u00bb font_container=\u00a0\u00bbtag:h4|text_align:left\u00a0\u00bb use_theme_fonts=\u00a0\u00bbyes\u00a0\u00bb css=\u00a0\u00bb.vc_custom_1709212396329{margin-bottom: 40px !important;}\u00a0\u00bb][vc_column_text]Les participants aux projets pilotes seront suivis scientifiquement afin de documenter les changements dans les habitudes de consommation ainsi que les effets sanitaires et sociaux.<br \/>\nCes donn\u00e9es sont essentielles pour \u00e9valuer l&rsquo;efficacit\u00e9 de la politique actuelle en mati\u00e8re de drogues et les avantages potentiels d&rsquo;une structure de march\u00e9 du cannabis r\u00e9glement\u00e9e.<\/p>\n<p>[\/vc_column_text]\n    <div class=\"project-slider projects row  style-2\" data-show=\"2\" data-auto=\"true\" data-arrow=\"true\" data-dot=\"\">\n            <\/div>\n\n    [\/vc_column][\/vc_row][vc_row el_class=\u00a0\u00bbbg-primary call-to-action\u00a0\u00bb css=\u00a0\u00bb.vc_custom_1542184444490{padding-top: 52px !important;padding-bottom: 52px !important;}\u00a0\u00bb][vc_column offset=\u00a0\u00bbvc_col-md-8&Prime;][vc_custom_heading text=\u00a0\u00bbUn aper\u00e7u pr\u00e9cieux pour la politique nationale et internationale en mati\u00e8re de cannabis\u00a0\u00bb font_container=\u00a0\u00bbtag:h3|text_align:left|color:%23ffffff\u00a0\u00bb use_theme_fonts=\u00a0\u00bbyes\u00a0\u00bb css=\u00a0\u00bb.vc_custom_1709212311016{margin-top: 10px !important;margin-bottom: 0px !important;}\u00a0\u00bb][\/vc_column][vc_column offset=\u00a0\u00bbvc_col-md-4&Prime;]\n    <div class=\"text-right\">\n        <a class=\"btn btn-medium btn-light  \" href=\"https:\/\/tb-farming.com\/contact\/\" style=\"\">Informieren Sie sich<\/a>\n    <\/div>\n\n    [\/vc_column][\/vc_row]<\/p>\n<\/div>","protected":false},"excerpt":{"rendered":"<p>[vc_row css=\u00a0\u00bb.vc_custom_1542188489306{padding-top: 70px !important;padding-bottom: 100px !important;}\u00a0\u00bb][vc_column offset=\u00a0\u00bbvc_col-md-4&Prime; el_class=\u00a0\u00bblg-right40&Prime;][vc_wp_custommenu nav_menu=\u00a0\u00bb36&Prime;][vc_column_text css=\u00a0\u00bb.vc_custom_1708094887262{padding-top: 25px !important;padding-right: 28px !important;padding-bottom: 28px !important;padding-left: 28px !important;background-color: #f7f7f7 !important;}\u00a0\u00bb el_class=\u00a0\u00bbdownload-box\u00a0\u00bb] Projet pilote Distribution de cannabis dans le canton de Saint-Gall T\u00e9l\u00e9charger le PDF &nbsp; [\/vc_column_text][\/vc_column][vc_column offset=\u00a0\u00bbvc_col-md-8&Prime;][vc_custom_heading text=\u00a0\u00bbDepuis le 15 mai 2021, la modification de la loi sur les stup\u00e9fiants est effective et autorise des [&hellip;]<\/p>\n","protected":false},"author":1,"featured_media":0,"parent":2253,"menu_order":0,"comment_status":"closed","ping_status":"closed","template":"","meta":{"footnotes":""},"class_list":["post-2269","page","type-page","status-publish","hentry"],"yoast_head":"<!-- This site is optimized with the Yoast SEO Premium plugin v24.0 (Yoast SEO v24.9) - https:\/\/yoast.com\/wordpress\/plugins\/seo\/ -->\n<title>Projets pilotes - Medizinisches Cannabis | GACP Standard | Anbau und Verarbeitung<\/title>\n<meta name=\"description\" content=\"Collecter des donn\u00e9es scientifiquement fond\u00e9es sur l&#039;impact de la consommation r\u00e9glement\u00e9e de cannabis sur la soci\u00e9t\u00e9.\" \/>\n<meta name=\"robots\" content=\"index, follow, max-snippet:-1, max-image-preview:large, max-video-preview:-1\" \/>\n<link rel=\"canonical\" href=\"https:\/\/tb-farming.com\/fr\/projets\/projets-pilotes\/\" \/>\n<meta property=\"og:locale\" content=\"fr_FR\" \/>\n<meta property=\"og:type\" content=\"article\" \/>\n<meta property=\"og:title\" content=\"Projets pilotes\" \/>\n<meta property=\"og:description\" content=\"Collecter des donn\u00e9es scientifiquement fond\u00e9es sur l&#039;impact de la consommation r\u00e9glement\u00e9e de cannabis sur la soci\u00e9t\u00e9.\" \/>\n<meta property=\"og:url\" content=\"https:\/\/tb-farming.com\/fr\/projets\/projets-pilotes\/\" \/>\n<meta property=\"og:site_name\" content=\"Medizinisches Cannabis | GACP Standard | Anbau und Verarbeitung\" \/>\n<meta property=\"article:modified_time\" content=\"2024-09-23T08:32:12+00:00\" \/>\n<meta property=\"og:image\" content=\"https:\/\/tb-farming.com\/wp-content\/uploads\/2024\/03\/social-sharing.jpg\" \/>\n\t<meta property=\"og:image:width\" content=\"1200\" \/>\n\t<meta property=\"og:image:height\" content=\"675\" \/>\n\t<meta property=\"og:image:type\" content=\"image\/jpeg\" \/>\n<meta name=\"twitter:card\" content=\"summary_large_image\" \/>\n<meta name=\"twitter:label1\" content=\"Dur\u00e9e de lecture estim\u00e9e\" \/>\n\t<meta name=\"twitter:data1\" content=\"4 minutes\" \/>\n<script type=\"application\/ld+json\" class=\"yoast-schema-graph\">{\"@context\":\"https:\/\/schema.org\",\"@graph\":[{\"@type\":\"WebPage\",\"@id\":\"https:\/\/tb-farming.com\/fr\/projets\/projets-pilotes\/\",\"url\":\"https:\/\/tb-farming.com\/fr\/projets\/projets-pilotes\/\",\"name\":\"Projets pilotes - Medizinisches Cannabis | GACP Standard | Anbau und Verarbeitung\",\"isPartOf\":{\"@id\":\"https:\/\/tb-farming.com\/fr\/#website\"},\"datePublished\":\"2018-11-14T08:40:47+00:00\",\"dateModified\":\"2024-09-23T08:32:12+00:00\",\"description\":\"Collecter des donn\u00e9es scientifiquement fond\u00e9es sur l'impact de la consommation r\u00e9glement\u00e9e de cannabis sur la soci\u00e9t\u00e9.\",\"breadcrumb\":{\"@id\":\"https:\/\/tb-farming.com\/fr\/projets\/projets-pilotes\/#breadcrumb\"},\"inLanguage\":\"fr-FR\",\"potentialAction\":[{\"@type\":\"ReadAction\",\"target\":[\"https:\/\/tb-farming.com\/fr\/projets\/projets-pilotes\/\"]}]},{\"@type\":\"BreadcrumbList\",\"@id\":\"https:\/\/tb-farming.com\/fr\/projets\/projets-pilotes\/#breadcrumb\",\"itemListElement\":[{\"@type\":\"ListItem\",\"position\":1,\"name\":\"Startseite\",\"item\":\"https:\/\/tb-farming.com\/fr\/page-daccueil\/\"},{\"@type\":\"ListItem\",\"position\":2,\"name\":\"Projets\",\"item\":\"https:\/\/tb-farming.com\/fr\/projets\/\"},{\"@type\":\"ListItem\",\"position\":3,\"name\":\"Projets pilotes\"}]},{\"@type\":\"WebSite\",\"@id\":\"https:\/\/tb-farming.com\/fr\/#website\",\"url\":\"https:\/\/tb-farming.com\/fr\/\",\"name\":\"Medizinisches Cannabis | GACP Standard | Anbau und Verarbeitung\",\"description\":\"together we grow.\",\"publisher\":{\"@id\":\"https:\/\/tb-farming.com\/fr\/#organization\"},\"potentialAction\":[{\"@type\":\"SearchAction\",\"target\":{\"@type\":\"EntryPoint\",\"urlTemplate\":\"https:\/\/tb-farming.com\/fr\/?s={search_term_string}\"},\"query-input\":{\"@type\":\"PropertyValueSpecification\",\"valueRequired\":true,\"valueName\":\"search_term_string\"}}],\"inLanguage\":\"fr-FR\"},{\"@type\":\"Organization\",\"@id\":\"https:\/\/tb-farming.com\/fr\/#organization\",\"name\":\"TB Farming AG\",\"url\":\"https:\/\/tb-farming.com\/fr\/\",\"logo\":{\"@type\":\"ImageObject\",\"inLanguage\":\"fr-FR\",\"@id\":\"https:\/\/tb-farming.com\/fr\/#\/schema\/logo\/image\/\",\"url\":\"https:\/\/tb-farming.com\/wp-content\/uploads\/2024\/01\/TB-Farming-500x270-1.png\",\"contentUrl\":\"https:\/\/tb-farming.com\/wp-content\/uploads\/2024\/01\/TB-Farming-500x270-1.png\",\"width\":500,\"height\":270,\"caption\":\"TB Farming AG\"},\"image\":{\"@id\":\"https:\/\/tb-farming.com\/fr\/#\/schema\/logo\/image\/\"},\"sameAs\":[\"https:\/\/www.linkedin.com\/company\/tb-farming-ag\/\",\"https:\/\/www.instagram.com\/tb.farming\/\"],\"email\":\"info@tbfarming.ch\",\"telephone\":\"+41(0) 71 642 10 91\",\"legalName\":\"TB Farming AG\",\"numberOfEmployees\":{\"@type\":\"QuantitativeValue\",\"minValue\":\"11\",\"maxValue\":\"50\"}}]}<\/script>\n<!-- \/ Yoast SEO Premium plugin. -->","yoast_head_json":{"title":"Projets pilotes - Medizinisches Cannabis | GACP Standard | Anbau und Verarbeitung","description":"Collecter des donn\u00e9es scientifiquement fond\u00e9es sur l'impact de la consommation r\u00e9glement\u00e9e de cannabis sur la soci\u00e9t\u00e9.","robots":{"index":"index","follow":"follow","max-snippet":"max-snippet:-1","max-image-preview":"max-image-preview:large","max-video-preview":"max-video-preview:-1"},"canonical":"https:\/\/tb-farming.com\/fr\/projets\/projets-pilotes\/","og_locale":"fr_FR","og_type":"article","og_title":"Projets pilotes","og_description":"Collecter des donn\u00e9es scientifiquement fond\u00e9es sur l'impact de la consommation r\u00e9glement\u00e9e de cannabis sur la soci\u00e9t\u00e9.","og_url":"https:\/\/tb-farming.com\/fr\/projets\/projets-pilotes\/","og_site_name":"Medizinisches Cannabis | GACP Standard | Anbau und Verarbeitung","article_modified_time":"2024-09-23T08:32:12+00:00","og_image":[{"width":1200,"height":675,"url":"https:\/\/tb-farming.com\/wp-content\/uploads\/2024\/03\/social-sharing.jpg","type":"image\/jpeg"}],"twitter_card":"summary_large_image","twitter_misc":{"Dur\u00e9e de lecture estim\u00e9e":"4 minutes"},"schema":{"@context":"https:\/\/schema.org","@graph":[{"@type":"WebPage","@id":"https:\/\/tb-farming.com\/fr\/projets\/projets-pilotes\/","url":"https:\/\/tb-farming.com\/fr\/projets\/projets-pilotes\/","name":"Projets pilotes - Medizinisches Cannabis | GACP Standard | Anbau und Verarbeitung","isPartOf":{"@id":"https:\/\/tb-farming.com\/fr\/#website"},"datePublished":"2018-11-14T08:40:47+00:00","dateModified":"2024-09-23T08:32:12+00:00","description":"Collecter des donn\u00e9es scientifiquement fond\u00e9es sur l'impact de la consommation r\u00e9glement\u00e9e de cannabis sur la soci\u00e9t\u00e9.","breadcrumb":{"@id":"https:\/\/tb-farming.com\/fr\/projets\/projets-pilotes\/#breadcrumb"},"inLanguage":"fr-FR","potentialAction":[{"@type":"ReadAction","target":["https:\/\/tb-farming.com\/fr\/projets\/projets-pilotes\/"]}]},{"@type":"BreadcrumbList","@id":"https:\/\/tb-farming.com\/fr\/projets\/projets-pilotes\/#breadcrumb","itemListElement":[{"@type":"ListItem","position":1,"name":"Startseite","item":"https:\/\/tb-farming.com\/fr\/page-daccueil\/"},{"@type":"ListItem","position":2,"name":"Projets","item":"https:\/\/tb-farming.com\/fr\/projets\/"},{"@type":"ListItem","position":3,"name":"Projets pilotes"}]},{"@type":"WebSite","@id":"https:\/\/tb-farming.com\/fr\/#website","url":"https:\/\/tb-farming.com\/fr\/","name":"Medizinisches Cannabis | GACP Standard | Anbau und Verarbeitung","description":"together we grow.","publisher":{"@id":"https:\/\/tb-farming.com\/fr\/#organization"},"potentialAction":[{"@type":"SearchAction","target":{"@type":"EntryPoint","urlTemplate":"https:\/\/tb-farming.com\/fr\/?s={search_term_string}"},"query-input":{"@type":"PropertyValueSpecification","valueRequired":true,"valueName":"search_term_string"}}],"inLanguage":"fr-FR"},{"@type":"Organization","@id":"https:\/\/tb-farming.com\/fr\/#organization","name":"TB Farming AG","url":"https:\/\/tb-farming.com\/fr\/","logo":{"@type":"ImageObject","inLanguage":"fr-FR","@id":"https:\/\/tb-farming.com\/fr\/#\/schema\/logo\/image\/","url":"https:\/\/tb-farming.com\/wp-content\/uploads\/2024\/01\/TB-Farming-500x270-1.png","contentUrl":"https:\/\/tb-farming.com\/wp-content\/uploads\/2024\/01\/TB-Farming-500x270-1.png","width":500,"height":270,"caption":"TB Farming AG"},"image":{"@id":"https:\/\/tb-farming.com\/fr\/#\/schema\/logo\/image\/"},"sameAs":["https:\/\/www.linkedin.com\/company\/tb-farming-ag\/","https:\/\/www.instagram.com\/tb.farming\/"],"email":"info@tbfarming.ch","telephone":"+41(0) 71 642 10 91","legalName":"TB Farming AG","numberOfEmployees":{"@type":"QuantitativeValue","minValue":"11","maxValue":"50"}}]}},"_links":{"self":[{"href":"https:\/\/tb-farming.com\/fr\/wp-json\/wp\/v2\/pages\/2269","targetHints":{"allow":["GET"]}}],"collection":[{"href":"https:\/\/tb-farming.com\/fr\/wp-json\/wp\/v2\/pages"}],"about":[{"href":"https:\/\/tb-farming.com\/fr\/wp-json\/wp\/v2\/types\/page"}],"author":[{"embeddable":true,"href":"https:\/\/tb-farming.com\/fr\/wp-json\/wp\/v2\/users\/1"}],"replies":[{"embeddable":true,"href":"https:\/\/tb-farming.com\/fr\/wp-json\/wp\/v2\/comments?post=2269"}],"version-history":[{"count":1,"href":"https:\/\/tb-farming.com\/fr\/wp-json\/wp\/v2\/pages\/2269\/revisions"}],"predecessor-version":[{"id":2272,"href":"https:\/\/tb-farming.com\/fr\/wp-json\/wp\/v2\/pages\/2269\/revisions\/2272"}],"up":[{"embeddable":true,"href":"https:\/\/tb-farming.com\/fr\/wp-json\/wp\/v2\/pages\/2253"}],"wp:attachment":[{"href":"https:\/\/tb-farming.com\/fr\/wp-json\/wp\/v2\/media?parent=2269"}],"curies":[{"name":"wp","href":"https:\/\/api.w.org\/{rel}","templated":true}]}}