{"id":2233,"date":"2018-11-19T10:10:34","date_gmt":"2018-11-19T09:10:34","guid":{"rendered":"https:\/\/tb-farming.com\/culture-de-plantes\/"},"modified":"2024-09-23T10:32:08","modified_gmt":"2024-09-23T08:32:08","slug":"culture-de-plantes","status":"publish","type":"page","link":"https:\/\/tb-farming.com\/fr\/projets\/culture-de-plantes\/","title":{"rendered":"Culture de plantes"},"content":{"rendered":"<div class=\"wpb-content-wrapper\"><p>[vc_row css=\u00a0\u00bb.vc_custom_1542188489306{padding-top: 70px !important;padding-bottom: 100px !important;}\u00a0\u00bb][vc_column offset=\u00a0\u00bbvc_col-md-4&Prime; el_class=\u00a0\u00bblg-right40&Prime;][vc_wp_custommenu nav_menu=\u00a0\u00bb36&Prime;][vc_column_text css=\u00a0\u00bb.vc_custom_1709210751404{padding-top: 25px !important;padding-right: 28px !important;padding-bottom: 28px !important;padding-left: 28px !important;background-color: #f7f7f7 !important;}\u00a0\u00bb el_class=\u00a0\u00bbdownload-box\u00a0\u00bb]<\/p>\n<h4>G\u00e9n\u00e9tiques<\/h4>\n<p>  Vous pouvez vous procurer nos propres vari\u00e9t\u00e9s sous forme de boutures.  <a class=\"btn btn-download\"><i class=\"fas fa-download\"><\/i>  Brochure<\/a><\/p>\n<p>[\/vc_column_text][\/vc_column][vc_column offset=\u00a0\u00bbvc_col-md-8&Prime;][vc_single_image image=\u00a0\u00bb1389&Prime; img_size=\u00a0\u00bbfull\u00a0\u00bb css=\u00a0\u00bb.vc_custom_1709211414275{margin-bottom: 45px !important;}\u00a0\u00bb][vc_custom_heading text=\u00a0\u00bbDans les structures cach\u00e9es de notre existence se cache un secret fascinant : la g\u00e9n\u00e9tique.<br \/>\nLa g\u00e9n\u00e9tique des plantes de cannabis joue un r\u00f4le crucial dans la production de cannabis.<br \/>\nElle influence de mani\u00e8re d\u00e9terminante la qualit\u00e9, les profils de substances actives ainsi que la capacit\u00e9 d&apos;adaptation des plantes \u00e0 diff\u00e9rents environnements de culture.<br \/>\nEn s\u00e9lectionnant et en cultivant des g\u00e9n\u00e9tiques de cannabis sp\u00e9cifiques, TB Farming peut d\u00e9velopper des plantes de cannabis sp\u00e9ciales.<br \/>\nLes plantes de cannabis peuvent r\u00e9pondre \u00e0 des exigences \u00e9lev\u00e9es en termes de teneur en THC ou CBD, de rendement, de r\u00e9sistance aux parasites et aux maladies, ainsi que d&apos;ar\u00f4mes et de profils terp\u00e9niques sp\u00e9cifiques.    \u00a0\u00bb font_container=\u00a0\u00bbtag:p|font_size:18px|text_align:left|line_height:30px\u00a0\u00bb use_theme_fonts=\u00a0\u00bbyes\u00a0\u00bb css=\u00a0\u00bb.vc_custom_1710325394634{margin-bottom: 40px !important;}\u00a0\u00bb][vc_custom_heading text=\u00a0\u00bbExigences \u00e9lev\u00e9es en termes de qualit\u00e9 et de teneur en THC ou CBD\u00a0\u00bb font_container=\u00a0\u00bbtag:h4|text_align:left\u00a0\u00bb use_theme_fonts=\u00a0\u00bbyes\u00a0\u00bb css=\u00a0\u00bb.vc_custom_1709212013269{margin-bottom: 60px !important;}\u00a0\u00bb][vc_row_inner equal_height=\u00a0\u00bbyes\u00a0\u00bb css=\u00a0\u00bb.vc_custom_1542619504915{padding-bottom: 20px !important;}\u00a0\u00bb][vc_column_inner width=\u00a0\u00bb1\/2&Prime; offset=\u00a0\u00bbvc_col-md-4&Prime;][vc_column_text]<\/p>\n<h5 class=\"text-primary\">M\u00e9thodes<\/h5>\n<p>  Les m\u00e9thodes modernes de s\u00e9lection et les approches biotechnologiques permettent d&rsquo;analyser avec pr\u00e9cision et d&rsquo;optimiser les caract\u00e9ristiques g\u00e9n\u00e9tiques des plantes de cannabis.<br \/>\nCela inclut le d\u00e9veloppement de vari\u00e9t\u00e9s utilis\u00e9es \u00e0 des fins m\u00e9dicales, en pr\u00e9sentant un certain ratio de cannabino\u00efdes, ou de vari\u00e9t\u00e9s cultiv\u00e9es sp\u00e9cifiquement pour un usage r\u00e9cr\u00e9atif, dans le but d&rsquo;obtenir des saveurs ou des effets uniques.[\/vc_column_text][\/vc_column_inner][vc_column_inner width=\u00a0\u00bb1\/2&Prime; offset=\u00a0\u00bbvc_col-md-4&Prime;][vc_column_text]<\/p>\n<h5 class=\"text-primary\">Recherche<\/h5>\n<p>  La recherche et le d\u00e9veloppement dans le domaine de la g\u00e9n\u00e9tique du cannabis est un processus continu qui vise \u00e0 am\u00e9liorer continuellement la diversit\u00e9 et la qualit\u00e9 des produits du cannabis.<br \/>\nLa s\u00e9lection et l&rsquo;hybridation g\u00e9n\u00e9tiques permettent aux cultivateurs de cr\u00e9er des vari\u00e9t\u00e9s aux caract\u00e9ristiques sp\u00e9cifiques qui rendent la culture plus efficace, augmentent les rendements et r\u00e9pondent aux besoins sp\u00e9cifiques des consommateurs.<\/p>\n<p>[\/vc_column_text][\/vc_column_inner][vc_column_inner width=\u00a0\u00bb1\/2&Prime; offset=\u00a0\u00bbvc_col-md-4&Prime;][vc_column_text]<\/p>\n<h5 class=\"text-primary\">Production<\/h5>\n<p>  Dans le contexte de la production, la connaissance et l&rsquo;application de la g\u00e9n\u00e9tique sp\u00e9cifique du cannabis sont essentielles pour le succ\u00e8s.<br \/>\nElle permet \u00e0 des producteurs comme TB Farming AG de se diff\u00e9rencier sur le march\u00e9 en fournissant des produits de cannabis de haute qualit\u00e9, coh\u00e9rents et s\u00fbrs.<br \/>\nL&rsquo;investissement dans la recherche et le d\u00e9veloppement de la g\u00e9n\u00e9tique du cannabis est donc un \u00e9l\u00e9ment cl\u00e9 de l&rsquo;innovation et du progr\u00e8s dans l&rsquo;industrie du cannabis, qui constitue la base de la fabrication de produits r\u00e9pondant aux exigences et aux pr\u00e9f\u00e9rences les plus diverses des utilisateurs.<\/p>\n<p>[\/vc_column_text][\/vc_column_inner][\/vc_row_inner][vc_custom_heading text=\u00a0\u00bbBoutures de qualit\u00e9\u00a0\u00bb font_container=\u00a0\u00bbtag:h4|text_align:left\u00a0\u00bb use_theme_fonts=\u00a0\u00bbyes\u00a0\u00bb css=\u00a0\u00bb.vc_custom_1709211914343{margin-bottom: 40px !important;}\u00a0\u00bb][vc_column_text]La qualit\u00e9 g\u00e9n\u00e9tique des boutures de TB Farming AG est un avantage imbattable pour la culture de plantes de haute qualit\u00e9.<br \/>\nGr\u00e2ce \u00e0 la s\u00e9lection et \u00e0 la culture cibl\u00e9es de caract\u00e8res de haute qualit\u00e9 g\u00e9n\u00e9tique, ces boutures garantissent des performances sup\u00e9rieures en termes de croissance, de rendement et de r\u00e9sistance.<\/p>\n<p>[\/vc_column_text]\n    <div class=\"project-slider projects row  style-2\" data-show=\"2\" data-auto=\"true\" data-arrow=\"true\" data-dot=\"\">\n            <\/div>\n\n    [\/vc_column][\/vc_row][vc_row el_class=\u00a0\u00bbbg-primary call-to-action\u00a0\u00bb css=\u00a0\u00bb.vc_custom_1542184444490{padding-top: 52px !important;padding-bottom: 52px !important;}\u00a0\u00bb][vc_column offset=\u00a0\u00bbvc_col-md-8&Prime;][vc_custom_heading text=\u00a0\u00bbBoutures avec g\u00e9n\u00e9tique de la maison TB Farming AG\u00a0\u00bb font_container=\u00a0\u00bbtag:h3|text_align:left|color:%23ffffff\u00a0\u00bb use_theme_fonts=\u00a0\u00bbyes\u00a0\u00bb css=\u00a0\u00bb.vc_custom_1710325232854{margin-top: 10px !important;margin-bottom: 0px !important;}\u00a0\u00bb][\/vc_column][vc_column offset=\u00a0\u00bbvc_col-md-4&Prime;]\n    <div class=\"text-right\">\n        <a class=\"btn btn-medium btn-light  \" href=\"https:\/\/tb-farming.com\/contact\/\" style=\"\">Jetzt bestellen<\/a>\n    <\/div>\n\n    [\/vc_column][\/vc_row]<\/p>\n<\/div>","protected":false},"excerpt":{"rendered":"<p>[vc_row css=\u00a0\u00bb.vc_custom_1542188489306{padding-top: 70px !important;padding-bottom: 100px !important;}\u00a0\u00bb][vc_column offset=\u00a0\u00bbvc_col-md-4&Prime; el_class=\u00a0\u00bblg-right40&Prime;][vc_wp_custommenu nav_menu=\u00a0\u00bb36&Prime;][vc_column_text css=\u00a0\u00bb.vc_custom_1709210751404{padding-top: 25px !important;padding-right: 28px !important;padding-bottom: 28px !important;padding-left: 28px !important;background-color: #f7f7f7 !important;}\u00a0\u00bb el_class=\u00a0\u00bbdownload-box\u00a0\u00bb] G\u00e9n\u00e9tiques Vous pouvez vous procurer nos propres vari\u00e9t\u00e9s sous forme de boutures. Brochure [\/vc_column_text][\/vc_column][vc_column offset=\u00a0\u00bbvc_col-md-8&Prime;][vc_single_image image=\u00a0\u00bb1389&Prime; img_size=\u00a0\u00bbfull\u00a0\u00bb css=\u00a0\u00bb.vc_custom_1709211414275{margin-bottom: 45px !important;}\u00a0\u00bb][vc_custom_heading text=\u00a0\u00bbDans les structures cach\u00e9es de notre existence se cache un secret fascinant : la [&hellip;]<\/p>\n","protected":false},"author":1,"featured_media":0,"parent":2253,"menu_order":0,"comment_status":"closed","ping_status":"closed","template":"","meta":{"footnotes":""},"class_list":["post-2233","page","type-page","status-publish","hentry"],"yoast_head":"<!-- This site is optimized with the Yoast SEO Premium plugin v24.0 (Yoast SEO v24.9) - https:\/\/yoast.com\/wordpress\/plugins\/seo\/ -->\n<title>Culture de plantes - Medizinisches Cannabis | GACP Standard | Anbau und Verarbeitung<\/title>\n<meta name=\"description\" content=\"Les g\u00e9n\u00e9tiques de cannabis cultiv\u00e9es et enregistr\u00e9es par TB Farming sont la pierre angulaire d&#039;une production r\u00e9ussie et de haut niveau.\" \/>\n<meta name=\"robots\" content=\"index, follow, max-snippet:-1, max-image-preview:large, max-video-preview:-1\" \/>\n<link rel=\"canonical\" href=\"https:\/\/tb-farming.com\/fr\/projets\/culture-de-plantes\/\" \/>\n<meta property=\"og:locale\" content=\"fr_FR\" \/>\n<meta property=\"og:type\" content=\"article\" \/>\n<meta property=\"og:title\" content=\"Culture de plantes\" \/>\n<meta property=\"og:description\" content=\"Les g\u00e9n\u00e9tiques de cannabis cultiv\u00e9es et enregistr\u00e9es par TB Farming sont la pierre angulaire d&#039;une production r\u00e9ussie et de haut niveau.\" \/>\n<meta property=\"og:url\" content=\"https:\/\/tb-farming.com\/fr\/projets\/culture-de-plantes\/\" \/>\n<meta property=\"og:site_name\" content=\"Medizinisches Cannabis | GACP Standard | Anbau und Verarbeitung\" \/>\n<meta property=\"article:modified_time\" content=\"2024-09-23T08:32:08+00:00\" \/>\n<meta property=\"og:image\" content=\"https:\/\/tb-farming.com\/wp-content\/uploads\/2024\/03\/social-sharing.jpg\" \/>\n\t<meta property=\"og:image:width\" content=\"1200\" \/>\n\t<meta property=\"og:image:height\" content=\"675\" \/>\n\t<meta property=\"og:image:type\" content=\"image\/jpeg\" \/>\n<meta name=\"twitter:card\" content=\"summary_large_image\" \/>\n<meta name=\"twitter:label1\" content=\"Dur\u00e9e de lecture estim\u00e9e\" \/>\n\t<meta name=\"twitter:data1\" content=\"4 minutes\" \/>\n<script type=\"application\/ld+json\" class=\"yoast-schema-graph\">{\"@context\":\"https:\/\/schema.org\",\"@graph\":[{\"@type\":\"WebPage\",\"@id\":\"https:\/\/tb-farming.com\/fr\/projets\/culture-de-plantes\/\",\"url\":\"https:\/\/tb-farming.com\/fr\/projets\/culture-de-plantes\/\",\"name\":\"Culture de plantes - Medizinisches Cannabis | GACP Standard | Anbau und Verarbeitung\",\"isPartOf\":{\"@id\":\"https:\/\/tb-farming.com\/fr\/#website\"},\"datePublished\":\"2018-11-19T09:10:34+00:00\",\"dateModified\":\"2024-09-23T08:32:08+00:00\",\"description\":\"Les g\u00e9n\u00e9tiques de cannabis cultiv\u00e9es et enregistr\u00e9es par TB Farming sont la pierre angulaire d'une production r\u00e9ussie et de haut niveau.\",\"breadcrumb\":{\"@id\":\"https:\/\/tb-farming.com\/fr\/projets\/culture-de-plantes\/#breadcrumb\"},\"inLanguage\":\"fr-FR\",\"potentialAction\":[{\"@type\":\"ReadAction\",\"target\":[\"https:\/\/tb-farming.com\/fr\/projets\/culture-de-plantes\/\"]}]},{\"@type\":\"BreadcrumbList\",\"@id\":\"https:\/\/tb-farming.com\/fr\/projets\/culture-de-plantes\/#breadcrumb\",\"itemListElement\":[{\"@type\":\"ListItem\",\"position\":1,\"name\":\"Startseite\",\"item\":\"https:\/\/tb-farming.com\/fr\/page-daccueil\/\"},{\"@type\":\"ListItem\",\"position\":2,\"name\":\"Projets\",\"item\":\"https:\/\/tb-farming.com\/fr\/projets\/\"},{\"@type\":\"ListItem\",\"position\":3,\"name\":\"Culture de plantes\"}]},{\"@type\":\"WebSite\",\"@id\":\"https:\/\/tb-farming.com\/fr\/#website\",\"url\":\"https:\/\/tb-farming.com\/fr\/\",\"name\":\"Medizinisches Cannabis | GACP Standard | Anbau und Verarbeitung\",\"description\":\"together we grow.\",\"publisher\":{\"@id\":\"https:\/\/tb-farming.com\/fr\/#organization\"},\"potentialAction\":[{\"@type\":\"SearchAction\",\"target\":{\"@type\":\"EntryPoint\",\"urlTemplate\":\"https:\/\/tb-farming.com\/fr\/?s={search_term_string}\"},\"query-input\":{\"@type\":\"PropertyValueSpecification\",\"valueRequired\":true,\"valueName\":\"search_term_string\"}}],\"inLanguage\":\"fr-FR\"},{\"@type\":\"Organization\",\"@id\":\"https:\/\/tb-farming.com\/fr\/#organization\",\"name\":\"TB Farming AG\",\"url\":\"https:\/\/tb-farming.com\/fr\/\",\"logo\":{\"@type\":\"ImageObject\",\"inLanguage\":\"fr-FR\",\"@id\":\"https:\/\/tb-farming.com\/fr\/#\/schema\/logo\/image\/\",\"url\":\"https:\/\/tb-farming.com\/wp-content\/uploads\/2024\/01\/TB-Farming-500x270-1.png\",\"contentUrl\":\"https:\/\/tb-farming.com\/wp-content\/uploads\/2024\/01\/TB-Farming-500x270-1.png\",\"width\":500,\"height\":270,\"caption\":\"TB Farming AG\"},\"image\":{\"@id\":\"https:\/\/tb-farming.com\/fr\/#\/schema\/logo\/image\/\"},\"sameAs\":[\"https:\/\/www.linkedin.com\/company\/tb-farming-ag\/\",\"https:\/\/www.instagram.com\/tb.farming\/\"],\"email\":\"info@tbfarming.ch\",\"telephone\":\"+41(0) 71 642 10 91\",\"legalName\":\"TB Farming AG\",\"numberOfEmployees\":{\"@type\":\"QuantitativeValue\",\"minValue\":\"11\",\"maxValue\":\"50\"}}]}<\/script>\n<!-- \/ Yoast SEO Premium plugin. -->","yoast_head_json":{"title":"Culture de plantes - Medizinisches Cannabis | GACP Standard | Anbau und Verarbeitung","description":"Les g\u00e9n\u00e9tiques de cannabis cultiv\u00e9es et enregistr\u00e9es par TB Farming sont la pierre angulaire d'une production r\u00e9ussie et de haut niveau.","robots":{"index":"index","follow":"follow","max-snippet":"max-snippet:-1","max-image-preview":"max-image-preview:large","max-video-preview":"max-video-preview:-1"},"canonical":"https:\/\/tb-farming.com\/fr\/projets\/culture-de-plantes\/","og_locale":"fr_FR","og_type":"article","og_title":"Culture de plantes","og_description":"Les g\u00e9n\u00e9tiques de cannabis cultiv\u00e9es et enregistr\u00e9es par TB Farming sont la pierre angulaire d'une production r\u00e9ussie et de haut niveau.","og_url":"https:\/\/tb-farming.com\/fr\/projets\/culture-de-plantes\/","og_site_name":"Medizinisches Cannabis | GACP Standard | Anbau und Verarbeitung","article_modified_time":"2024-09-23T08:32:08+00:00","og_image":[{"width":1200,"height":675,"url":"https:\/\/tb-farming.com\/wp-content\/uploads\/2024\/03\/social-sharing.jpg","type":"image\/jpeg"}],"twitter_card":"summary_large_image","twitter_misc":{"Dur\u00e9e de lecture estim\u00e9e":"4 minutes"},"schema":{"@context":"https:\/\/schema.org","@graph":[{"@type":"WebPage","@id":"https:\/\/tb-farming.com\/fr\/projets\/culture-de-plantes\/","url":"https:\/\/tb-farming.com\/fr\/projets\/culture-de-plantes\/","name":"Culture de plantes - Medizinisches Cannabis | GACP Standard | Anbau und Verarbeitung","isPartOf":{"@id":"https:\/\/tb-farming.com\/fr\/#website"},"datePublished":"2018-11-19T09:10:34+00:00","dateModified":"2024-09-23T08:32:08+00:00","description":"Les g\u00e9n\u00e9tiques de cannabis cultiv\u00e9es et enregistr\u00e9es par TB Farming sont la pierre angulaire d'une production r\u00e9ussie et de haut niveau.","breadcrumb":{"@id":"https:\/\/tb-farming.com\/fr\/projets\/culture-de-plantes\/#breadcrumb"},"inLanguage":"fr-FR","potentialAction":[{"@type":"ReadAction","target":["https:\/\/tb-farming.com\/fr\/projets\/culture-de-plantes\/"]}]},{"@type":"BreadcrumbList","@id":"https:\/\/tb-farming.com\/fr\/projets\/culture-de-plantes\/#breadcrumb","itemListElement":[{"@type":"ListItem","position":1,"name":"Startseite","item":"https:\/\/tb-farming.com\/fr\/page-daccueil\/"},{"@type":"ListItem","position":2,"name":"Projets","item":"https:\/\/tb-farming.com\/fr\/projets\/"},{"@type":"ListItem","position":3,"name":"Culture de plantes"}]},{"@type":"WebSite","@id":"https:\/\/tb-farming.com\/fr\/#website","url":"https:\/\/tb-farming.com\/fr\/","name":"Medizinisches Cannabis | GACP Standard | Anbau und Verarbeitung","description":"together we grow.","publisher":{"@id":"https:\/\/tb-farming.com\/fr\/#organization"},"potentialAction":[{"@type":"SearchAction","target":{"@type":"EntryPoint","urlTemplate":"https:\/\/tb-farming.com\/fr\/?s={search_term_string}"},"query-input":{"@type":"PropertyValueSpecification","valueRequired":true,"valueName":"search_term_string"}}],"inLanguage":"fr-FR"},{"@type":"Organization","@id":"https:\/\/tb-farming.com\/fr\/#organization","name":"TB Farming AG","url":"https:\/\/tb-farming.com\/fr\/","logo":{"@type":"ImageObject","inLanguage":"fr-FR","@id":"https:\/\/tb-farming.com\/fr\/#\/schema\/logo\/image\/","url":"https:\/\/tb-farming.com\/wp-content\/uploads\/2024\/01\/TB-Farming-500x270-1.png","contentUrl":"https:\/\/tb-farming.com\/wp-content\/uploads\/2024\/01\/TB-Farming-500x270-1.png","width":500,"height":270,"caption":"TB Farming AG"},"image":{"@id":"https:\/\/tb-farming.com\/fr\/#\/schema\/logo\/image\/"},"sameAs":["https:\/\/www.linkedin.com\/company\/tb-farming-ag\/","https:\/\/www.instagram.com\/tb.farming\/"],"email":"info@tbfarming.ch","telephone":"+41(0) 71 642 10 91","legalName":"TB Farming AG","numberOfEmployees":{"@type":"QuantitativeValue","minValue":"11","maxValue":"50"}}]}},"_links":{"self":[{"href":"https:\/\/tb-farming.com\/fr\/wp-json\/wp\/v2\/pages\/2233","targetHints":{"allow":["GET"]}}],"collection":[{"href":"https:\/\/tb-farming.com\/fr\/wp-json\/wp\/v2\/pages"}],"about":[{"href":"https:\/\/tb-farming.com\/fr\/wp-json\/wp\/v2\/types\/page"}],"author":[{"embeddable":true,"href":"https:\/\/tb-farming.com\/fr\/wp-json\/wp\/v2\/users\/1"}],"replies":[{"embeddable":true,"href":"https:\/\/tb-farming.com\/fr\/wp-json\/wp\/v2\/comments?post=2233"}],"version-history":[{"count":1,"href":"https:\/\/tb-farming.com\/fr\/wp-json\/wp\/v2\/pages\/2233\/revisions"}],"predecessor-version":[{"id":2243,"href":"https:\/\/tb-farming.com\/fr\/wp-json\/wp\/v2\/pages\/2233\/revisions\/2243"}],"up":[{"embeddable":true,"href":"https:\/\/tb-farming.com\/fr\/wp-json\/wp\/v2\/pages\/2253"}],"wp:attachment":[{"href":"https:\/\/tb-farming.com\/fr\/wp-json\/wp\/v2\/media?parent=2233"}],"curies":[{"name":"wp","href":"https:\/\/api.w.org\/{rel}","templated":true}]}}