{"id":2219,"date":"2018-11-16T07:42:06","date_gmt":"2018-11-16T06:42:06","guid":{"rendered":"https:\/\/tb-farming.com\/production\/"},"modified":"2024-09-23T10:32:05","modified_gmt":"2024-09-23T08:32:05","slug":"production","status":"publish","type":"page","link":"https:\/\/tb-farming.com\/fr\/production\/","title":{"rendered":"Production"},"content":{"rendered":"<div class=\"wpb-content-wrapper\"><p>[vc_row][vc_column][vc_column_text]<\/p>\n<p>[\/vc_column_text][\/vc_column][\/vc_row][vc_row][vc_column][vc_custom_heading text=\u00a0\u00bbCULTURE AUX NORMES GACP\u00a0\u00bb use_theme_fonts=\u00a0\u00bbyes\u00a0\u00bb][\/vc_column][\/vc_row][vc_row][vc_column width=\u00a0\u00bb1\/2&Prime;][vc_column_text]<\/p>\n<h2>Bonnes pratiques agricoles et de collecte<\/h2>\n<p>  La production de cannabis est soumise \u00e0 des directives strictes afin de garantir la qualit\u00e9 et la s\u00e9curit\u00e9.<br \/>\nUn aspect cl\u00e9 est la <a href=\"https:\/\/tb-farming.com\/lexikon\/gacp-good-agricultural-and-collection-practice\/\">norme GACP<\/a>, qui signifie \u00ab\u00a0Good Agricultural and Collection Practices\u00a0\u00bb (bonnes pratiques agricoles et de collecte).<br \/>\nCette norme est essentielle pour la production durable de cannabis.<br \/>\nDans ce contexte, il est important d&rsquo;utiliser des m\u00e9thodes et des \u00e9quipements modernes pour r\u00e9pondre \u00e0 ces exigences.<br \/>\nNotre soci\u00e9t\u00e9, une entreprise de cannabis verticalement int\u00e9gr\u00e9e, s&rsquo;est engag\u00e9e dans cette approche.<br \/>\nNous contr\u00f4lons chaque \u00e9tape du processus de production en interne.<br \/>\nCela signifie que nous suivons les <a href=\"https:\/\/tb-farming.com\/lexikon\/weed\/\">plantes de cannabis<\/a> depuis la plante m\u00e8re jusqu&rsquo;aux boutures, \u00e0 la culture, \u00e0 la floraison et finalement \u00e0 son traitement.<br \/>\nPlus de 26 ann\u00e9es d&rsquo;exp\u00e9rience et de connaissances approfondies sont mises \u00e0 profit dans ce processus.<br \/>\nNous ne perdons jamais de vue la n\u00e9cessit\u00e9 d&rsquo;un d\u00e9veloppement continu et en temps r\u00e9el.          <\/p>\n<h2>Culture biologique selon la norme GACP<\/h2>\n<p>  La culture biologique est au c\u0153ur de nos pr\u00e9occupations.<br \/>\nLa norme GACP joue ici un r\u00f4le central.<br \/>\nEn respectant ces directives, nous garantissons non seulement la qualit\u00e9 et la s\u00e9curit\u00e9 de nos produits, mais nous contribuons \u00e9galement \u00e0 la protection de l&rsquo;environnement.<br \/>\nNos m\u00e9thodes de culture et nos installations modernes sont sp\u00e9cialement con\u00e7ues pour r\u00e9pondre aux normes GACP.<br \/>\nNous adoptons des pratiques durables afin de r\u00e9duire au maximum l&#8217;empreinte \u00e9cologique de notre production de cannabis.      <\/p>\n<h2>Qualit\u00e9 et s\u00e9curit\u00e9<\/h2>\n<p>  En r\u00e9sum\u00e9, la norme GACP est un \u00e9l\u00e9ment essentiel de notre production de cannabis.<br \/>\nEn combinant de nombreuses ann\u00e9es d&rsquo;exp\u00e9rience, un d\u00e9veloppement continu et un fort accent sur la culture \u00e9cologique, nous nous assurons que nos produits ne sont pas seulement s\u00fbrs et de haute qualit\u00e9, mais qu&rsquo;ils sont \u00e9galement produits de mani\u00e8re durable.<br \/>\nL&rsquo;int\u00e9gration de m\u00e9thodes et d&rsquo;\u00e9quipements modernes souligne notre engagement en faveur de l&rsquo;excellence et de la protection de l&rsquo;environnement dans le cadre de la production de cannabis.    <\/p>\n<h2>Un traitement en douceur<\/h2>\n<p>  Pour garantir une qualit\u00e9 \u00e9lev\u00e9e et continue de nos mati\u00e8res premi\u00e8res et de nos produits, nous utilisons les trois \u00ab\u00a0H\u00a0\u00bb.<br \/>\n\u00ab\u00a0hang dried, hand trimmed &amp; hand tended\u00a0\u00bb &#8211; gr\u00e2ce \u00e0 ce traitement d\u00e9licat, nous garantissons la meilleure qualit\u00e9 possible.   &nbsp;<\/p>\n<p>[\/vc_column_text][\/vc_column][vc_column width=\u00a0\u00bb1\/2&Prime;][vc_gallery interval=\u00a0\u00bb3&Prime; images=\u00a0\u00bb1111,1112,1113,1114,1115,1116,1117,1118,1119,1120&Prime; img_size=\u00a0\u00bblarge\u00a0\u00bb][\/vc_column][\/vc_row][vc_row][vc_column][vc_column_text]<span class=\"wixui-rich-text__text\">Toute notre cha\u00eene de valeur est r\u00e9unie sous un m\u00eame toit.<br \/>\nAinsi, notre production travaille en \u00e9troite collaboration avec notre service commercial et logistique et participe \u00e9galement \u00e0 un \u00e9change actif avec le service de d\u00e9veloppement des produits.   <\/span><\/p>\n<p>[\/vc_column_text][\/vc_column][\/vc_row][vc_row el_class=\u00a0\u00bbbg-primary call-to-action\u00a0\u00bb css=\u00a0\u00bb.vc_custom_1542184444490{padding-top: 52px !important;padding-bottom: 52px !important;}\u00a0\u00bb][vc_column offset=\u00a0\u00bbvc_col-md-8&Prime;][vc_custom_heading text=\u00a0\u00bbProduction de cannabis selon les normes internationales.\u00a0\u00bb font_container=\u00a0\u00bbtag:h3|text_align:left|color:%23ffffff\u00a0\u00bb use_theme_fonts=\u00a0\u00bbyes\u00a0\u00bb css=\u00a0\u00bb.vc_custom_1709194387222{margin-top: 10px !important;margin-bottom: 0px !important;}\u00a0\u00bb][\/vc_column][vc_column offset=\u00a0\u00bbvc_col-md-4&Prime;]\n    <div class=\"text-right\">\n        <a class=\"btn btn-medium btn-light  \" href=\"http:\/\/contact\/\" style=\"\">In Kontakt treten<\/a>\n    <\/div>\n\n    [\/vc_column][\/vc_row]<\/p>\n<\/div>","protected":false},"excerpt":{"rendered":"<p>[vc_row][vc_column][vc_column_text] [\/vc_column_text][\/vc_column][\/vc_row][vc_row][vc_column][vc_custom_heading text=\u00a0\u00bbCULTURE AUX NORMES GACP\u00a0\u00bb use_theme_fonts=\u00a0\u00bbyes\u00a0\u00bb][\/vc_column][\/vc_row][vc_row][vc_column width=\u00a0\u00bb1\/2&Prime;][vc_column_text] Bonnes pratiques agricoles et de collecte La production de cannabis est soumise \u00e0 des directives strictes afin de garantir la qualit\u00e9 et la s\u00e9curit\u00e9. Un aspect cl\u00e9 est la norme GACP, qui signifie \u00ab\u00a0Good Agricultural and Collection Practices\u00a0\u00bb (bonnes pratiques agricoles et de collecte). Cette norme est [&hellip;]<\/p>\n","protected":false},"author":1,"featured_media":0,"parent":0,"menu_order":0,"comment_status":"closed","ping_status":"closed","template":"","meta":{"footnotes":""},"class_list":["post-2219","page","type-page","status-publish","hentry"],"yoast_head":"<!-- This site is optimized with the Yoast SEO Premium plugin v24.0 (Yoast SEO v24.9) - https:\/\/yoast.com\/wordpress\/plugins\/seo\/ -->\n<title>Production - Medizinisches Cannabis | GACP Standard | Anbau und Verarbeitung<\/title>\n<meta name=\"description\" content=\"Cannabis m\u00e9dical cultiv\u00e9 selon les normes GACP. Comment la s\u00e9curit\u00e9, la qualit\u00e9 et la durabilit\u00e9 affectent les plantes.\" \/>\n<meta name=\"robots\" content=\"index, follow, max-snippet:-1, max-image-preview:large, max-video-preview:-1\" \/>\n<link rel=\"canonical\" href=\"https:\/\/tb-farming.com\/fr\/production\/\" \/>\n<meta property=\"og:locale\" content=\"fr_FR\" \/>\n<meta property=\"og:type\" content=\"article\" \/>\n<meta property=\"og:title\" content=\"Production\" \/>\n<meta property=\"og:description\" content=\"Cannabis m\u00e9dical cultiv\u00e9 selon les normes GACP. Comment la s\u00e9curit\u00e9, la qualit\u00e9 et la durabilit\u00e9 affectent les plantes.\" \/>\n<meta property=\"og:url\" content=\"https:\/\/tb-farming.com\/fr\/production\/\" \/>\n<meta property=\"og:site_name\" content=\"Medizinisches Cannabis | GACP Standard | Anbau und Verarbeitung\" \/>\n<meta property=\"article:modified_time\" content=\"2024-09-23T08:32:05+00:00\" \/>\n<meta property=\"og:image\" content=\"https:\/\/tb-farming.com\/wp-content\/uploads\/2024\/03\/social-sharing.jpg\" \/>\n\t<meta property=\"og:image:width\" content=\"1200\" \/>\n\t<meta property=\"og:image:height\" content=\"675\" \/>\n\t<meta property=\"og:image:type\" content=\"image\/jpeg\" \/>\n<meta name=\"twitter:card\" content=\"summary_large_image\" \/>\n<meta name=\"twitter:label1\" content=\"Dur\u00e9e de lecture estim\u00e9e\" \/>\n\t<meta name=\"twitter:data1\" content=\"3 minutes\" \/>\n<script type=\"application\/ld+json\" class=\"yoast-schema-graph\">{\"@context\":\"https:\/\/schema.org\",\"@graph\":[{\"@type\":\"WebPage\",\"@id\":\"https:\/\/tb-farming.com\/fr\/production\/\",\"url\":\"https:\/\/tb-farming.com\/fr\/production\/\",\"name\":\"Production - Medizinisches Cannabis | GACP Standard | Anbau und Verarbeitung\",\"isPartOf\":{\"@id\":\"https:\/\/tb-farming.com\/fr\/#website\"},\"datePublished\":\"2018-11-16T06:42:06+00:00\",\"dateModified\":\"2024-09-23T08:32:05+00:00\",\"description\":\"Cannabis m\u00e9dical cultiv\u00e9 selon les normes GACP. Comment la s\u00e9curit\u00e9, la qualit\u00e9 et la durabilit\u00e9 affectent les plantes.\",\"breadcrumb\":{\"@id\":\"https:\/\/tb-farming.com\/fr\/production\/#breadcrumb\"},\"inLanguage\":\"fr-FR\",\"potentialAction\":[{\"@type\":\"ReadAction\",\"target\":[\"https:\/\/tb-farming.com\/fr\/production\/\"]}]},{\"@type\":\"BreadcrumbList\",\"@id\":\"https:\/\/tb-farming.com\/fr\/production\/#breadcrumb\",\"itemListElement\":[{\"@type\":\"ListItem\",\"position\":1,\"name\":\"Startseite\",\"item\":\"https:\/\/tb-farming.com\/fr\/page-daccueil\/\"},{\"@type\":\"ListItem\",\"position\":2,\"name\":\"Production\"}]},{\"@type\":\"WebSite\",\"@id\":\"https:\/\/tb-farming.com\/fr\/#website\",\"url\":\"https:\/\/tb-farming.com\/fr\/\",\"name\":\"Medizinisches Cannabis | GACP Standard | Anbau und Verarbeitung\",\"description\":\"together we grow.\",\"publisher\":{\"@id\":\"https:\/\/tb-farming.com\/fr\/#organization\"},\"potentialAction\":[{\"@type\":\"SearchAction\",\"target\":{\"@type\":\"EntryPoint\",\"urlTemplate\":\"https:\/\/tb-farming.com\/fr\/?s={search_term_string}\"},\"query-input\":{\"@type\":\"PropertyValueSpecification\",\"valueRequired\":true,\"valueName\":\"search_term_string\"}}],\"inLanguage\":\"fr-FR\"},{\"@type\":\"Organization\",\"@id\":\"https:\/\/tb-farming.com\/fr\/#organization\",\"name\":\"TB Farming AG\",\"url\":\"https:\/\/tb-farming.com\/fr\/\",\"logo\":{\"@type\":\"ImageObject\",\"inLanguage\":\"fr-FR\",\"@id\":\"https:\/\/tb-farming.com\/fr\/#\/schema\/logo\/image\/\",\"url\":\"https:\/\/tb-farming.com\/wp-content\/uploads\/2024\/01\/TB-Farming-500x270-1.png\",\"contentUrl\":\"https:\/\/tb-farming.com\/wp-content\/uploads\/2024\/01\/TB-Farming-500x270-1.png\",\"width\":500,\"height\":270,\"caption\":\"TB Farming AG\"},\"image\":{\"@id\":\"https:\/\/tb-farming.com\/fr\/#\/schema\/logo\/image\/\"},\"sameAs\":[\"https:\/\/www.linkedin.com\/company\/tb-farming-ag\/\",\"https:\/\/www.instagram.com\/tb.farming\/\"],\"email\":\"info@tbfarming.ch\",\"telephone\":\"+41(0) 71 642 10 91\",\"legalName\":\"TB Farming AG\",\"numberOfEmployees\":{\"@type\":\"QuantitativeValue\",\"minValue\":\"11\",\"maxValue\":\"50\"}}]}<\/script>\n<!-- \/ Yoast SEO Premium plugin. -->","yoast_head_json":{"title":"Production - Medizinisches Cannabis | GACP Standard | Anbau und Verarbeitung","description":"Cannabis m\u00e9dical cultiv\u00e9 selon les normes GACP. Comment la s\u00e9curit\u00e9, la qualit\u00e9 et la durabilit\u00e9 affectent les plantes.","robots":{"index":"index","follow":"follow","max-snippet":"max-snippet:-1","max-image-preview":"max-image-preview:large","max-video-preview":"max-video-preview:-1"},"canonical":"https:\/\/tb-farming.com\/fr\/production\/","og_locale":"fr_FR","og_type":"article","og_title":"Production","og_description":"Cannabis m\u00e9dical cultiv\u00e9 selon les normes GACP. Comment la s\u00e9curit\u00e9, la qualit\u00e9 et la durabilit\u00e9 affectent les plantes.","og_url":"https:\/\/tb-farming.com\/fr\/production\/","og_site_name":"Medizinisches Cannabis | GACP Standard | Anbau und Verarbeitung","article_modified_time":"2024-09-23T08:32:05+00:00","og_image":[{"width":1200,"height":675,"url":"https:\/\/tb-farming.com\/wp-content\/uploads\/2024\/03\/social-sharing.jpg","type":"image\/jpeg"}],"twitter_card":"summary_large_image","twitter_misc":{"Dur\u00e9e de lecture estim\u00e9e":"3 minutes"},"schema":{"@context":"https:\/\/schema.org","@graph":[{"@type":"WebPage","@id":"https:\/\/tb-farming.com\/fr\/production\/","url":"https:\/\/tb-farming.com\/fr\/production\/","name":"Production - Medizinisches Cannabis | GACP Standard | Anbau und Verarbeitung","isPartOf":{"@id":"https:\/\/tb-farming.com\/fr\/#website"},"datePublished":"2018-11-16T06:42:06+00:00","dateModified":"2024-09-23T08:32:05+00:00","description":"Cannabis m\u00e9dical cultiv\u00e9 selon les normes GACP. Comment la s\u00e9curit\u00e9, la qualit\u00e9 et la durabilit\u00e9 affectent les plantes.","breadcrumb":{"@id":"https:\/\/tb-farming.com\/fr\/production\/#breadcrumb"},"inLanguage":"fr-FR","potentialAction":[{"@type":"ReadAction","target":["https:\/\/tb-farming.com\/fr\/production\/"]}]},{"@type":"BreadcrumbList","@id":"https:\/\/tb-farming.com\/fr\/production\/#breadcrumb","itemListElement":[{"@type":"ListItem","position":1,"name":"Startseite","item":"https:\/\/tb-farming.com\/fr\/page-daccueil\/"},{"@type":"ListItem","position":2,"name":"Production"}]},{"@type":"WebSite","@id":"https:\/\/tb-farming.com\/fr\/#website","url":"https:\/\/tb-farming.com\/fr\/","name":"Medizinisches Cannabis | GACP Standard | Anbau und Verarbeitung","description":"together we grow.","publisher":{"@id":"https:\/\/tb-farming.com\/fr\/#organization"},"potentialAction":[{"@type":"SearchAction","target":{"@type":"EntryPoint","urlTemplate":"https:\/\/tb-farming.com\/fr\/?s={search_term_string}"},"query-input":{"@type":"PropertyValueSpecification","valueRequired":true,"valueName":"search_term_string"}}],"inLanguage":"fr-FR"},{"@type":"Organization","@id":"https:\/\/tb-farming.com\/fr\/#organization","name":"TB Farming AG","url":"https:\/\/tb-farming.com\/fr\/","logo":{"@type":"ImageObject","inLanguage":"fr-FR","@id":"https:\/\/tb-farming.com\/fr\/#\/schema\/logo\/image\/","url":"https:\/\/tb-farming.com\/wp-content\/uploads\/2024\/01\/TB-Farming-500x270-1.png","contentUrl":"https:\/\/tb-farming.com\/wp-content\/uploads\/2024\/01\/TB-Farming-500x270-1.png","width":500,"height":270,"caption":"TB Farming AG"},"image":{"@id":"https:\/\/tb-farming.com\/fr\/#\/schema\/logo\/image\/"},"sameAs":["https:\/\/www.linkedin.com\/company\/tb-farming-ag\/","https:\/\/www.instagram.com\/tb.farming\/"],"email":"info@tbfarming.ch","telephone":"+41(0) 71 642 10 91","legalName":"TB Farming AG","numberOfEmployees":{"@type":"QuantitativeValue","minValue":"11","maxValue":"50"}}]}},"_links":{"self":[{"href":"https:\/\/tb-farming.com\/fr\/wp-json\/wp\/v2\/pages\/2219","targetHints":{"allow":["GET"]}}],"collection":[{"href":"https:\/\/tb-farming.com\/fr\/wp-json\/wp\/v2\/pages"}],"about":[{"href":"https:\/\/tb-farming.com\/fr\/wp-json\/wp\/v2\/types\/page"}],"author":[{"embeddable":true,"href":"https:\/\/tb-farming.com\/fr\/wp-json\/wp\/v2\/users\/1"}],"replies":[{"embeddable":true,"href":"https:\/\/tb-farming.com\/fr\/wp-json\/wp\/v2\/comments?post=2219"}],"version-history":[{"count":1,"href":"https:\/\/tb-farming.com\/fr\/wp-json\/wp\/v2\/pages\/2219\/revisions"}],"predecessor-version":[{"id":2232,"href":"https:\/\/tb-farming.com\/fr\/wp-json\/wp\/v2\/pages\/2219\/revisions\/2232"}],"wp:attachment":[{"href":"https:\/\/tb-farming.com\/fr\/wp-json\/wp\/v2\/media?parent=2219"}],"curies":[{"name":"wp","href":"https:\/\/api.w.org\/{rel}","templated":true}]}}