{"id":2176,"date":"2024-01-10T11:50:25","date_gmt":"2024-01-10T10:50:25","guid":{"rendered":"https:\/\/tb-farming.com\/impressum\/"},"modified":"2025-01-14T10:47:26","modified_gmt":"2025-01-14T09:47:26","slug":"impressum","status":"publish","type":"page","link":"https:\/\/tb-farming.com\/fr\/impressum\/","title":{"rendered":"IMPRESSUM"},"content":{"rendered":"<div class=\"wpb-content-wrapper\"><p>[vc_row][vc_column][vc_column_text css=\u00a0\u00bb\u00a0\u00bb][\/vc_column_text][\/vc_column][\/vc_row][vc_row][vc_column][vc_column_text css=\u00a0\u00bb\u00a0\u00bb]<\/p>\n<p><strong>TB Farming AG<\/strong><\/p>\n<p><!-- \/wp:post-content --><\/p>\n<p><!-- wp:paragraph -->Thurbruggstrasse 4<br \/>9215 Sch\u00f6nenberg an der Thur<\/p>\n<p><!-- \/wp:paragraph --><\/p>\n<p><!-- wp:paragraph -->+41 (0)41 71 642 10 91<\/p>\n<p><!-- \/wp:paragraph --><\/p>\n<p><!-- wp:paragraph -->i<a href=\"mailto:info@tbfarming.ch\">nfo@tbfarming.c<\/a>h<br \/>www.tbfarming.ch<\/p>\n<p>[\/vc_column_text][\/vc_column][\/vc_row][vc_row][vc_column][vc_column_text css=\u00a0\u00bb\u00a0\u00bb]<!-- \/wp:paragraph --><\/p>\n<p><!-- wp:heading {\"style\":{\"typography\":{\"fontSize\":38,\"lineHeight\":\"1.4\"}}} --><\/p>\n<h2 class=\"wp-block-heading\" style=\"font-size: 38px; line-height: 1.4;\">Mentions l\u00e9gales<\/h2>\n<p><!-- \/wp:heading --> <\/p>\n<p><!-- wp:columns --><\/p>\n<div class=\"wp-block-columns\"><!-- wp:column --><\/p>\n<div class=\"wp-block-column\">\n<p><!-- wp:paragraph -->Ce site web est mis \u00e0 disposition pour fournir des informations g\u00e9n\u00e9rales sur TB Farming AG et ses produits.<br \/>\nLes pages accessibles \u00e0 tous ne contiennent pas de conseils m\u00e9dicaux. <\/p>\n<p><!-- \/wp:paragraph --><\/p>\n<p><!-- wp:paragraph -->L&rsquo;utilisateur du site Web reconna\u00eet que l&rsquo;utilisation du site Web ainsi que l&rsquo;utilisation des pages qui y sont li\u00e9es se font exclusivement \u00e0 ses risques et p\u00e9rils et que ni TB Farming AG ni aucune autre partie ayant particip\u00e9 \u00e0 la cr\u00e9ation du site Web n&rsquo;assume de responsabilit\u00e9 pour des dommages directs, indirects ou cons\u00e9cutifs de quelque nature que ce soit.<\/p>\n<p><!-- \/wp:paragraph --><\/p>\n<p><!-- wp:paragraph {\"style\":{\"typography\":{\"fontSize\":18}}} --><\/p>\n<p style=\"font-size: 18px;\">TB Farming AG a fait tout son possible pour fournir des informations correctes et actuelles.<br \/>\nToute responsabilit\u00e9 pour l&rsquo;exhaustivit\u00e9 et l&rsquo;exactitude des informations contenues dans ces pages, explicitement ou implicitement, est exclue. <\/p>\n<p><!-- \/wp:paragraph --><\/p>\n<p><!-- wp:paragraph -->Le site web de TB Farming AG contient \u00e9galement des liens vers d&rsquo;autres sites web.<br \/>\nTB Farming AG n&rsquo;a aucune influence sur le contenu de ces sites et d\u00e9cline toute responsabilit\u00e9 \u00e0 cet \u00e9gard. <\/p>\n<p><!-- \/wp:paragraph --><\/p>\n<p><!-- wp:paragraph -->Toutes les informations de ce site web sont la propri\u00e9t\u00e9 de TB Farming AG.<br \/>Toute utilisation de ces informations sans l&rsquo;accord \u00e9crit pr\u00e9alable de TB Farming AG est interdite.<\/p>\n<p><!-- \/wp:paragraph --><\/p>\n<p><!-- wp:paragraph -->Nous nous r\u00e9servons le droit de modifier le contenu de ce site sans pr\u00e9avis.<br \/>\nNous d\u00e9clinons toute responsabilit\u00e9 quant aux cons\u00e9quences de telles modifications. <\/p>\n<p><!-- \/wp:paragraph --><\/p>\n<\/div>\n<p><!-- \/wp:column --><\/p>\n<\/div>\n<p><!-- \/wp:columns --><\/p>\n<p><!-- wp:paragraph -->Handelsregister-Nr.: CH-440.3.030.959-0<\/p>\n<p><!-- \/wp:paragraph --> <\/p>\n<p>[\/vc_column_text][\/vc_column][\/vc_row]<\/p>\n<\/div>","protected":false},"excerpt":{"rendered":"<p>[vc_row][vc_column][vc_column_text css=\u00a0\u00bb\u00a0\u00bb][\/vc_column_text][\/vc_column][\/vc_row][vc_row][vc_column][vc_column_text css=\u00a0\u00bb\u00a0\u00bb] TB Farming AG Thurbruggstrasse 49215 Sch\u00f6nenberg an der Thur +41 (0)41 71 642 10 91 info@tbfarming.chwww.tbfarming.ch [\/vc_column_text][\/vc_column][\/vc_row][vc_row][vc_column][vc_column_text css=\u00a0\u00bb\u00a0\u00bb] Mentions l\u00e9gales Ce site web est mis \u00e0 disposition pour fournir des informations g\u00e9n\u00e9rales sur TB Farming AG et ses produits. Les pages accessibles \u00e0 tous ne contiennent pas de conseils m\u00e9dicaux. L&rsquo;utilisateur du [&hellip;]<\/p>\n","protected":false},"author":1,"featured_media":0,"parent":0,"menu_order":0,"comment_status":"closed","ping_status":"closed","template":"","meta":{"footnotes":""},"class_list":["post-2176","page","type-page","status-publish","hentry"],"yoast_head":"<!-- This site is optimized with the Yoast SEO Premium plugin v24.0 (Yoast SEO v24.9) - https:\/\/yoast.com\/wordpress\/plugins\/seo\/ -->\n<title>IMPRESSUM - Medizinisches Cannabis | GACP Standard | Anbau und Verarbeitung<\/title>\n<meta name=\"robots\" content=\"index, follow, max-snippet:-1, max-image-preview:large, max-video-preview:-1\" \/>\n<link rel=\"canonical\" href=\"https:\/\/tb-farming.com\/fr\/impressum\/\" \/>\n<meta property=\"og:locale\" content=\"fr_FR\" \/>\n<meta property=\"og:type\" content=\"article\" \/>\n<meta property=\"og:title\" content=\"IMPRESSUM\" \/>\n<meta property=\"og:description\" content=\"[vc_row][vc_column][vc_column_text css=\u00a0\u00bb\u00a0\u00bb][\/vc_column_text][\/vc_column][\/vc_row][vc_row][vc_column][vc_column_text css=\u00a0\u00bb\u00a0\u00bb] TB Farming AG Thurbruggstrasse 49215 Sch\u00f6nenberg an der Thur +41 (0)41 71 642 10 91 info@tbfarming.chwww.tbfarming.ch [\/vc_column_text][\/vc_column][\/vc_row][vc_row][vc_column][vc_column_text css=\u00a0\u00bb\u00a0\u00bb] Mentions l\u00e9gales Ce site web est mis \u00e0 disposition pour fournir des informations g\u00e9n\u00e9rales sur TB Farming AG et ses produits. Les pages accessibles \u00e0 tous ne contiennent pas de conseils m\u00e9dicaux. L&rsquo;utilisateur du [&hellip;]\" \/>\n<meta property=\"og:url\" content=\"https:\/\/tb-farming.com\/fr\/impressum\/\" \/>\n<meta property=\"og:site_name\" content=\"Medizinisches Cannabis | GACP Standard | Anbau und Verarbeitung\" \/>\n<meta property=\"article:modified_time\" content=\"2025-01-14T09:47:26+00:00\" \/>\n<meta property=\"og:image\" content=\"https:\/\/tb-farming.com\/wp-content\/uploads\/2024\/03\/social-sharing.jpg\" \/>\n\t<meta property=\"og:image:width\" content=\"1200\" \/>\n\t<meta property=\"og:image:height\" content=\"675\" \/>\n\t<meta property=\"og:image:type\" content=\"image\/jpeg\" \/>\n<meta name=\"twitter:card\" content=\"summary_large_image\" \/>\n<meta name=\"twitter:label1\" content=\"Dur\u00e9e de lecture estim\u00e9e\" \/>\n\t<meta name=\"twitter:data1\" content=\"1 minute\" \/>\n<script type=\"application\/ld+json\" class=\"yoast-schema-graph\">{\"@context\":\"https:\/\/schema.org\",\"@graph\":[{\"@type\":\"WebPage\",\"@id\":\"https:\/\/tb-farming.com\/fr\/impressum\/\",\"url\":\"https:\/\/tb-farming.com\/fr\/impressum\/\",\"name\":\"IMPRESSUM - Medizinisches Cannabis | GACP Standard | Anbau und Verarbeitung\",\"isPartOf\":{\"@id\":\"https:\/\/tb-farming.com\/fr\/#website\"},\"datePublished\":\"2024-01-10T10:50:25+00:00\",\"dateModified\":\"2025-01-14T09:47:26+00:00\",\"breadcrumb\":{\"@id\":\"https:\/\/tb-farming.com\/fr\/impressum\/#breadcrumb\"},\"inLanguage\":\"fr-FR\",\"potentialAction\":[{\"@type\":\"ReadAction\",\"target\":[\"https:\/\/tb-farming.com\/fr\/impressum\/\"]}]},{\"@type\":\"BreadcrumbList\",\"@id\":\"https:\/\/tb-farming.com\/fr\/impressum\/#breadcrumb\",\"itemListElement\":[{\"@type\":\"ListItem\",\"position\":1,\"name\":\"Startseite\",\"item\":\"https:\/\/tb-farming.com\/fr\/page-daccueil\/\"},{\"@type\":\"ListItem\",\"position\":2,\"name\":\"IMPRESSUM\"}]},{\"@type\":\"WebSite\",\"@id\":\"https:\/\/tb-farming.com\/fr\/#website\",\"url\":\"https:\/\/tb-farming.com\/fr\/\",\"name\":\"Medizinisches Cannabis | GACP Standard | Anbau und Verarbeitung\",\"description\":\"together we grow.\",\"publisher\":{\"@id\":\"https:\/\/tb-farming.com\/fr\/#organization\"},\"potentialAction\":[{\"@type\":\"SearchAction\",\"target\":{\"@type\":\"EntryPoint\",\"urlTemplate\":\"https:\/\/tb-farming.com\/fr\/?s={search_term_string}\"},\"query-input\":{\"@type\":\"PropertyValueSpecification\",\"valueRequired\":true,\"valueName\":\"search_term_string\"}}],\"inLanguage\":\"fr-FR\"},{\"@type\":\"Organization\",\"@id\":\"https:\/\/tb-farming.com\/fr\/#organization\",\"name\":\"TB Farming AG\",\"url\":\"https:\/\/tb-farming.com\/fr\/\",\"logo\":{\"@type\":\"ImageObject\",\"inLanguage\":\"fr-FR\",\"@id\":\"https:\/\/tb-farming.com\/fr\/#\/schema\/logo\/image\/\",\"url\":\"https:\/\/tb-farming.com\/wp-content\/uploads\/2024\/01\/TB-Farming-500x270-1.png\",\"contentUrl\":\"https:\/\/tb-farming.com\/wp-content\/uploads\/2024\/01\/TB-Farming-500x270-1.png\",\"width\":500,\"height\":270,\"caption\":\"TB Farming AG\"},\"image\":{\"@id\":\"https:\/\/tb-farming.com\/fr\/#\/schema\/logo\/image\/\"},\"sameAs\":[\"https:\/\/www.linkedin.com\/company\/tb-farming-ag\/\",\"https:\/\/www.instagram.com\/tb.farming\/\"],\"email\":\"info@tbfarming.ch\",\"telephone\":\"+41(0) 71 642 10 91\",\"legalName\":\"TB Farming AG\",\"numberOfEmployees\":{\"@type\":\"QuantitativeValue\",\"minValue\":\"11\",\"maxValue\":\"50\"}}]}<\/script>\n<!-- \/ Yoast SEO Premium plugin. -->","yoast_head_json":{"title":"IMPRESSUM - Medizinisches Cannabis | GACP Standard | Anbau und Verarbeitung","robots":{"index":"index","follow":"follow","max-snippet":"max-snippet:-1","max-image-preview":"max-image-preview:large","max-video-preview":"max-video-preview:-1"},"canonical":"https:\/\/tb-farming.com\/fr\/impressum\/","og_locale":"fr_FR","og_type":"article","og_title":"IMPRESSUM","og_description":"[vc_row][vc_column][vc_column_text css=\u00a0\u00bb\u00a0\u00bb][\/vc_column_text][\/vc_column][\/vc_row][vc_row][vc_column][vc_column_text css=\u00a0\u00bb\u00a0\u00bb] TB Farming AG Thurbruggstrasse 49215 Sch\u00f6nenberg an der Thur +41 (0)41 71 642 10 91 info@tbfarming.chwww.tbfarming.ch [\/vc_column_text][\/vc_column][\/vc_row][vc_row][vc_column][vc_column_text css=\u00a0\u00bb\u00a0\u00bb] Mentions l\u00e9gales Ce site web est mis \u00e0 disposition pour fournir des informations g\u00e9n\u00e9rales sur TB Farming AG et ses produits. Les pages accessibles \u00e0 tous ne contiennent pas de conseils m\u00e9dicaux. L&rsquo;utilisateur du [&hellip;]","og_url":"https:\/\/tb-farming.com\/fr\/impressum\/","og_site_name":"Medizinisches Cannabis | GACP Standard | Anbau und Verarbeitung","article_modified_time":"2025-01-14T09:47:26+00:00","og_image":[{"width":1200,"height":675,"url":"https:\/\/tb-farming.com\/wp-content\/uploads\/2024\/03\/social-sharing.jpg","type":"image\/jpeg"}],"twitter_card":"summary_large_image","twitter_misc":{"Dur\u00e9e de lecture estim\u00e9e":"1 minute"},"schema":{"@context":"https:\/\/schema.org","@graph":[{"@type":"WebPage","@id":"https:\/\/tb-farming.com\/fr\/impressum\/","url":"https:\/\/tb-farming.com\/fr\/impressum\/","name":"IMPRESSUM - Medizinisches Cannabis | GACP Standard | Anbau und Verarbeitung","isPartOf":{"@id":"https:\/\/tb-farming.com\/fr\/#website"},"datePublished":"2024-01-10T10:50:25+00:00","dateModified":"2025-01-14T09:47:26+00:00","breadcrumb":{"@id":"https:\/\/tb-farming.com\/fr\/impressum\/#breadcrumb"},"inLanguage":"fr-FR","potentialAction":[{"@type":"ReadAction","target":["https:\/\/tb-farming.com\/fr\/impressum\/"]}]},{"@type":"BreadcrumbList","@id":"https:\/\/tb-farming.com\/fr\/impressum\/#breadcrumb","itemListElement":[{"@type":"ListItem","position":1,"name":"Startseite","item":"https:\/\/tb-farming.com\/fr\/page-daccueil\/"},{"@type":"ListItem","position":2,"name":"IMPRESSUM"}]},{"@type":"WebSite","@id":"https:\/\/tb-farming.com\/fr\/#website","url":"https:\/\/tb-farming.com\/fr\/","name":"Medizinisches Cannabis | GACP Standard | Anbau und Verarbeitung","description":"together we grow.","publisher":{"@id":"https:\/\/tb-farming.com\/fr\/#organization"},"potentialAction":[{"@type":"SearchAction","target":{"@type":"EntryPoint","urlTemplate":"https:\/\/tb-farming.com\/fr\/?s={search_term_string}"},"query-input":{"@type":"PropertyValueSpecification","valueRequired":true,"valueName":"search_term_string"}}],"inLanguage":"fr-FR"},{"@type":"Organization","@id":"https:\/\/tb-farming.com\/fr\/#organization","name":"TB Farming AG","url":"https:\/\/tb-farming.com\/fr\/","logo":{"@type":"ImageObject","inLanguage":"fr-FR","@id":"https:\/\/tb-farming.com\/fr\/#\/schema\/logo\/image\/","url":"https:\/\/tb-farming.com\/wp-content\/uploads\/2024\/01\/TB-Farming-500x270-1.png","contentUrl":"https:\/\/tb-farming.com\/wp-content\/uploads\/2024\/01\/TB-Farming-500x270-1.png","width":500,"height":270,"caption":"TB Farming AG"},"image":{"@id":"https:\/\/tb-farming.com\/fr\/#\/schema\/logo\/image\/"},"sameAs":["https:\/\/www.linkedin.com\/company\/tb-farming-ag\/","https:\/\/www.instagram.com\/tb.farming\/"],"email":"info@tbfarming.ch","telephone":"+41(0) 71 642 10 91","legalName":"TB Farming AG","numberOfEmployees":{"@type":"QuantitativeValue","minValue":"11","maxValue":"50"}}]}},"_links":{"self":[{"href":"https:\/\/tb-farming.com\/fr\/wp-json\/wp\/v2\/pages\/2176","targetHints":{"allow":["GET"]}}],"collection":[{"href":"https:\/\/tb-farming.com\/fr\/wp-json\/wp\/v2\/pages"}],"about":[{"href":"https:\/\/tb-farming.com\/fr\/wp-json\/wp\/v2\/types\/page"}],"author":[{"embeddable":true,"href":"https:\/\/tb-farming.com\/fr\/wp-json\/wp\/v2\/users\/1"}],"replies":[{"embeddable":true,"href":"https:\/\/tb-farming.com\/fr\/wp-json\/wp\/v2\/comments?post=2176"}],"version-history":[{"count":3,"href":"https:\/\/tb-farming.com\/fr\/wp-json\/wp\/v2\/pages\/2176\/revisions"}],"predecessor-version":[{"id":2670,"href":"https:\/\/tb-farming.com\/fr\/wp-json\/wp\/v2\/pages\/2176\/revisions\/2670"}],"wp:attachment":[{"href":"https:\/\/tb-farming.com\/fr\/wp-json\/wp\/v2\/media?parent=2176"}],"curies":[{"name":"wp","href":"https:\/\/api.w.org\/{rel}","templated":true}]}}