{"id":2120,"date":"2024-02-29T12:30:49","date_gmt":"2024-02-29T11:30:49","guid":{"rendered":"https:\/\/tb-farming.com\/optimisation-des-processus\/"},"modified":"2024-09-23T10:32:03","modified_gmt":"2024-09-23T08:32:03","slug":"optimisation-des-processus","status":"publish","type":"page","link":"https:\/\/tb-farming.com\/fr\/production\/optimisation-des-processus\/","title":{"rendered":"Optimisation des processus"},"content":{"rendered":"<div class=\"wpb-content-wrapper\"><p>[vc_row][vc_column][vc_column_text]<\/p>\n<p>[\/vc_column_text][\/vc_column][\/vc_row][vc_row][vc_column][vc_custom_heading text=\u00a0\u00bbOptimiser les processus de production\u00a0\u00bb use_theme_fonts=\u00a0\u00bbyes\u00a0\u00bb][\/vc_column][\/vc_row][vc_row][vc_column][vc_single_image image=\u00a0\u00bb1381&Prime; img_size=\u00a0\u00bbfull\u00a0\u00bb][\/vc_column][\/vc_row][vc_row][vc_column][vc_column_text]Chez TB Farming AG, l&rsquo;optimisation des processus en accord avec les normes GACP et GMP est au c\u0153ur de notre production de cannabis.<br \/>\nNous mettons l&rsquo;accent sur la formation continue de notre personnel afin de nous assurer que notre \u00e9quipe est toujours au fait des meilleures pratiques en mati\u00e8re de production de cannabis.<br \/>\nCela inclut une introduction compl\u00e8te aux normes GACP (Good Agricultural and Collection Practice) et GMP (Good Manufacturing Practice), qui garantissent la qualit\u00e9 et la s\u00e9curit\u00e9 de nos produits.<br \/>\nLe d\u00e9veloppement continu de notre culture de cannabis est un autre domaine cl\u00e9 de nos efforts.<br \/>\nNous mettons continuellement en \u0153uvre des m\u00e9thodes de culture innovantes et optimisons nos processus afin d&rsquo;am\u00e9liorer l&rsquo;efficacit\u00e9 et de garantir la meilleure qualit\u00e9 de produit possible.<br \/>\nCette am\u00e9lioration continue nous permet de r\u00e9pondre aux exigences changeantes du march\u00e9 et aux besoins de nos clients.<br \/>\nUne production efficace et des m\u00e9canismes de contr\u00f4le rigoureux font \u00e9galement partie int\u00e9grante de notre philosophie d&rsquo;exploitation.<br \/>\nEn mettant en \u0153uvre des technologies de pointe et en renouvelant notre \u00e9quipement de production, nous nous effor\u00e7ons d&rsquo;optimiser nos processus de production et de maximiser l&rsquo;efficacit\u00e9.<br \/>\nCela implique l&rsquo;utilisation d&rsquo;\u00e9quipements de pointe pour le traitement et le contr\u00f4le du cannabis, qui garantissent une qualit\u00e9 constante du produit.[\/vc_column_text][\/vc_column][\/vc_row][vc_row][vc_column][vc_single_image image=\u00a0\u00bb1382&Prime; img_size=\u00a0\u00bbfull\u00a0\u00bb][\/vc_column][\/vc_row][vc_row][vc_column][vc_column_text]L&rsquo;\u00e9volution de la culture du cannabis, une production efficace et un contr\u00f4le strict nous permettent de produire de mani\u00e8re s\u00fbre et efficace des produits de cannabis de haute qualit\u00e9, qui r\u00e9pondent aux normes les plus \u00e9lev\u00e9es et d\u00e9passent les attentes de nos clients.<\/p>\n<p>[\/vc_column_text][\/vc_column][\/vc_row]<\/p>\n<\/div>","protected":false},"excerpt":{"rendered":"<p>[vc_row][vc_column][vc_column_text] [\/vc_column_text][\/vc_column][\/vc_row][vc_row][vc_column][vc_custom_heading text=\u00a0\u00bbOptimiser les processus de production\u00a0\u00bb use_theme_fonts=\u00a0\u00bbyes\u00a0\u00bb][\/vc_column][\/vc_row][vc_row][vc_column][vc_single_image image=\u00a0\u00bb1381&Prime; img_size=\u00a0\u00bbfull\u00a0\u00bb][\/vc_column][\/vc_row][vc_row][vc_column][vc_column_text]Chez TB Farming AG, l&rsquo;optimisation des processus en accord avec les normes GACP et GMP est au c\u0153ur de notre production de cannabis. Nous mettons l&rsquo;accent sur la formation continue de notre personnel afin de nous assurer que notre \u00e9quipe est toujours au fait des meilleures [&hellip;]<\/p>\n","protected":false},"author":1,"featured_media":0,"parent":2219,"menu_order":0,"comment_status":"closed","ping_status":"closed","template":"","meta":{"footnotes":""},"class_list":["post-2120","page","type-page","status-publish","hentry"],"yoast_head":"<!-- This site is optimized with the Yoast SEO Premium plugin v24.0 (Yoast SEO v24.9) - https:\/\/yoast.com\/wordpress\/plugins\/seo\/ -->\n<title>Optimisation des processus - Medizinisches Cannabis | GACP Standard | Anbau und Verarbeitung<\/title>\n<meta name=\"description\" content=\"Le d\u00e9veloppement de notre culture de cannabis est un domaine cl\u00e9 de nos efforts. Nous mettons continuellement en \u0153uvre de nouvelles m\u00e9thodes de culture.\" \/>\n<meta name=\"robots\" content=\"index, follow, max-snippet:-1, max-image-preview:large, max-video-preview:-1\" \/>\n<link rel=\"canonical\" href=\"https:\/\/tb-farming.com\/fr\/production\/optimisation-des-processus\/\" \/>\n<meta property=\"og:locale\" content=\"fr_FR\" \/>\n<meta property=\"og:type\" content=\"article\" \/>\n<meta property=\"og:title\" content=\"Optimisation des processus\" \/>\n<meta property=\"og:description\" content=\"Le d\u00e9veloppement de notre culture de cannabis est un domaine cl\u00e9 de nos efforts. Nous mettons continuellement en \u0153uvre de nouvelles m\u00e9thodes de culture.\" \/>\n<meta property=\"og:url\" content=\"https:\/\/tb-farming.com\/fr\/production\/optimisation-des-processus\/\" \/>\n<meta property=\"og:site_name\" content=\"Medizinisches Cannabis | GACP Standard | Anbau und Verarbeitung\" \/>\n<meta property=\"article:modified_time\" content=\"2024-09-23T08:32:03+00:00\" \/>\n<meta property=\"og:image\" content=\"https:\/\/tb-farming.com\/wp-content\/uploads\/2024\/03\/social-sharing.jpg\" \/>\n\t<meta property=\"og:image:width\" content=\"1200\" \/>\n\t<meta property=\"og:image:height\" content=\"675\" \/>\n\t<meta property=\"og:image:type\" content=\"image\/jpeg\" \/>\n<meta name=\"twitter:card\" content=\"summary_large_image\" \/>\n<meta name=\"twitter:label1\" content=\"Dur\u00e9e de lecture estim\u00e9e\" \/>\n\t<meta name=\"twitter:data1\" content=\"2 minutes\" \/>\n<script type=\"application\/ld+json\" class=\"yoast-schema-graph\">{\"@context\":\"https:\/\/schema.org\",\"@graph\":[{\"@type\":\"WebPage\",\"@id\":\"https:\/\/tb-farming.com\/fr\/production\/optimisation-des-processus\/\",\"url\":\"https:\/\/tb-farming.com\/fr\/production\/optimisation-des-processus\/\",\"name\":\"Optimisation des processus - Medizinisches Cannabis | GACP Standard | Anbau und Verarbeitung\",\"isPartOf\":{\"@id\":\"https:\/\/tb-farming.com\/fr\/#website\"},\"datePublished\":\"2024-02-29T11:30:49+00:00\",\"dateModified\":\"2024-09-23T08:32:03+00:00\",\"description\":\"Le d\u00e9veloppement de notre culture de cannabis est un domaine cl\u00e9 de nos efforts. Nous mettons continuellement en \u0153uvre de nouvelles m\u00e9thodes de culture.\",\"breadcrumb\":{\"@id\":\"https:\/\/tb-farming.com\/fr\/production\/optimisation-des-processus\/#breadcrumb\"},\"inLanguage\":\"fr-FR\",\"potentialAction\":[{\"@type\":\"ReadAction\",\"target\":[\"https:\/\/tb-farming.com\/fr\/production\/optimisation-des-processus\/\"]}]},{\"@type\":\"BreadcrumbList\",\"@id\":\"https:\/\/tb-farming.com\/fr\/production\/optimisation-des-processus\/#breadcrumb\",\"itemListElement\":[{\"@type\":\"ListItem\",\"position\":1,\"name\":\"Startseite\",\"item\":\"https:\/\/tb-farming.com\/fr\/page-daccueil\/\"},{\"@type\":\"ListItem\",\"position\":2,\"name\":\"Production\",\"item\":\"https:\/\/tb-farming.com\/fr\/production\/\"},{\"@type\":\"ListItem\",\"position\":3,\"name\":\"Optimisation des processus\"}]},{\"@type\":\"WebSite\",\"@id\":\"https:\/\/tb-farming.com\/fr\/#website\",\"url\":\"https:\/\/tb-farming.com\/fr\/\",\"name\":\"Medizinisches Cannabis | GACP Standard | Anbau und Verarbeitung\",\"description\":\"together we grow.\",\"publisher\":{\"@id\":\"https:\/\/tb-farming.com\/fr\/#organization\"},\"potentialAction\":[{\"@type\":\"SearchAction\",\"target\":{\"@type\":\"EntryPoint\",\"urlTemplate\":\"https:\/\/tb-farming.com\/fr\/?s={search_term_string}\"},\"query-input\":{\"@type\":\"PropertyValueSpecification\",\"valueRequired\":true,\"valueName\":\"search_term_string\"}}],\"inLanguage\":\"fr-FR\"},{\"@type\":\"Organization\",\"@id\":\"https:\/\/tb-farming.com\/fr\/#organization\",\"name\":\"TB Farming AG\",\"url\":\"https:\/\/tb-farming.com\/fr\/\",\"logo\":{\"@type\":\"ImageObject\",\"inLanguage\":\"fr-FR\",\"@id\":\"https:\/\/tb-farming.com\/fr\/#\/schema\/logo\/image\/\",\"url\":\"https:\/\/tb-farming.com\/wp-content\/uploads\/2024\/01\/TB-Farming-500x270-1.png\",\"contentUrl\":\"https:\/\/tb-farming.com\/wp-content\/uploads\/2024\/01\/TB-Farming-500x270-1.png\",\"width\":500,\"height\":270,\"caption\":\"TB Farming AG\"},\"image\":{\"@id\":\"https:\/\/tb-farming.com\/fr\/#\/schema\/logo\/image\/\"},\"sameAs\":[\"https:\/\/www.linkedin.com\/company\/tb-farming-ag\/\",\"https:\/\/www.instagram.com\/tb.farming\/\"],\"email\":\"info@tbfarming.ch\",\"telephone\":\"+41(0) 71 642 10 91\",\"legalName\":\"TB Farming AG\",\"numberOfEmployees\":{\"@type\":\"QuantitativeValue\",\"minValue\":\"11\",\"maxValue\":\"50\"}}]}<\/script>\n<!-- \/ Yoast SEO Premium plugin. -->","yoast_head_json":{"title":"Optimisation des processus - Medizinisches Cannabis | GACP Standard | Anbau und Verarbeitung","description":"Le d\u00e9veloppement de notre culture de cannabis est un domaine cl\u00e9 de nos efforts. Nous mettons continuellement en \u0153uvre de nouvelles m\u00e9thodes de culture.","robots":{"index":"index","follow":"follow","max-snippet":"max-snippet:-1","max-image-preview":"max-image-preview:large","max-video-preview":"max-video-preview:-1"},"canonical":"https:\/\/tb-farming.com\/fr\/production\/optimisation-des-processus\/","og_locale":"fr_FR","og_type":"article","og_title":"Optimisation des processus","og_description":"Le d\u00e9veloppement de notre culture de cannabis est un domaine cl\u00e9 de nos efforts. Nous mettons continuellement en \u0153uvre de nouvelles m\u00e9thodes de culture.","og_url":"https:\/\/tb-farming.com\/fr\/production\/optimisation-des-processus\/","og_site_name":"Medizinisches Cannabis | GACP Standard | Anbau und Verarbeitung","article_modified_time":"2024-09-23T08:32:03+00:00","og_image":[{"width":1200,"height":675,"url":"https:\/\/tb-farming.com\/wp-content\/uploads\/2024\/03\/social-sharing.jpg","type":"image\/jpeg"}],"twitter_card":"summary_large_image","twitter_misc":{"Dur\u00e9e de lecture estim\u00e9e":"2 minutes"},"schema":{"@context":"https:\/\/schema.org","@graph":[{"@type":"WebPage","@id":"https:\/\/tb-farming.com\/fr\/production\/optimisation-des-processus\/","url":"https:\/\/tb-farming.com\/fr\/production\/optimisation-des-processus\/","name":"Optimisation des processus - Medizinisches Cannabis | GACP Standard | Anbau und Verarbeitung","isPartOf":{"@id":"https:\/\/tb-farming.com\/fr\/#website"},"datePublished":"2024-02-29T11:30:49+00:00","dateModified":"2024-09-23T08:32:03+00:00","description":"Le d\u00e9veloppement de notre culture de cannabis est un domaine cl\u00e9 de nos efforts. Nous mettons continuellement en \u0153uvre de nouvelles m\u00e9thodes de culture.","breadcrumb":{"@id":"https:\/\/tb-farming.com\/fr\/production\/optimisation-des-processus\/#breadcrumb"},"inLanguage":"fr-FR","potentialAction":[{"@type":"ReadAction","target":["https:\/\/tb-farming.com\/fr\/production\/optimisation-des-processus\/"]}]},{"@type":"BreadcrumbList","@id":"https:\/\/tb-farming.com\/fr\/production\/optimisation-des-processus\/#breadcrumb","itemListElement":[{"@type":"ListItem","position":1,"name":"Startseite","item":"https:\/\/tb-farming.com\/fr\/page-daccueil\/"},{"@type":"ListItem","position":2,"name":"Production","item":"https:\/\/tb-farming.com\/fr\/production\/"},{"@type":"ListItem","position":3,"name":"Optimisation des processus"}]},{"@type":"WebSite","@id":"https:\/\/tb-farming.com\/fr\/#website","url":"https:\/\/tb-farming.com\/fr\/","name":"Medizinisches Cannabis | GACP Standard | Anbau und Verarbeitung","description":"together we grow.","publisher":{"@id":"https:\/\/tb-farming.com\/fr\/#organization"},"potentialAction":[{"@type":"SearchAction","target":{"@type":"EntryPoint","urlTemplate":"https:\/\/tb-farming.com\/fr\/?s={search_term_string}"},"query-input":{"@type":"PropertyValueSpecification","valueRequired":true,"valueName":"search_term_string"}}],"inLanguage":"fr-FR"},{"@type":"Organization","@id":"https:\/\/tb-farming.com\/fr\/#organization","name":"TB Farming AG","url":"https:\/\/tb-farming.com\/fr\/","logo":{"@type":"ImageObject","inLanguage":"fr-FR","@id":"https:\/\/tb-farming.com\/fr\/#\/schema\/logo\/image\/","url":"https:\/\/tb-farming.com\/wp-content\/uploads\/2024\/01\/TB-Farming-500x270-1.png","contentUrl":"https:\/\/tb-farming.com\/wp-content\/uploads\/2024\/01\/TB-Farming-500x270-1.png","width":500,"height":270,"caption":"TB Farming AG"},"image":{"@id":"https:\/\/tb-farming.com\/fr\/#\/schema\/logo\/image\/"},"sameAs":["https:\/\/www.linkedin.com\/company\/tb-farming-ag\/","https:\/\/www.instagram.com\/tb.farming\/"],"email":"info@tbfarming.ch","telephone":"+41(0) 71 642 10 91","legalName":"TB Farming AG","numberOfEmployees":{"@type":"QuantitativeValue","minValue":"11","maxValue":"50"}}]}},"_links":{"self":[{"href":"https:\/\/tb-farming.com\/fr\/wp-json\/wp\/v2\/pages\/2120","targetHints":{"allow":["GET"]}}],"collection":[{"href":"https:\/\/tb-farming.com\/fr\/wp-json\/wp\/v2\/pages"}],"about":[{"href":"https:\/\/tb-farming.com\/fr\/wp-json\/wp\/v2\/types\/page"}],"author":[{"embeddable":true,"href":"https:\/\/tb-farming.com\/fr\/wp-json\/wp\/v2\/users\/1"}],"replies":[{"embeddable":true,"href":"https:\/\/tb-farming.com\/fr\/wp-json\/wp\/v2\/comments?post=2120"}],"version-history":[{"count":1,"href":"https:\/\/tb-farming.com\/fr\/wp-json\/wp\/v2\/pages\/2120\/revisions"}],"predecessor-version":[{"id":2129,"href":"https:\/\/tb-farming.com\/fr\/wp-json\/wp\/v2\/pages\/2120\/revisions\/2129"}],"up":[{"embeddable":true,"href":"https:\/\/tb-farming.com\/fr\/wp-json\/wp\/v2\/pages\/2219"}],"wp:attachment":[{"href":"https:\/\/tb-farming.com\/fr\/wp-json\/wp\/v2\/media?parent=2120"}],"curies":[{"name":"wp","href":"https:\/\/api.w.org\/{rel}","templated":true}]}}