{"id":2097,"date":"2024-03-01T13:11:04","date_gmt":"2024-03-01T12:11:04","guid":{"rendered":"https:\/\/tb-farming.com\/recompenses-cbd\/"},"modified":"2024-09-23T10:31:44","modified_gmt":"2024-09-23T08:31:44","slug":"recompenses-cbd","status":"publish","type":"page","link":"https:\/\/tb-farming.com\/fr\/recompenses-cbd\/","title":{"rendered":"R\u00e9compenses CBD"},"content":{"rendered":"<div class=\"wpb-content-wrapper\"><p>[vc_row][vc_column][vc_column_text]<\/p>\n<p>[\/vc_column_text][\/vc_column][\/vc_row][vc_row][vc_column][vc_custom_heading text=\u00a0\u00bbNos excellents produits de cannabis CBD\u00a0\u00bb use_theme_fonts=\u00a0\u00bbyes\u00a0\u00bb][\/vc_column][\/vc_row][vc_row][vc_column][vc_column_text]<\/p>\n<div class=\"flex flex-grow flex-col max-w-full\">\n<div class=\"min-h-[20px] text-message flex flex-col items-start gap-3 whitespace-pre-wrap break-words [.text-message+&amp;]:mt-5 overflow-x-auto\" data-message-author-role=\"assistant\" data-message-id=\"10cde5d1-d0c6-4ccc-a43e-f8c8dfb5268f\">\n<div class=\"markdown prose w-full break-words dark:prose-invert dark\">  Le jury de <a href=\"https:\/\/www.cannaswisscup.ch\/\">la CannaSwissCup<\/a> a honor\u00e9 \u00e0 plusieurs reprises les <a href=\"https:\/\/tb-farming.com\/produktion-von-medizinischem-cannabis-nach-gacp-standard\/legales-cannabis\/\">produits de cannabis CBD<\/a> de TB Farming AG en 2017 et 2018 en leur d\u00e9cernant diff\u00e9rentes distinctions.<br \/>\nParmi les s\u00e9lections de plantes de cannabis maison, la <a href=\"https:\/\/arturcannabis.ch\/de\/\">vari\u00e9t\u00e9 de CBD Artur Cannabis<\/a> Erdbeerli a notamment \u00e9t\u00e9 r\u00e9compens\u00e9e.<br \/>\nC&rsquo;est pourquoi nous sommes heureux de vous pr\u00e9senter ici un r\u00e9sum\u00e9 de nos r\u00e9compenses en mati\u00e8re de cannabis CBD : <strong>CannaSwissCup 2017 :<\/strong>  <\/p>\n<ul>\n<li>\u00ab\u00a0B-1448 Original Strawberry CBD\u00a0\u00bb de TB Farming AG a remport\u00e9 la deuxi\u00e8me place dans la cat\u00e9gorie \u00ab\u00a0Greenhouse\u00a0\u00bb et le \u00ab\u00a0B-1337\u00a0\u00bb la troisi\u00e8me place dans la cat\u00e9gorie \u00ab\u00a0Indoor\u00a0\u00bb.<\/li>\n<\/ul>\n<p><strong>CannaSwissCup 2018\/19 :<\/strong><\/p>\n<ul>\n<li>En 2018 \u00e9galement, le CBD \u00ab\u00a0Original Artur Erdbeerli\u00a0\u00bb a \u00e9t\u00e9 r\u00e9compens\u00e9 par la troisi\u00e8me place dans la cat\u00e9gorie \u00ab\u00a0Greenhouse\u00a0\u00bb en raison de son apparence et de son go\u00fbt.<\/li>\n<\/ul>\n<p>  Ces r\u00e9compenses de la Canna Swiss Cup t\u00e9moignent en outre du <a href=\"https:\/\/tb-farming.com\/produktion-von-medizinischem-cannabis-nach-gacp-standard\/\">travail de qualit\u00e9<\/a> continu de TB Farming AG dans la production de <a href=\"https:\/\/tb-farming.com\/lexikon\/cannabidiol-cbd\/\">cannabis CBD<\/a> de qualit\u00e9 sup\u00e9rieure.  <\/div>\n<\/div>\n<\/div>\n<p>[\/vc_column_text][\/vc_column][\/vc_row][vc_row][vc_column width=\u00a0\u00bb1\/3&Prime;][vc_single_image image=\u00a0\u00bb1417&Prime; img_size=\u00a0\u00bbfull\u00a0\u00bb][\/vc_column][vc_column width=\u00a0\u00bb1\/3&Prime;][vc_single_image image=\u00a0\u00bb1416&Prime; img_size=\u00a0\u00bbfull\u00a0\u00bb][\/vc_column][vc_column width=\u00a0\u00bb1\/3&Prime;][vc_single_image image=\u00a0\u00bb1415&Prime; img_size=\u00a0\u00bbfull\u00a0\u00bb][\/vc_column][\/vc_row][vc_row][vc_column][vc_column_text]<\/p>\n<div class=\"flex flex-grow flex-col max-w-full\">\n<div class=\"min-h-[20px] text-message flex flex-col items-start gap-3 whitespace-pre-wrap break-words [.text-message+&amp;]:mt-5 overflow-x-auto\" data-message-author-role=\"assistant\" data-message-id=\"c8301018-04da-446d-975a-caa3de71e6aa\">\n<div class=\"markdown prose w-full break-words dark:prose-invert dark\">\n<h3><strong>Gagnez des prix de qualit\u00e9 avec le concours Artur CBD Cannabis 2024 !<\/strong><\/h3>\n<p>  Plongez dans le monde du cannabis CBD d&rsquo;Artur !<br \/>\nParticipez \u00e0 un concours passionnant qui vous donnera la chance de gagner des prix fantastiques.<br \/>\nChaque mois, nous tirerons au sort un vaporisateur IVEN exquis parmi tous les participants.<br \/>\nCe vaporisateur premium \u00e9l\u00e8vera votre exp\u00e9rience du cannabis CBD \u00e0 un niveau sup\u00e9rieur.     <\/p>\n<h4>Mais ce n&rsquo;est pas tout !<\/h4>\n<p>  En outre, \u00e0 la fin de l&rsquo;ann\u00e9e 2024, un heureux gagnant sera r\u00e9compens\u00e9 par un kilogramme de fleurs de CBD de son choix.<br \/>\nImaginez que vous puissiez enfin profiter de votre propre s\u00e9lection de fleurs de CBD de qualit\u00e9 sup\u00e9rieure, soigneusement cultiv\u00e9es et s\u00e9lectionn\u00e9es par Artur CBD Cannabis.   <\/p>\n<h5>D&rsquo;ailleurs, il est tr\u00e8s facile de participer :<\/h5>\n<ol>\n<li>Visitez notre site web et inscrivez-vous au concours.<br \/>\nVous n&rsquo;avez pas besoin d&rsquo;acheter, vous pouvez gagner un vaporisateur IVEN et participer automatiquement au grand tirage au sort. <\/li>\n<\/ol>\n<p>  Qu&rsquo;attendez-vous pour participer ?<br \/>\nParticipez au concours Artur Cannabis 2024 et tentez de remporter ces prix incroyables.<br \/>\nNe ratez surtout pas l&rsquo;occasion de gagner un kilo de cannabis CBD de qualit\u00e9 sup\u00e9rieure.    <\/p><\/div>\n<\/div>\n<\/div>\n<p>[\/vc_column_text][\/vc_column][\/vc_row][vc_row][vc_column][vc_single_image image=\u00a0\u00bb1469&Prime; img_size=\u00a0\u00bbfull\u00a0\u00bb alignment=\u00a0\u00bbcenter\u00a0\u00bb onclick=\u00a0\u00bbcustom_link\u00a0\u00bb img_link_target=\u00a0\u00bb_blank\u00a0\u00bb link=\u00a0\u00bbhttps:\/\/artur-cannabis.com\/\u00a0\u00bb][\/vc_column][\/vc_row]<\/p>\n<\/div>","protected":false},"excerpt":{"rendered":"<p>[vc_row][vc_column][vc_column_text] [\/vc_column_text][\/vc_column][\/vc_row][vc_row][vc_column][vc_custom_heading text=\u00a0\u00bbNos excellents produits de cannabis CBD\u00a0\u00bb use_theme_fonts=\u00a0\u00bbyes\u00a0\u00bb][\/vc_column][\/vc_row][vc_row][vc_column][vc_column_text] Le jury de la CannaSwissCup a honor\u00e9 \u00e0 plusieurs reprises les produits de cannabis CBD de TB Farming AG en 2017 et 2018 en leur d\u00e9cernant diff\u00e9rentes distinctions. Parmi les s\u00e9lections de plantes de cannabis maison, la vari\u00e9t\u00e9 de CBD Artur Cannabis Erdbeerli a notamment \u00e9t\u00e9 [&hellip;]<\/p>\n","protected":false},"author":1,"featured_media":0,"parent":0,"menu_order":0,"comment_status":"closed","ping_status":"closed","template":"","meta":{"footnotes":""},"class_list":["post-2097","page","type-page","status-publish","hentry"],"yoast_head":"<!-- This site is optimized with the Yoast SEO Premium plugin v24.0 (Yoast SEO v24.9) - https:\/\/yoast.com\/wordpress\/plugins\/seo\/ -->\n<title>R\u00e9compenses des produits de cannabis CBD de TB Farming SA<\/title>\n<meta name=\"description\" content=\"Le CannaSwissCup Award est l&#039;une des r\u00e9compenses re\u00e7ues par TB Farming AG pour sa propre culture de fraises au cannabis CBD.\" \/>\n<meta name=\"robots\" content=\"index, follow, max-snippet:-1, max-image-preview:large, max-video-preview:-1\" \/>\n<link rel=\"canonical\" href=\"https:\/\/tb-farming.com\/fr\/recompenses-cbd\/\" \/>\n<meta property=\"og:locale\" content=\"fr_FR\" \/>\n<meta property=\"og:type\" content=\"article\" \/>\n<meta property=\"og:title\" content=\"R\u00e9compenses CBD\" \/>\n<meta property=\"og:description\" content=\"Le CannaSwissCup Award est l&#039;une des r\u00e9compenses re\u00e7ues par TB Farming AG pour sa propre culture de fraises au cannabis CBD.\" \/>\n<meta property=\"og:url\" content=\"https:\/\/tb-farming.com\/fr\/recompenses-cbd\/\" \/>\n<meta property=\"og:site_name\" content=\"Medizinisches Cannabis | GACP Standard | Anbau und Verarbeitung\" \/>\n<meta property=\"article:modified_time\" content=\"2024-09-23T08:31:44+00:00\" \/>\n<meta property=\"og:image\" content=\"https:\/\/tb-farming.com\/wp-content\/uploads\/2024\/03\/social-sharing.jpg\" \/>\n\t<meta property=\"og:image:width\" content=\"1200\" \/>\n\t<meta property=\"og:image:height\" content=\"675\" \/>\n\t<meta property=\"og:image:type\" content=\"image\/jpeg\" \/>\n<meta name=\"twitter:card\" content=\"summary_large_image\" \/>\n<meta name=\"twitter:label1\" content=\"Dur\u00e9e de lecture estim\u00e9e\" \/>\n\t<meta name=\"twitter:data1\" content=\"2 minutes\" \/>\n<script type=\"application\/ld+json\" class=\"yoast-schema-graph\">{\"@context\":\"https:\/\/schema.org\",\"@graph\":[{\"@type\":\"WebPage\",\"@id\":\"https:\/\/tb-farming.com\/fr\/recompenses-cbd\/\",\"url\":\"https:\/\/tb-farming.com\/fr\/recompenses-cbd\/\",\"name\":\"R\u00e9compenses des produits de cannabis CBD de TB Farming SA\",\"isPartOf\":{\"@id\":\"https:\/\/tb-farming.com\/fr\/#website\"},\"datePublished\":\"2024-03-01T12:11:04+00:00\",\"dateModified\":\"2024-09-23T08:31:44+00:00\",\"description\":\"Le CannaSwissCup Award est l'une des r\u00e9compenses re\u00e7ues par TB Farming AG pour sa propre culture de fraises au cannabis CBD.\",\"breadcrumb\":{\"@id\":\"https:\/\/tb-farming.com\/fr\/recompenses-cbd\/#breadcrumb\"},\"inLanguage\":\"fr-FR\",\"potentialAction\":[{\"@type\":\"ReadAction\",\"target\":[\"https:\/\/tb-farming.com\/fr\/recompenses-cbd\/\"]}]},{\"@type\":\"BreadcrumbList\",\"@id\":\"https:\/\/tb-farming.com\/fr\/recompenses-cbd\/#breadcrumb\",\"itemListElement\":[{\"@type\":\"ListItem\",\"position\":1,\"name\":\"Startseite\",\"item\":\"https:\/\/tb-farming.com\/fr\/page-daccueil\/\"},{\"@type\":\"ListItem\",\"position\":2,\"name\":\"R\u00e9compenses CBD\"}]},{\"@type\":\"WebSite\",\"@id\":\"https:\/\/tb-farming.com\/fr\/#website\",\"url\":\"https:\/\/tb-farming.com\/fr\/\",\"name\":\"Medizinisches Cannabis | GACP Standard | Anbau und Verarbeitung\",\"description\":\"together we grow.\",\"publisher\":{\"@id\":\"https:\/\/tb-farming.com\/fr\/#organization\"},\"potentialAction\":[{\"@type\":\"SearchAction\",\"target\":{\"@type\":\"EntryPoint\",\"urlTemplate\":\"https:\/\/tb-farming.com\/fr\/?s={search_term_string}\"},\"query-input\":{\"@type\":\"PropertyValueSpecification\",\"valueRequired\":true,\"valueName\":\"search_term_string\"}}],\"inLanguage\":\"fr-FR\"},{\"@type\":\"Organization\",\"@id\":\"https:\/\/tb-farming.com\/fr\/#organization\",\"name\":\"TB Farming AG\",\"url\":\"https:\/\/tb-farming.com\/fr\/\",\"logo\":{\"@type\":\"ImageObject\",\"inLanguage\":\"fr-FR\",\"@id\":\"https:\/\/tb-farming.com\/fr\/#\/schema\/logo\/image\/\",\"url\":\"https:\/\/tb-farming.com\/wp-content\/uploads\/2024\/01\/TB-Farming-500x270-1.png\",\"contentUrl\":\"https:\/\/tb-farming.com\/wp-content\/uploads\/2024\/01\/TB-Farming-500x270-1.png\",\"width\":500,\"height\":270,\"caption\":\"TB Farming AG\"},\"image\":{\"@id\":\"https:\/\/tb-farming.com\/fr\/#\/schema\/logo\/image\/\"},\"sameAs\":[\"https:\/\/www.linkedin.com\/company\/tb-farming-ag\/\",\"https:\/\/www.instagram.com\/tb.farming\/\"],\"email\":\"info@tbfarming.ch\",\"telephone\":\"+41(0) 71 642 10 91\",\"legalName\":\"TB Farming AG\",\"numberOfEmployees\":{\"@type\":\"QuantitativeValue\",\"minValue\":\"11\",\"maxValue\":\"50\"}}]}<\/script>\n<!-- \/ Yoast SEO Premium plugin. -->","yoast_head_json":{"title":"R\u00e9compenses des produits de cannabis CBD de TB Farming SA","description":"Le CannaSwissCup Award est l'une des r\u00e9compenses re\u00e7ues par TB Farming AG pour sa propre culture de fraises au cannabis CBD.","robots":{"index":"index","follow":"follow","max-snippet":"max-snippet:-1","max-image-preview":"max-image-preview:large","max-video-preview":"max-video-preview:-1"},"canonical":"https:\/\/tb-farming.com\/fr\/recompenses-cbd\/","og_locale":"fr_FR","og_type":"article","og_title":"R\u00e9compenses CBD","og_description":"Le CannaSwissCup Award est l'une des r\u00e9compenses re\u00e7ues par TB Farming AG pour sa propre culture de fraises au cannabis CBD.","og_url":"https:\/\/tb-farming.com\/fr\/recompenses-cbd\/","og_site_name":"Medizinisches Cannabis | GACP Standard | Anbau und Verarbeitung","article_modified_time":"2024-09-23T08:31:44+00:00","og_image":[{"width":1200,"height":675,"url":"https:\/\/tb-farming.com\/wp-content\/uploads\/2024\/03\/social-sharing.jpg","type":"image\/jpeg"}],"twitter_card":"summary_large_image","twitter_misc":{"Dur\u00e9e de lecture estim\u00e9e":"2 minutes"},"schema":{"@context":"https:\/\/schema.org","@graph":[{"@type":"WebPage","@id":"https:\/\/tb-farming.com\/fr\/recompenses-cbd\/","url":"https:\/\/tb-farming.com\/fr\/recompenses-cbd\/","name":"R\u00e9compenses des produits de cannabis CBD de TB Farming SA","isPartOf":{"@id":"https:\/\/tb-farming.com\/fr\/#website"},"datePublished":"2024-03-01T12:11:04+00:00","dateModified":"2024-09-23T08:31:44+00:00","description":"Le CannaSwissCup Award est l'une des r\u00e9compenses re\u00e7ues par TB Farming AG pour sa propre culture de fraises au cannabis CBD.","breadcrumb":{"@id":"https:\/\/tb-farming.com\/fr\/recompenses-cbd\/#breadcrumb"},"inLanguage":"fr-FR","potentialAction":[{"@type":"ReadAction","target":["https:\/\/tb-farming.com\/fr\/recompenses-cbd\/"]}]},{"@type":"BreadcrumbList","@id":"https:\/\/tb-farming.com\/fr\/recompenses-cbd\/#breadcrumb","itemListElement":[{"@type":"ListItem","position":1,"name":"Startseite","item":"https:\/\/tb-farming.com\/fr\/page-daccueil\/"},{"@type":"ListItem","position":2,"name":"R\u00e9compenses CBD"}]},{"@type":"WebSite","@id":"https:\/\/tb-farming.com\/fr\/#website","url":"https:\/\/tb-farming.com\/fr\/","name":"Medizinisches Cannabis | GACP Standard | Anbau und Verarbeitung","description":"together we grow.","publisher":{"@id":"https:\/\/tb-farming.com\/fr\/#organization"},"potentialAction":[{"@type":"SearchAction","target":{"@type":"EntryPoint","urlTemplate":"https:\/\/tb-farming.com\/fr\/?s={search_term_string}"},"query-input":{"@type":"PropertyValueSpecification","valueRequired":true,"valueName":"search_term_string"}}],"inLanguage":"fr-FR"},{"@type":"Organization","@id":"https:\/\/tb-farming.com\/fr\/#organization","name":"TB Farming AG","url":"https:\/\/tb-farming.com\/fr\/","logo":{"@type":"ImageObject","inLanguage":"fr-FR","@id":"https:\/\/tb-farming.com\/fr\/#\/schema\/logo\/image\/","url":"https:\/\/tb-farming.com\/wp-content\/uploads\/2024\/01\/TB-Farming-500x270-1.png","contentUrl":"https:\/\/tb-farming.com\/wp-content\/uploads\/2024\/01\/TB-Farming-500x270-1.png","width":500,"height":270,"caption":"TB Farming AG"},"image":{"@id":"https:\/\/tb-farming.com\/fr\/#\/schema\/logo\/image\/"},"sameAs":["https:\/\/www.linkedin.com\/company\/tb-farming-ag\/","https:\/\/www.instagram.com\/tb.farming\/"],"email":"info@tbfarming.ch","telephone":"+41(0) 71 642 10 91","legalName":"TB Farming AG","numberOfEmployees":{"@type":"QuantitativeValue","minValue":"11","maxValue":"50"}}]}},"_links":{"self":[{"href":"https:\/\/tb-farming.com\/fr\/wp-json\/wp\/v2\/pages\/2097","targetHints":{"allow":["GET"]}}],"collection":[{"href":"https:\/\/tb-farming.com\/fr\/wp-json\/wp\/v2\/pages"}],"about":[{"href":"https:\/\/tb-farming.com\/fr\/wp-json\/wp\/v2\/types\/page"}],"author":[{"embeddable":true,"href":"https:\/\/tb-farming.com\/fr\/wp-json\/wp\/v2\/users\/1"}],"replies":[{"embeddable":true,"href":"https:\/\/tb-farming.com\/fr\/wp-json\/wp\/v2\/comments?post=2097"}],"version-history":[{"count":1,"href":"https:\/\/tb-farming.com\/fr\/wp-json\/wp\/v2\/pages\/2097\/revisions"}],"predecessor-version":[{"id":2099,"href":"https:\/\/tb-farming.com\/fr\/wp-json\/wp\/v2\/pages\/2097\/revisions\/2099"}],"wp:attachment":[{"href":"https:\/\/tb-farming.com\/fr\/wp-json\/wp\/v2\/media?parent=2097"}],"curies":[{"name":"wp","href":"https:\/\/api.w.org\/{rel}","templated":true}]}}