{"id":2281,"date":"2018-11-14T09:40:47","date_gmt":"2018-11-14T08:40:47","guid":{"rendered":"https:\/\/tb-farming.com\/proyectos\/proyectos-piloto\/"},"modified":"2024-09-23T10:32:12","modified_gmt":"2024-09-23T08:32:12","slug":"proyectos-piloto","status":"publish","type":"page","link":"https:\/\/tb-farming.com\/es\/proyectos\/proyectos-piloto\/","title":{"rendered":"Proyectos piloto"},"content":{"rendered":"<div class=\"wpb-content-wrapper\"><p>[vc_row css=\u00bb.vc_custom_1542188489306{padding-top: 70px !important;padding-bottom: 100px !important;}\u00bb][vc_column offset=\u00bbvc_col-md-4&#8243; el_class=\u00bblg-right40&#8243;][vc_wp_custommenu nav_menu=\u00bb36&#8243;][vc_column_text css=\u00bb.vc_custom_1708094887262{padding-top: 25px !important;padding-right: 28px !important;padding-bottom: 28px !important;padding-left: 28px !important;background-color: #f7f7f7 !important;}\u00bb el_class=\u00bbdownload-box\u00bb]<\/p>\n<h4>Proyecto piloto<\/h4>\n<p>  Distribuci\u00f3n del cannabis en el cant\u00f3n de San Gall  <a class=\"btn btn-download\"><i class=\"fas fa-download\"><\/i>  Descargar PDF<\/a><\/p>\n<p>&nbsp;<\/p>\n<p>[\/vc_column_text][\/vc_column][vc_column offset=\u00bbvc_col-md-8&#8243;][vc_custom_heading text=\u00bbDesde el 15 de mayo de 2021, est\u00e1 en vigor la modificaci\u00f3n de la Ley de Estupefacientes, que permite proyectos piloto con apoyo cient\u00edfico para la liberaci\u00f3n controlada de cannabis con fines recreativos.<br \/>\nEstos proyectos sirven de base cient\u00edfica para futuras disposiciones legales.<br \/>\nEl 25 de septiembre de 2020, el Parlamento aprob\u00f3 una revisi\u00f3n de la Ley de Estupefacientes, que introduce en el art\u00edculo 8a una base jur\u00eddica para proyectos piloto cient\u00edficos con cannabis limitados en el tiempo y el lugar.<br \/>\nEsta enmienda, v\u00e1lida a partir del 15 de mayo de 2021 por un periodo de diez a\u00f1os, define los criterios y el procedimiento de solicitud de los proyectos piloto, regulados por la Ordenanza sobre Ensayos Piloto en virtud de la Ley de Estupefacientes.   \u00bb font_container=\u00bbtag:p|font_size:18px|text_align:left|line_height:30px\u00bb use_theme_fonts=\u00bbyes\u00bb css=\u00bb.vc_custom_1708094950973{margin-bottom: 40px !important;}\u00bb][vc_single_image image=\u00bb1315&#8243; img_size=\u00bbfull\u00bb css=\u00bb.vc_custom_1708094796265{margin-bottom: 45px !important;}\u00bb][vc_custom_heading text=\u00bbDispensaci\u00f3n controlada de cannabis medicinal\u00bb font_container=\u00bbtag:h4|text_align:left\u00bb use_theme_fonts=\u00bbyes\u00bb css=\u00bb.vc_custom_1708095013837{margin-bottom: 60px !important;}\u00bb][vc_row_inner equal_height=\u00bbyes\u00bb css=\u00bb.vc_custom_1542619504915{padding-bottom: 20px !important;}\u00bb][vc_column_inner width=\u00bb1\/2&#8243; offset=\u00bbvc_col-md-4&#8243;][vc_column_text]<\/p>\n<h5 class=\"text-primary\">Reevaluaci\u00f3n de la pol\u00edtica sobre el cannabis<\/h5>\n<p>  Los proyectos piloto de cannabis en Suiza marcan un paso importante en la investigaci\u00f3n y reevaluaci\u00f3n de la pol\u00edtica y el consumo de cannabis en el pa\u00eds.<br \/>\nEstos proyectos se crearon para recopilar datos cient\u00edficamente s\u00f3lidos sobre el impacto del consumo regulado de cannabis en la sociedad.<br \/>\nEl objetivo es sentar las bases para posibles reformas futuras de la legislaci\u00f3n sobre el cannabis, garantizando al mismo tiempo la salud y la seguridad p\u00fablicas.<\/p>\n<p>[\/vc_column_text][\/vc_column_inner][vc_column_inner width=\u00bb1\/2&#8243; offset=\u00bbvc_col-md-4&#8243;][vc_column_text]<\/p>\n<h5 class=\"text-primary\">Consumo controlado<\/h5>\n<p>  Mediante estos proyectos piloto, el gobierno suizo permite la venta y el consumo legales de cannabis con fines no m\u00e9dicos en condiciones estrictamente controladas.<br \/>\nLos participantes en estos ensayos pueden adquirir productos de cannabis a trav\u00e9s de farmacias registradas o dispensarios especializados.<br \/>\nLos proyectos est\u00e1n dise\u00f1ados para obtener informaci\u00f3n sobre el impacto de un mercado legal en el comercio il\u00edcito, las pautas de consumo, la salud p\u00fablica y las medidas de prevenci\u00f3n.<\/p>\n<p>[\/vc_column_text][\/vc_column_inner][vc_column_inner width=\u00bb1\/2&#8243; offset=\u00bbvc_col-md-4&#8243;][vc_column_text]<\/p>\n<h5 class=\"text-primary\">Selecci\u00f3n y control<\/h5>\n<p>  Un elemento central de los proyectos piloto es la cuidadosa selecci\u00f3n y control de los productos del cannabis.<br \/>\n\u00c9stos deben cumplir determinadas normas de calidad y seguridad para garantizar un consumo seguro.<br \/>\nLos proyectos tambi\u00e9n ofrecen una oportunidad \u00fanica para investigar la gen\u00e9tica y la producci\u00f3n del cannabis, a medida que aumenta la demanda de cannabis regulado de alta calidad.<\/p>\n<p>[\/vc_column_text][\/vc_column_inner][\/vc_row_inner][vc_custom_heading text=\u00bbInvestigar decisiones basadas en pruebas\u00bb font_container=\u00bbtag:h4|text_align:left\u00bb use_theme_fonts=\u00bbyes\u00bb css=\u00bb.vc_custom_1709212396329{margin-bottom: 40px !important;}\u00bb][vc_column_text]Se realiza un seguimiento cient\u00edfico de los participantes en los proyectos piloto para documentar los cambios en el comportamiento de consumo, as\u00ed como los efectos sanitarios y sociales.<br \/>\nEstos datos son cruciales para evaluar la eficacia de la actual pol\u00edtica antidroga y los beneficios potenciales de una estructura regulada del mercado del cannabis.<\/p>\n<p>[\/vc_column_text]\n    <div class=\"project-slider projects row  style-2\" data-show=\"2\" data-auto=\"true\" data-arrow=\"true\" data-dot=\"\">\n            <\/div>\n\n    [\/vc_column][\/vc_row][vc_row el_class=\u00bbbg-primary call-to-action\u00bb css=\u00bb.vc_custom_1542184444490{padding-top: 52px !important;padding-bottom: 52px !important;}\u00bb][vc_column offset=\u00bbvc_col-md-8&#8243;][vc_custom_heading text=\u00bbPerspectivas valiosas para la pol\u00edtica nacional e internacional sobre el cannabis\u00bb font_container=\u00bbtag:h3|text_align:left|color:%23ffffff\u00bb use_theme_fonts=\u00bbyes\u00bb css=\u00bb.vc_custom_1709212311016{margin-top: 10px !important;margin-bottom: 0px !important;}\u00bb][\/vc_column][vc_column offset=\u00bbvc_col-md-4&#8243;]\n    <div class=\"text-right\">\n        <a class=\"btn btn-medium btn-light  \" href=\"https:\/\/tb-farming.com\/contact\/\" style=\"\">Informieren Sie sich<\/a>\n    <\/div>\n\n    [\/vc_column][\/vc_row]<\/p>\n<\/div>","protected":false},"excerpt":{"rendered":"<p>[vc_row css=\u00bb.vc_custom_1542188489306{padding-top: 70px !important;padding-bottom: 100px !important;}\u00bb][vc_column offset=\u00bbvc_col-md-4&#8243; el_class=\u00bblg-right40&#8243;][vc_wp_custommenu nav_menu=\u00bb36&#8243;][vc_column_text css=\u00bb.vc_custom_1708094887262{padding-top: 25px !important;padding-right: 28px !important;padding-bottom: 28px !important;padding-left: 28px !important;background-color: #f7f7f7 !important;}\u00bb el_class=\u00bbdownload-box\u00bb] Proyecto piloto Distribuci\u00f3n del cannabis en el cant\u00f3n de San Gall Descargar PDF &nbsp; [\/vc_column_text][\/vc_column][vc_column offset=\u00bbvc_col-md-8&#8243;][vc_custom_heading text=\u00bbDesde el 15 de mayo de 2021, est\u00e1 en vigor la modificaci\u00f3n de la Ley de Estupefacientes, que [&hellip;]<\/p>\n","protected":false},"author":1,"featured_media":0,"parent":2262,"menu_order":0,"comment_status":"closed","ping_status":"closed","template":"","meta":{"footnotes":""},"class_list":["post-2281","page","type-page","status-publish","hentry"],"yoast_head":"<!-- This site is optimized with the Yoast SEO Premium plugin v24.0 (Yoast SEO v24.9) - https:\/\/yoast.com\/wordpress\/plugins\/seo\/ -->\n<title>Proyectos piloto - Medizinisches Cannabis | GACP Standard | Anbau und Verarbeitung<\/title>\n<meta name=\"description\" content=\"Recoger datos cient\u00edficamente s\u00f3lidos sobre el impacto del consumo regulado de cannabis en la sociedad.\" \/>\n<meta name=\"robots\" content=\"index, follow, max-snippet:-1, max-image-preview:large, max-video-preview:-1\" \/>\n<link rel=\"canonical\" href=\"https:\/\/tb-farming.com\/es\/proyectos\/proyectos-piloto\/\" \/>\n<meta property=\"og:locale\" content=\"es_ES\" \/>\n<meta property=\"og:type\" content=\"article\" \/>\n<meta property=\"og:title\" content=\"Proyectos piloto\" \/>\n<meta property=\"og:description\" content=\"Recoger datos cient\u00edficamente s\u00f3lidos sobre el impacto del consumo regulado de cannabis en la sociedad.\" \/>\n<meta property=\"og:url\" content=\"https:\/\/tb-farming.com\/es\/proyectos\/proyectos-piloto\/\" \/>\n<meta property=\"og:site_name\" content=\"Medizinisches Cannabis | GACP Standard | Anbau und Verarbeitung\" \/>\n<meta property=\"article:modified_time\" content=\"2024-09-23T08:32:12+00:00\" \/>\n<meta property=\"og:image\" content=\"https:\/\/tb-farming.com\/wp-content\/uploads\/2024\/03\/social-sharing.jpg\" \/>\n\t<meta property=\"og:image:width\" content=\"1200\" \/>\n\t<meta property=\"og:image:height\" content=\"675\" \/>\n\t<meta property=\"og:image:type\" content=\"image\/jpeg\" \/>\n<meta name=\"twitter:card\" content=\"summary_large_image\" \/>\n<meta name=\"twitter:label1\" content=\"Tiempo de lectura\" \/>\n\t<meta name=\"twitter:data1\" content=\"4 minutos\" \/>\n<script type=\"application\/ld+json\" class=\"yoast-schema-graph\">{\"@context\":\"https:\/\/schema.org\",\"@graph\":[{\"@type\":\"WebPage\",\"@id\":\"https:\/\/tb-farming.com\/es\/proyectos\/proyectos-piloto\/\",\"url\":\"https:\/\/tb-farming.com\/es\/proyectos\/proyectos-piloto\/\",\"name\":\"Proyectos piloto - Medizinisches Cannabis | GACP Standard | Anbau und Verarbeitung\",\"isPartOf\":{\"@id\":\"https:\/\/tb-farming.com\/es\/#website\"},\"datePublished\":\"2018-11-14T08:40:47+00:00\",\"dateModified\":\"2024-09-23T08:32:12+00:00\",\"description\":\"Recoger datos cient\u00edficamente s\u00f3lidos sobre el impacto del consumo regulado de cannabis en la sociedad.\",\"breadcrumb\":{\"@id\":\"https:\/\/tb-farming.com\/es\/proyectos\/proyectos-piloto\/#breadcrumb\"},\"inLanguage\":\"es\",\"potentialAction\":[{\"@type\":\"ReadAction\",\"target\":[\"https:\/\/tb-farming.com\/es\/proyectos\/proyectos-piloto\/\"]}]},{\"@type\":\"BreadcrumbList\",\"@id\":\"https:\/\/tb-farming.com\/es\/proyectos\/proyectos-piloto\/#breadcrumb\",\"itemListElement\":[{\"@type\":\"ListItem\",\"position\":1,\"name\":\"Startseite\",\"item\":\"https:\/\/tb-farming.com\/es\/pagina-de-inicio\/\"},{\"@type\":\"ListItem\",\"position\":2,\"name\":\"Proyectos\",\"item\":\"https:\/\/tb-farming.com\/es\/proyectos\/\"},{\"@type\":\"ListItem\",\"position\":3,\"name\":\"Proyectos piloto\"}]},{\"@type\":\"WebSite\",\"@id\":\"https:\/\/tb-farming.com\/es\/#website\",\"url\":\"https:\/\/tb-farming.com\/es\/\",\"name\":\"Medizinisches Cannabis | GACP Standard | Anbau und Verarbeitung\",\"description\":\"together we grow.\",\"publisher\":{\"@id\":\"https:\/\/tb-farming.com\/es\/#organization\"},\"potentialAction\":[{\"@type\":\"SearchAction\",\"target\":{\"@type\":\"EntryPoint\",\"urlTemplate\":\"https:\/\/tb-farming.com\/es\/?s={search_term_string}\"},\"query-input\":{\"@type\":\"PropertyValueSpecification\",\"valueRequired\":true,\"valueName\":\"search_term_string\"}}],\"inLanguage\":\"es\"},{\"@type\":\"Organization\",\"@id\":\"https:\/\/tb-farming.com\/es\/#organization\",\"name\":\"TB Farming AG\",\"url\":\"https:\/\/tb-farming.com\/es\/\",\"logo\":{\"@type\":\"ImageObject\",\"inLanguage\":\"es\",\"@id\":\"https:\/\/tb-farming.com\/es\/#\/schema\/logo\/image\/\",\"url\":\"https:\/\/tb-farming.com\/wp-content\/uploads\/2024\/01\/TB-Farming-500x270-1.png\",\"contentUrl\":\"https:\/\/tb-farming.com\/wp-content\/uploads\/2024\/01\/TB-Farming-500x270-1.png\",\"width\":500,\"height\":270,\"caption\":\"TB Farming AG\"},\"image\":{\"@id\":\"https:\/\/tb-farming.com\/es\/#\/schema\/logo\/image\/\"},\"sameAs\":[\"https:\/\/www.linkedin.com\/company\/tb-farming-ag\/\",\"https:\/\/www.instagram.com\/tb.farming\/\"],\"email\":\"info@tbfarming.ch\",\"telephone\":\"+41(0) 71 642 10 91\",\"legalName\":\"TB Farming AG\",\"numberOfEmployees\":{\"@type\":\"QuantitativeValue\",\"minValue\":\"11\",\"maxValue\":\"50\"}}]}<\/script>\n<!-- \/ Yoast SEO Premium plugin. -->","yoast_head_json":{"title":"Proyectos piloto - Medizinisches Cannabis | GACP Standard | Anbau und Verarbeitung","description":"Recoger datos cient\u00edficamente s\u00f3lidos sobre el impacto del consumo regulado de cannabis en la sociedad.","robots":{"index":"index","follow":"follow","max-snippet":"max-snippet:-1","max-image-preview":"max-image-preview:large","max-video-preview":"max-video-preview:-1"},"canonical":"https:\/\/tb-farming.com\/es\/proyectos\/proyectos-piloto\/","og_locale":"es_ES","og_type":"article","og_title":"Proyectos piloto","og_description":"Recoger datos cient\u00edficamente s\u00f3lidos sobre el impacto del consumo regulado de cannabis en la sociedad.","og_url":"https:\/\/tb-farming.com\/es\/proyectos\/proyectos-piloto\/","og_site_name":"Medizinisches Cannabis | GACP Standard | Anbau und Verarbeitung","article_modified_time":"2024-09-23T08:32:12+00:00","og_image":[{"width":1200,"height":675,"url":"https:\/\/tb-farming.com\/wp-content\/uploads\/2024\/03\/social-sharing.jpg","type":"image\/jpeg"}],"twitter_card":"summary_large_image","twitter_misc":{"Tiempo de lectura":"4 minutos"},"schema":{"@context":"https:\/\/schema.org","@graph":[{"@type":"WebPage","@id":"https:\/\/tb-farming.com\/es\/proyectos\/proyectos-piloto\/","url":"https:\/\/tb-farming.com\/es\/proyectos\/proyectos-piloto\/","name":"Proyectos piloto - Medizinisches Cannabis | GACP Standard | Anbau und Verarbeitung","isPartOf":{"@id":"https:\/\/tb-farming.com\/es\/#website"},"datePublished":"2018-11-14T08:40:47+00:00","dateModified":"2024-09-23T08:32:12+00:00","description":"Recoger datos cient\u00edficamente s\u00f3lidos sobre el impacto del consumo regulado de cannabis en la sociedad.","breadcrumb":{"@id":"https:\/\/tb-farming.com\/es\/proyectos\/proyectos-piloto\/#breadcrumb"},"inLanguage":"es","potentialAction":[{"@type":"ReadAction","target":["https:\/\/tb-farming.com\/es\/proyectos\/proyectos-piloto\/"]}]},{"@type":"BreadcrumbList","@id":"https:\/\/tb-farming.com\/es\/proyectos\/proyectos-piloto\/#breadcrumb","itemListElement":[{"@type":"ListItem","position":1,"name":"Startseite","item":"https:\/\/tb-farming.com\/es\/pagina-de-inicio\/"},{"@type":"ListItem","position":2,"name":"Proyectos","item":"https:\/\/tb-farming.com\/es\/proyectos\/"},{"@type":"ListItem","position":3,"name":"Proyectos piloto"}]},{"@type":"WebSite","@id":"https:\/\/tb-farming.com\/es\/#website","url":"https:\/\/tb-farming.com\/es\/","name":"Medizinisches Cannabis | GACP Standard | Anbau und Verarbeitung","description":"together we grow.","publisher":{"@id":"https:\/\/tb-farming.com\/es\/#organization"},"potentialAction":[{"@type":"SearchAction","target":{"@type":"EntryPoint","urlTemplate":"https:\/\/tb-farming.com\/es\/?s={search_term_string}"},"query-input":{"@type":"PropertyValueSpecification","valueRequired":true,"valueName":"search_term_string"}}],"inLanguage":"es"},{"@type":"Organization","@id":"https:\/\/tb-farming.com\/es\/#organization","name":"TB Farming AG","url":"https:\/\/tb-farming.com\/es\/","logo":{"@type":"ImageObject","inLanguage":"es","@id":"https:\/\/tb-farming.com\/es\/#\/schema\/logo\/image\/","url":"https:\/\/tb-farming.com\/wp-content\/uploads\/2024\/01\/TB-Farming-500x270-1.png","contentUrl":"https:\/\/tb-farming.com\/wp-content\/uploads\/2024\/01\/TB-Farming-500x270-1.png","width":500,"height":270,"caption":"TB Farming AG"},"image":{"@id":"https:\/\/tb-farming.com\/es\/#\/schema\/logo\/image\/"},"sameAs":["https:\/\/www.linkedin.com\/company\/tb-farming-ag\/","https:\/\/www.instagram.com\/tb.farming\/"],"email":"info@tbfarming.ch","telephone":"+41(0) 71 642 10 91","legalName":"TB Farming AG","numberOfEmployees":{"@type":"QuantitativeValue","minValue":"11","maxValue":"50"}}]}},"_links":{"self":[{"href":"https:\/\/tb-farming.com\/es\/wp-json\/wp\/v2\/pages\/2281","targetHints":{"allow":["GET"]}}],"collection":[{"href":"https:\/\/tb-farming.com\/es\/wp-json\/wp\/v2\/pages"}],"about":[{"href":"https:\/\/tb-farming.com\/es\/wp-json\/wp\/v2\/types\/page"}],"author":[{"embeddable":true,"href":"https:\/\/tb-farming.com\/es\/wp-json\/wp\/v2\/users\/1"}],"replies":[{"embeddable":true,"href":"https:\/\/tb-farming.com\/es\/wp-json\/wp\/v2\/comments?post=2281"}],"version-history":[{"count":1,"href":"https:\/\/tb-farming.com\/es\/wp-json\/wp\/v2\/pages\/2281\/revisions"}],"predecessor-version":[{"id":2285,"href":"https:\/\/tb-farming.com\/es\/wp-json\/wp\/v2\/pages\/2281\/revisions\/2285"}],"up":[{"embeddable":true,"href":"https:\/\/tb-farming.com\/es\/wp-json\/wp\/v2\/pages\/2262"}],"wp:attachment":[{"href":"https:\/\/tb-farming.com\/es\/wp-json\/wp\/v2\/media?parent=2281"}],"curies":[{"name":"wp","href":"https:\/\/api.w.org\/{rel}","templated":true}]}}