{"id":2234,"date":"2018-11-16T07:42:06","date_gmt":"2018-11-16T06:42:06","guid":{"rendered":"https:\/\/tb-farming.com\/produccion\/"},"modified":"2024-09-23T10:32:05","modified_gmt":"2024-09-23T08:32:05","slug":"produccion","status":"publish","type":"page","link":"https:\/\/tb-farming.com\/es\/produccion\/","title":{"rendered":"Producci\u00f3n"},"content":{"rendered":"<div class=\"wpb-content-wrapper\"><p>[vc_row][vc_column][vc_column_text]<\/p>\n<p>[\/vc_column_text][\/vc_column][\/vc_row][vc_row][vc_column][vc_custom_heading text=\u00bbCULTIVO SEG\u00daN LA NORMA GACP\u00bb use_theme_fonts=\u00bbyes\u00bb][\/vc_column][\/vc_row][vc_row][vc_column width=\u00bb1\/2&#8243;][vc_column_text]<\/p>\n<h2>Buenas pr\u00e1cticas agr\u00edcolas y de recogida<\/h2>\n<p>  La producci\u00f3n de cannabis est\u00e1 sujeta a directrices estrictas para garantizar la calidad y la seguridad.<br \/>\nUn aspecto clave es la <a href=\"https:\/\/tb-farming.com\/lexikon\/gacp-good-agricultural-and-collection-practice\/\">norma GACP<\/a>, que significa \u00abBuenas Pr\u00e1cticas Agr\u00edcolas y de Recolecci\u00f3n\u00bb.<br \/>\nEsta norma es esencial para la producci\u00f3n sostenible de cannabis.<br \/>\nEn este contexto, es importante utilizar m\u00e9todos y equipos modernos para cumplir los requisitos.<br \/>\nNuestra empresa, una empresa de cannabis integrada verticalmente, est\u00e1 comprometida con este enfoque.<br \/>\nControlamos internamente cada paso del proceso de producci\u00f3n.<br \/>\nEsto significa que seguimos las <a href=\"https:\/\/tb-farming.com\/lexikon\/weed\/\">plantas de cannabis<\/a> desde la planta madre hasta los esquejes, el cultivo, la floraci\u00f3n y, por \u00faltimo, el procesamiento.<br \/>\nM\u00e1s de 26 a\u00f1os de experiencia y amplios conocimientos fluyen en este proceso.<br \/>\nNunca perdemos de vista la necesidad de un desarrollo continuo y oportuno.          <\/p>\n<h2>Cultivo ecol\u00f3gico seg\u00fan la norma GACP<\/h2>\n<p>  Damos prioridad al cultivo ecol\u00f3gico.<br \/>\nLa norma GACP desempe\u00f1a aqu\u00ed un papel central.<br \/>\nCumpliendo estas directrices, no s\u00f3lo garantizamos la calidad y seguridad de nuestros productos, sino que tambi\u00e9n contribuimos a la protecci\u00f3n del medio ambiente.<br \/>\nNuestros modernos m\u00e9todos de cultivo e instalaciones est\u00e1n dise\u00f1ados espec\u00edficamente para cumplir las normas GACP.<br \/>\nNos centramos en pr\u00e1cticas sostenibles para minimizar la huella medioambiental de nuestra producci\u00f3n de cannabis.      <\/p>\n<h2>Calidad y seguridad<\/h2>\n<p>  En resumen, la norma GACP es una parte esencial de nuestra producci\u00f3n de cannabis.<br \/>\nMediante la combinaci\u00f3n de muchos a\u00f1os de experiencia, el desarrollo continuo y un fuerte enfoque en el cultivo org\u00e1nico, garantizamos que nuestros productos no s\u00f3lo son seguros y de alta calidad, sino que tambi\u00e9n se producen de forma sostenible.<br \/>\nLa integraci\u00f3n de m\u00e9todos y equipos modernos subraya nuestro compromiso con la excelencia y la protecci\u00f3n medioambiental en la producci\u00f3n de cannabis.    <\/p>\n<h2>Tratamiento suave<\/h2>\n<p>  Para garantizar la alta calidad constante de nuestras materias primas y productos, nos basamos en las tres H.<br \/>\n\u00absecado al aire libre, recortado a mano y cuidado a mano\u00bb: este cuidadoso proceso garantiza la m\u00e1xima calidad posible.   &nbsp;<\/p>\n<p>[\/vc_column_text][\/vc_column][vc_column width=\u00bb1\/2&#8243;][vc_gallery interval=\u00bb3&#8243; images=\u00bb1111,1112,1113,1114,1115,1116,1117,1118,1119,1120&#8243; img_size=\u00bblarge\u00bb][\/vc_column][\/vc_row][vc_row][vc_column][vc_column_text]<span class=\"wixui-rich-text__text\">Toda nuestra cadena de valor se encuentra bajo un mismo techo.<br \/>\nNuestro departamento de producci\u00f3n colabora estrechamente con nuestro departamento de ventas y log\u00edstica, y tambi\u00e9n participa en un animado di\u00e1logo con el departamento de desarrollo de productos.   <\/span><\/p>\n<p>[\/vc_column_text][\/vc_column][\/vc_row][vc_row el_class=\u00bbbg-primary call-to-action\u00bb css=\u00bb.vc_custom_1542184444490{padding-top: 52px !important;padding-bottom: 52px !important;}\u00bb][vc_column offset=\u00bbvc_col-md-8&#8243;][vc_custom_heading text=\u00bbProducci\u00f3n de cannabis seg\u00fan las normas internacionales.\u00bb font_container=\u00bbtag:h3|text_align:left|color:%23ffffff\u00bb use_theme_fonts=\u00bbyes\u00bb css=\u00bb.vc_custom_1709194387222{margin-top: 10px !important;margin-bottom: 0px !important;}\u00bb][\/vc_column][vc_column offset=\u00bbvc_col-md-4&#8243;]\n    <div class=\"text-right\">\n        <a class=\"btn btn-medium btn-light  \" href=\"http:\/\/contact\/\" style=\"\">In Kontakt treten<\/a>\n    <\/div>\n\n    [\/vc_column][\/vc_row]<\/p>\n<\/div>","protected":false},"excerpt":{"rendered":"<p>[vc_row][vc_column][vc_column_text] [\/vc_column_text][\/vc_column][\/vc_row][vc_row][vc_column][vc_custom_heading text=\u00bbCULTIVO SEG\u00daN LA NORMA GACP\u00bb use_theme_fonts=\u00bbyes\u00bb][\/vc_column][\/vc_row][vc_row][vc_column width=\u00bb1\/2&#8243;][vc_column_text] Buenas pr\u00e1cticas agr\u00edcolas y de recogida La producci\u00f3n de cannabis est\u00e1 sujeta a directrices estrictas para garantizar la calidad y la seguridad. Un aspecto clave es la norma GACP, que significa \u00abBuenas Pr\u00e1cticas Agr\u00edcolas y de Recolecci\u00f3n\u00bb. Esta norma es esencial para la producci\u00f3n sostenible de [&hellip;]<\/p>\n","protected":false},"author":1,"featured_media":0,"parent":0,"menu_order":0,"comment_status":"closed","ping_status":"closed","template":"","meta":{"footnotes":""},"class_list":["post-2234","page","type-page","status-publish","hentry"],"yoast_head":"<!-- This site is optimized with the Yoast SEO Premium plugin v24.0 (Yoast SEO v24.9) - https:\/\/yoast.com\/wordpress\/plugins\/seo\/ -->\n<title>Producci\u00f3n - Medizinisches Cannabis | GACP Standard | Anbau und Verarbeitung<\/title>\n<meta name=\"description\" content=\"Cannabis medicinal, cultivado seg\u00fan la norma GACP. C\u00f3mo afectan a las plantas la seguridad, la calidad y la sostenibilidad.\" \/>\n<meta name=\"robots\" content=\"index, follow, max-snippet:-1, max-image-preview:large, max-video-preview:-1\" \/>\n<link rel=\"canonical\" href=\"https:\/\/tb-farming.com\/es\/produccion\/\" \/>\n<meta property=\"og:locale\" content=\"es_ES\" \/>\n<meta property=\"og:type\" content=\"article\" \/>\n<meta property=\"og:title\" content=\"Producci\u00f3n\" \/>\n<meta property=\"og:description\" content=\"Cannabis medicinal, cultivado seg\u00fan la norma GACP. C\u00f3mo afectan a las plantas la seguridad, la calidad y la sostenibilidad.\" \/>\n<meta property=\"og:url\" content=\"https:\/\/tb-farming.com\/es\/produccion\/\" \/>\n<meta property=\"og:site_name\" content=\"Medizinisches Cannabis | GACP Standard | Anbau und Verarbeitung\" \/>\n<meta property=\"article:modified_time\" content=\"2024-09-23T08:32:05+00:00\" \/>\n<meta property=\"og:image\" content=\"https:\/\/tb-farming.com\/wp-content\/uploads\/2024\/03\/social-sharing.jpg\" \/>\n\t<meta property=\"og:image:width\" content=\"1200\" \/>\n\t<meta property=\"og:image:height\" content=\"675\" \/>\n\t<meta property=\"og:image:type\" content=\"image\/jpeg\" \/>\n<meta name=\"twitter:card\" content=\"summary_large_image\" \/>\n<meta name=\"twitter:label1\" content=\"Tiempo de lectura\" \/>\n\t<meta name=\"twitter:data1\" content=\"3 minutos\" \/>\n<script type=\"application\/ld+json\" class=\"yoast-schema-graph\">{\"@context\":\"https:\/\/schema.org\",\"@graph\":[{\"@type\":\"WebPage\",\"@id\":\"https:\/\/tb-farming.com\/es\/produccion\/\",\"url\":\"https:\/\/tb-farming.com\/es\/produccion\/\",\"name\":\"Producci\u00f3n - Medizinisches Cannabis | GACP Standard | Anbau und Verarbeitung\",\"isPartOf\":{\"@id\":\"https:\/\/tb-farming.com\/es\/#website\"},\"datePublished\":\"2018-11-16T06:42:06+00:00\",\"dateModified\":\"2024-09-23T08:32:05+00:00\",\"description\":\"Cannabis medicinal, cultivado seg\u00fan la norma GACP. C\u00f3mo afectan a las plantas la seguridad, la calidad y la sostenibilidad.\",\"breadcrumb\":{\"@id\":\"https:\/\/tb-farming.com\/es\/produccion\/#breadcrumb\"},\"inLanguage\":\"es\",\"potentialAction\":[{\"@type\":\"ReadAction\",\"target\":[\"https:\/\/tb-farming.com\/es\/produccion\/\"]}]},{\"@type\":\"BreadcrumbList\",\"@id\":\"https:\/\/tb-farming.com\/es\/produccion\/#breadcrumb\",\"itemListElement\":[{\"@type\":\"ListItem\",\"position\":1,\"name\":\"Startseite\",\"item\":\"https:\/\/tb-farming.com\/es\/pagina-de-inicio\/\"},{\"@type\":\"ListItem\",\"position\":2,\"name\":\"Producci\u00f3n\"}]},{\"@type\":\"WebSite\",\"@id\":\"https:\/\/tb-farming.com\/es\/#website\",\"url\":\"https:\/\/tb-farming.com\/es\/\",\"name\":\"Medizinisches Cannabis | GACP Standard | Anbau und Verarbeitung\",\"description\":\"together we grow.\",\"publisher\":{\"@id\":\"https:\/\/tb-farming.com\/es\/#organization\"},\"potentialAction\":[{\"@type\":\"SearchAction\",\"target\":{\"@type\":\"EntryPoint\",\"urlTemplate\":\"https:\/\/tb-farming.com\/es\/?s={search_term_string}\"},\"query-input\":{\"@type\":\"PropertyValueSpecification\",\"valueRequired\":true,\"valueName\":\"search_term_string\"}}],\"inLanguage\":\"es\"},{\"@type\":\"Organization\",\"@id\":\"https:\/\/tb-farming.com\/es\/#organization\",\"name\":\"TB Farming AG\",\"url\":\"https:\/\/tb-farming.com\/es\/\",\"logo\":{\"@type\":\"ImageObject\",\"inLanguage\":\"es\",\"@id\":\"https:\/\/tb-farming.com\/es\/#\/schema\/logo\/image\/\",\"url\":\"https:\/\/tb-farming.com\/wp-content\/uploads\/2024\/01\/TB-Farming-500x270-1.png\",\"contentUrl\":\"https:\/\/tb-farming.com\/wp-content\/uploads\/2024\/01\/TB-Farming-500x270-1.png\",\"width\":500,\"height\":270,\"caption\":\"TB Farming AG\"},\"image\":{\"@id\":\"https:\/\/tb-farming.com\/es\/#\/schema\/logo\/image\/\"},\"sameAs\":[\"https:\/\/www.linkedin.com\/company\/tb-farming-ag\/\",\"https:\/\/www.instagram.com\/tb.farming\/\"],\"email\":\"info@tbfarming.ch\",\"telephone\":\"+41(0) 71 642 10 91\",\"legalName\":\"TB Farming AG\",\"numberOfEmployees\":{\"@type\":\"QuantitativeValue\",\"minValue\":\"11\",\"maxValue\":\"50\"}}]}<\/script>\n<!-- \/ Yoast SEO Premium plugin. -->","yoast_head_json":{"title":"Producci\u00f3n - Medizinisches Cannabis | GACP Standard | Anbau und Verarbeitung","description":"Cannabis medicinal, cultivado seg\u00fan la norma GACP. C\u00f3mo afectan a las plantas la seguridad, la calidad y la sostenibilidad.","robots":{"index":"index","follow":"follow","max-snippet":"max-snippet:-1","max-image-preview":"max-image-preview:large","max-video-preview":"max-video-preview:-1"},"canonical":"https:\/\/tb-farming.com\/es\/produccion\/","og_locale":"es_ES","og_type":"article","og_title":"Producci\u00f3n","og_description":"Cannabis medicinal, cultivado seg\u00fan la norma GACP. C\u00f3mo afectan a las plantas la seguridad, la calidad y la sostenibilidad.","og_url":"https:\/\/tb-farming.com\/es\/produccion\/","og_site_name":"Medizinisches Cannabis | GACP Standard | Anbau und Verarbeitung","article_modified_time":"2024-09-23T08:32:05+00:00","og_image":[{"width":1200,"height":675,"url":"https:\/\/tb-farming.com\/wp-content\/uploads\/2024\/03\/social-sharing.jpg","type":"image\/jpeg"}],"twitter_card":"summary_large_image","twitter_misc":{"Tiempo de lectura":"3 minutos"},"schema":{"@context":"https:\/\/schema.org","@graph":[{"@type":"WebPage","@id":"https:\/\/tb-farming.com\/es\/produccion\/","url":"https:\/\/tb-farming.com\/es\/produccion\/","name":"Producci\u00f3n - Medizinisches Cannabis | GACP Standard | Anbau und Verarbeitung","isPartOf":{"@id":"https:\/\/tb-farming.com\/es\/#website"},"datePublished":"2018-11-16T06:42:06+00:00","dateModified":"2024-09-23T08:32:05+00:00","description":"Cannabis medicinal, cultivado seg\u00fan la norma GACP. C\u00f3mo afectan a las plantas la seguridad, la calidad y la sostenibilidad.","breadcrumb":{"@id":"https:\/\/tb-farming.com\/es\/produccion\/#breadcrumb"},"inLanguage":"es","potentialAction":[{"@type":"ReadAction","target":["https:\/\/tb-farming.com\/es\/produccion\/"]}]},{"@type":"BreadcrumbList","@id":"https:\/\/tb-farming.com\/es\/produccion\/#breadcrumb","itemListElement":[{"@type":"ListItem","position":1,"name":"Startseite","item":"https:\/\/tb-farming.com\/es\/pagina-de-inicio\/"},{"@type":"ListItem","position":2,"name":"Producci\u00f3n"}]},{"@type":"WebSite","@id":"https:\/\/tb-farming.com\/es\/#website","url":"https:\/\/tb-farming.com\/es\/","name":"Medizinisches Cannabis | GACP Standard | Anbau und Verarbeitung","description":"together we grow.","publisher":{"@id":"https:\/\/tb-farming.com\/es\/#organization"},"potentialAction":[{"@type":"SearchAction","target":{"@type":"EntryPoint","urlTemplate":"https:\/\/tb-farming.com\/es\/?s={search_term_string}"},"query-input":{"@type":"PropertyValueSpecification","valueRequired":true,"valueName":"search_term_string"}}],"inLanguage":"es"},{"@type":"Organization","@id":"https:\/\/tb-farming.com\/es\/#organization","name":"TB Farming AG","url":"https:\/\/tb-farming.com\/es\/","logo":{"@type":"ImageObject","inLanguage":"es","@id":"https:\/\/tb-farming.com\/es\/#\/schema\/logo\/image\/","url":"https:\/\/tb-farming.com\/wp-content\/uploads\/2024\/01\/TB-Farming-500x270-1.png","contentUrl":"https:\/\/tb-farming.com\/wp-content\/uploads\/2024\/01\/TB-Farming-500x270-1.png","width":500,"height":270,"caption":"TB Farming AG"},"image":{"@id":"https:\/\/tb-farming.com\/es\/#\/schema\/logo\/image\/"},"sameAs":["https:\/\/www.linkedin.com\/company\/tb-farming-ag\/","https:\/\/www.instagram.com\/tb.farming\/"],"email":"info@tbfarming.ch","telephone":"+41(0) 71 642 10 91","legalName":"TB Farming AG","numberOfEmployees":{"@type":"QuantitativeValue","minValue":"11","maxValue":"50"}}]}},"_links":{"self":[{"href":"https:\/\/tb-farming.com\/es\/wp-json\/wp\/v2\/pages\/2234","targetHints":{"allow":["GET"]}}],"collection":[{"href":"https:\/\/tb-farming.com\/es\/wp-json\/wp\/v2\/pages"}],"about":[{"href":"https:\/\/tb-farming.com\/es\/wp-json\/wp\/v2\/types\/page"}],"author":[{"embeddable":true,"href":"https:\/\/tb-farming.com\/es\/wp-json\/wp\/v2\/users\/1"}],"replies":[{"embeddable":true,"href":"https:\/\/tb-farming.com\/es\/wp-json\/wp\/v2\/comments?post=2234"}],"version-history":[{"count":1,"href":"https:\/\/tb-farming.com\/es\/wp-json\/wp\/v2\/pages\/2234\/revisions"}],"predecessor-version":[{"id":2246,"href":"https:\/\/tb-farming.com\/es\/wp-json\/wp\/v2\/pages\/2234\/revisions\/2246"}],"wp:attachment":[{"href":"https:\/\/tb-farming.com\/es\/wp-json\/wp\/v2\/media?parent=2234"}],"curies":[{"name":"wp","href":"https:\/\/api.w.org\/{rel}","templated":true}]}}