{"id":2184,"date":"2024-01-10T11:50:25","date_gmt":"2024-01-10T10:50:25","guid":{"rendered":"https:\/\/tb-farming.com\/imprime\/"},"modified":"2025-01-14T10:47:28","modified_gmt":"2025-01-14T09:47:28","slug":"imprime","status":"publish","type":"page","link":"https:\/\/tb-farming.com\/es\/imprime\/","title":{"rendered":"IMPRIME"},"content":{"rendered":"<div class=\"wpb-content-wrapper\"><p>[vc_row][vc_column][vc_column_text css=\u00bb\u00bb][\/vc_column_text][\/vc_column][\/vc_row][vc_row][vc_column][vc_column_text css=\u00bb\u00bb]<\/p>\n<p><strong>TB Farming AG<\/strong><\/p>\n<p><!-- \/wp:post-content --><\/p>\n<p><!-- wp:paragraph --><br \/>Thurbruggstrasse 4 9215 Sch\u00f6nenberg an der Thur<\/p>\n<p><!-- \/wp:paragraph --><\/p>\n<p><!-- wp:paragraph -->+41 (0)41 71 642 10 91<\/p>\n<p><!-- \/wp:paragraph --><\/p>\n<p><!-- wp:paragraph --><br \/>info@tbfarming.chw<a href=\"mailto:info@tbfarming.ch\">ww.tbfarming.ch<\/a><\/p>\n<p>[\/vc_column_text][\/vc_column][\/vc_row][vc_row][vc_column][vc_column_text css=\u00bb\u00bb]<!-- \/wp:paragraph --><\/p>\n<p><!-- wp:heading {\"style\":{\"typography\":{\"fontSize\":38,\"lineHeight\":\"1.4\"}}} --><\/p>\n<h2 class=\"wp-block-heading\" style=\"font-size: 38px; line-height: 1.4;\">Informaci\u00f3n legal<\/h2>\n<p><!-- \/wp:heading --> <\/p>\n<p><!-- wp:columns --><\/p>\n<div class=\"wp-block-columns\"><!-- wp:column --><\/p>\n<div class=\"wp-block-column\">\n<p><!-- wp:paragraph -->Este sitio web se proporciona para ofrecer informaci\u00f3n general sobre TB Farming AG y sus productos.<br \/>\nLas p\u00e1ginas de acceso general no contienen consejos m\u00e9dicos. <\/p>\n<p><!-- \/wp:paragraph --><\/p>\n<p><!-- wp:paragraph -->El usuario del sitio web reconoce que el uso del sitio web y el uso de las p\u00e1ginas vinculadas al mismo es exclusivamente por cuenta y riesgo del usuario y que ni TB Farming AG ni ninguna otra parte implicada en la creaci\u00f3n del sitio web acepta responsabilidad alguna por da\u00f1os directos, indirectos o consecuentes de ning\u00fan tipo.<\/p>\n<p><!-- \/wp:paragraph --><\/p>\n<p><!-- wp:paragraph {\"style\":{\"typography\":{\"fontSize\":18}}} --><\/p>\n<p style=\"font-size: 18px;\">TB Farming AG ha hecho todo lo posible por proporcionar informaci\u00f3n correcta y actualizada.<br \/>\nQueda excluida cualquier responsabilidad, expresa o impl\u00edcita, por la integridad y exactitud de la informaci\u00f3n contenida en estas p\u00e1ginas. <\/p>\n<p><!-- \/wp:paragraph --><\/p>\n<p><!-- wp:paragraph -->El sitio web de TB Farming AG tambi\u00e9n contiene enlaces a otros sitios web.<br \/>\nDado que TB Farming AG no tiene influencia alguna sobre el contenido de estas p\u00e1ginas, se rechaza cualquier responsabilidad derivada de las mismas. <\/p>\n<p><!-- \/wp:paragraph --><\/p>\n<p><!-- wp:paragraph --><br \/>Toda la informaci\u00f3n de este sitio web es propiedad de TB Farming AG. Queda prohibido cualquier uso de esta informaci\u00f3n sin el consentimiento previo por escrito de TB Farming AG.<\/p>\n<p><!-- \/wp:paragraph --><\/p>\n<p><!-- wp:paragraph -->Nos reservamos el derecho a modificar el contenido de este sitio web sin previo aviso.<br \/>\nNo aceptamos responsabilidad alguna por las consecuencias de dichos cambios. <\/p>\n<p><!-- \/wp:paragraph --><\/p>\n<\/div>\n<p><!-- \/wp:column --><\/p>\n<\/div>\n<p><!-- \/wp:columns --><\/p>\n<p><!-- wp:paragraph -->Handelsregister-Nr.: CH-440.3.030.959-0<\/p>\n<p><!-- \/wp:paragraph --> <\/p>\n<p>[\/vc_column_text][\/vc_column][\/vc_row]<\/p>\n<\/div>","protected":false},"excerpt":{"rendered":"<p>[vc_row][vc_column][vc_column_text css=\u00bb\u00bb][\/vc_column_text][\/vc_column][\/vc_row][vc_row][vc_column][vc_column_text css=\u00bb\u00bb] TB Farming AG Thurbruggstrasse 4 9215 Sch\u00f6nenberg an der Thur +41 (0)41 71 642 10 91 info@tbfarming.chwww.tbfarming.ch [\/vc_column_text][\/vc_column][\/vc_row][vc_row][vc_column][vc_column_text css=\u00bb\u00bb] Informaci\u00f3n legal Este sitio web se proporciona para ofrecer informaci\u00f3n general sobre TB Farming AG y sus productos. Las p\u00e1ginas de acceso general no contienen consejos m\u00e9dicos. El usuario del sitio web reconoce [&hellip;]<\/p>\n","protected":false},"author":1,"featured_media":0,"parent":0,"menu_order":0,"comment_status":"closed","ping_status":"closed","template":"","meta":{"footnotes":""},"class_list":["post-2184","page","type-page","status-publish","hentry"],"yoast_head":"<!-- This site is optimized with the Yoast SEO Premium plugin v24.0 (Yoast SEO v24.9) - https:\/\/yoast.com\/wordpress\/plugins\/seo\/ -->\n<title>IMPRIME - Medizinisches Cannabis | GACP Standard | Anbau und Verarbeitung<\/title>\n<meta name=\"robots\" content=\"index, follow, max-snippet:-1, max-image-preview:large, max-video-preview:-1\" \/>\n<link rel=\"canonical\" href=\"https:\/\/tb-farming.com\/es\/imprime\/\" \/>\n<meta property=\"og:locale\" content=\"es_ES\" \/>\n<meta property=\"og:type\" content=\"article\" \/>\n<meta property=\"og:title\" content=\"IMPRIME\" \/>\n<meta property=\"og:description\" content=\"[vc_row][vc_column][vc_column_text css=\u00bb\u00bb][\/vc_column_text][\/vc_column][\/vc_row][vc_row][vc_column][vc_column_text css=\u00bb\u00bb] TB Farming AG Thurbruggstrasse 4 9215 Sch\u00f6nenberg an der Thur +41 (0)41 71 642 10 91 info@tbfarming.chwww.tbfarming.ch [\/vc_column_text][\/vc_column][\/vc_row][vc_row][vc_column][vc_column_text css=\u00bb\u00bb] Informaci\u00f3n legal Este sitio web se proporciona para ofrecer informaci\u00f3n general sobre TB Farming AG y sus productos. Las p\u00e1ginas de acceso general no contienen consejos m\u00e9dicos. El usuario del sitio web reconoce [&hellip;]\" \/>\n<meta property=\"og:url\" content=\"https:\/\/tb-farming.com\/es\/imprime\/\" \/>\n<meta property=\"og:site_name\" content=\"Medizinisches Cannabis | GACP Standard | Anbau und Verarbeitung\" \/>\n<meta property=\"article:modified_time\" content=\"2025-01-14T09:47:28+00:00\" \/>\n<meta property=\"og:image\" content=\"https:\/\/tb-farming.com\/wp-content\/uploads\/2024\/03\/social-sharing.jpg\" \/>\n\t<meta property=\"og:image:width\" content=\"1200\" \/>\n\t<meta property=\"og:image:height\" content=\"675\" \/>\n\t<meta property=\"og:image:type\" content=\"image\/jpeg\" \/>\n<meta name=\"twitter:card\" content=\"summary_large_image\" \/>\n<meta name=\"twitter:label1\" content=\"Tiempo de lectura\" \/>\n\t<meta name=\"twitter:data1\" content=\"1 minuto\" \/>\n<script type=\"application\/ld+json\" class=\"yoast-schema-graph\">{\"@context\":\"https:\/\/schema.org\",\"@graph\":[{\"@type\":\"WebPage\",\"@id\":\"https:\/\/tb-farming.com\/es\/imprime\/\",\"url\":\"https:\/\/tb-farming.com\/es\/imprime\/\",\"name\":\"IMPRIME - Medizinisches Cannabis | GACP Standard | Anbau und Verarbeitung\",\"isPartOf\":{\"@id\":\"https:\/\/tb-farming.com\/es\/#website\"},\"datePublished\":\"2024-01-10T10:50:25+00:00\",\"dateModified\":\"2025-01-14T09:47:28+00:00\",\"breadcrumb\":{\"@id\":\"https:\/\/tb-farming.com\/es\/imprime\/#breadcrumb\"},\"inLanguage\":\"es\",\"potentialAction\":[{\"@type\":\"ReadAction\",\"target\":[\"https:\/\/tb-farming.com\/es\/imprime\/\"]}]},{\"@type\":\"BreadcrumbList\",\"@id\":\"https:\/\/tb-farming.com\/es\/imprime\/#breadcrumb\",\"itemListElement\":[{\"@type\":\"ListItem\",\"position\":1,\"name\":\"Startseite\",\"item\":\"https:\/\/tb-farming.com\/es\/pagina-de-inicio\/\"},{\"@type\":\"ListItem\",\"position\":2,\"name\":\"IMPRIME\"}]},{\"@type\":\"WebSite\",\"@id\":\"https:\/\/tb-farming.com\/es\/#website\",\"url\":\"https:\/\/tb-farming.com\/es\/\",\"name\":\"Medizinisches Cannabis | GACP Standard | Anbau und Verarbeitung\",\"description\":\"together we grow.\",\"publisher\":{\"@id\":\"https:\/\/tb-farming.com\/es\/#organization\"},\"potentialAction\":[{\"@type\":\"SearchAction\",\"target\":{\"@type\":\"EntryPoint\",\"urlTemplate\":\"https:\/\/tb-farming.com\/es\/?s={search_term_string}\"},\"query-input\":{\"@type\":\"PropertyValueSpecification\",\"valueRequired\":true,\"valueName\":\"search_term_string\"}}],\"inLanguage\":\"es\"},{\"@type\":\"Organization\",\"@id\":\"https:\/\/tb-farming.com\/es\/#organization\",\"name\":\"TB Farming AG\",\"url\":\"https:\/\/tb-farming.com\/es\/\",\"logo\":{\"@type\":\"ImageObject\",\"inLanguage\":\"es\",\"@id\":\"https:\/\/tb-farming.com\/es\/#\/schema\/logo\/image\/\",\"url\":\"https:\/\/tb-farming.com\/wp-content\/uploads\/2024\/01\/TB-Farming-500x270-1.png\",\"contentUrl\":\"https:\/\/tb-farming.com\/wp-content\/uploads\/2024\/01\/TB-Farming-500x270-1.png\",\"width\":500,\"height\":270,\"caption\":\"TB Farming AG\"},\"image\":{\"@id\":\"https:\/\/tb-farming.com\/es\/#\/schema\/logo\/image\/\"},\"sameAs\":[\"https:\/\/www.linkedin.com\/company\/tb-farming-ag\/\",\"https:\/\/www.instagram.com\/tb.farming\/\"],\"email\":\"info@tbfarming.ch\",\"telephone\":\"+41(0) 71 642 10 91\",\"legalName\":\"TB Farming AG\",\"numberOfEmployees\":{\"@type\":\"QuantitativeValue\",\"minValue\":\"11\",\"maxValue\":\"50\"}}]}<\/script>\n<!-- \/ Yoast SEO Premium plugin. -->","yoast_head_json":{"title":"IMPRIME - Medizinisches Cannabis | GACP Standard | Anbau und Verarbeitung","robots":{"index":"index","follow":"follow","max-snippet":"max-snippet:-1","max-image-preview":"max-image-preview:large","max-video-preview":"max-video-preview:-1"},"canonical":"https:\/\/tb-farming.com\/es\/imprime\/","og_locale":"es_ES","og_type":"article","og_title":"IMPRIME","og_description":"[vc_row][vc_column][vc_column_text css=\u00bb\u00bb][\/vc_column_text][\/vc_column][\/vc_row][vc_row][vc_column][vc_column_text css=\u00bb\u00bb] TB Farming AG Thurbruggstrasse 4 9215 Sch\u00f6nenberg an der Thur +41 (0)41 71 642 10 91 info@tbfarming.chwww.tbfarming.ch [\/vc_column_text][\/vc_column][\/vc_row][vc_row][vc_column][vc_column_text css=\u00bb\u00bb] Informaci\u00f3n legal Este sitio web se proporciona para ofrecer informaci\u00f3n general sobre TB Farming AG y sus productos. Las p\u00e1ginas de acceso general no contienen consejos m\u00e9dicos. El usuario del sitio web reconoce [&hellip;]","og_url":"https:\/\/tb-farming.com\/es\/imprime\/","og_site_name":"Medizinisches Cannabis | GACP Standard | Anbau und Verarbeitung","article_modified_time":"2025-01-14T09:47:28+00:00","og_image":[{"width":1200,"height":675,"url":"https:\/\/tb-farming.com\/wp-content\/uploads\/2024\/03\/social-sharing.jpg","type":"image\/jpeg"}],"twitter_card":"summary_large_image","twitter_misc":{"Tiempo de lectura":"1 minuto"},"schema":{"@context":"https:\/\/schema.org","@graph":[{"@type":"WebPage","@id":"https:\/\/tb-farming.com\/es\/imprime\/","url":"https:\/\/tb-farming.com\/es\/imprime\/","name":"IMPRIME - Medizinisches Cannabis | GACP Standard | Anbau und Verarbeitung","isPartOf":{"@id":"https:\/\/tb-farming.com\/es\/#website"},"datePublished":"2024-01-10T10:50:25+00:00","dateModified":"2025-01-14T09:47:28+00:00","breadcrumb":{"@id":"https:\/\/tb-farming.com\/es\/imprime\/#breadcrumb"},"inLanguage":"es","potentialAction":[{"@type":"ReadAction","target":["https:\/\/tb-farming.com\/es\/imprime\/"]}]},{"@type":"BreadcrumbList","@id":"https:\/\/tb-farming.com\/es\/imprime\/#breadcrumb","itemListElement":[{"@type":"ListItem","position":1,"name":"Startseite","item":"https:\/\/tb-farming.com\/es\/pagina-de-inicio\/"},{"@type":"ListItem","position":2,"name":"IMPRIME"}]},{"@type":"WebSite","@id":"https:\/\/tb-farming.com\/es\/#website","url":"https:\/\/tb-farming.com\/es\/","name":"Medizinisches Cannabis | GACP Standard | Anbau und Verarbeitung","description":"together we grow.","publisher":{"@id":"https:\/\/tb-farming.com\/es\/#organization"},"potentialAction":[{"@type":"SearchAction","target":{"@type":"EntryPoint","urlTemplate":"https:\/\/tb-farming.com\/es\/?s={search_term_string}"},"query-input":{"@type":"PropertyValueSpecification","valueRequired":true,"valueName":"search_term_string"}}],"inLanguage":"es"},{"@type":"Organization","@id":"https:\/\/tb-farming.com\/es\/#organization","name":"TB Farming AG","url":"https:\/\/tb-farming.com\/es\/","logo":{"@type":"ImageObject","inLanguage":"es","@id":"https:\/\/tb-farming.com\/es\/#\/schema\/logo\/image\/","url":"https:\/\/tb-farming.com\/wp-content\/uploads\/2024\/01\/TB-Farming-500x270-1.png","contentUrl":"https:\/\/tb-farming.com\/wp-content\/uploads\/2024\/01\/TB-Farming-500x270-1.png","width":500,"height":270,"caption":"TB Farming AG"},"image":{"@id":"https:\/\/tb-farming.com\/es\/#\/schema\/logo\/image\/"},"sameAs":["https:\/\/www.linkedin.com\/company\/tb-farming-ag\/","https:\/\/www.instagram.com\/tb.farming\/"],"email":"info@tbfarming.ch","telephone":"+41(0) 71 642 10 91","legalName":"TB Farming AG","numberOfEmployees":{"@type":"QuantitativeValue","minValue":"11","maxValue":"50"}}]}},"_links":{"self":[{"href":"https:\/\/tb-farming.com\/es\/wp-json\/wp\/v2\/pages\/2184","targetHints":{"allow":["GET"]}}],"collection":[{"href":"https:\/\/tb-farming.com\/es\/wp-json\/wp\/v2\/pages"}],"about":[{"href":"https:\/\/tb-farming.com\/es\/wp-json\/wp\/v2\/types\/page"}],"author":[{"embeddable":true,"href":"https:\/\/tb-farming.com\/es\/wp-json\/wp\/v2\/users\/1"}],"replies":[{"embeddable":true,"href":"https:\/\/tb-farming.com\/es\/wp-json\/wp\/v2\/comments?post=2184"}],"version-history":[{"count":5,"href":"https:\/\/tb-farming.com\/es\/wp-json\/wp\/v2\/pages\/2184\/revisions"}],"predecessor-version":[{"id":2674,"href":"https:\/\/tb-farming.com\/es\/wp-json\/wp\/v2\/pages\/2184\/revisions\/2674"}],"wp:attachment":[{"href":"https:\/\/tb-farming.com\/es\/wp-json\/wp\/v2\/media?parent=2184"}],"curies":[{"name":"wp","href":"https:\/\/api.w.org\/{rel}","templated":true}]}}