{"id":2130,"date":"2024-02-29T12:30:49","date_gmt":"2024-02-29T11:30:49","guid":{"rendered":"https:\/\/tb-farming.com\/optimizacion-del-proceso\/"},"modified":"2024-09-23T10:32:05","modified_gmt":"2024-09-23T08:32:05","slug":"optimizacion-del-proceso","status":"publish","type":"page","link":"https:\/\/tb-farming.com\/es\/produccion\/optimizacion-del-proceso\/","title":{"rendered":"Optimizaci\u00f3n del proceso"},"content":{"rendered":"<div class=\"wpb-content-wrapper\"><p>[vc_row][vc_column][vc_column_text]<\/p>\n<p>[\/vc_column_text][\/vc_column][\/vc_row][vc_row][vc_column][vc_custom_heading text=\u00bbOptimizar los procesos de producci\u00f3n\u00bb use_theme_fonts=\u00bbyes\u00bb][\/vc_column][\/vc_row][vc_row][vc_column][vc_single_image image=\u00bb1381&#8243; img_size=\u00bbfull\u00bb][\/vc_column][\/vc_row][vc_row][vc_column][vc_column_text]En TB Farming AG, la optimizaci\u00f3n de los procesos de acuerdo con las normas GACP y GMP es el n\u00facleo de nuestra producci\u00f3n de cannabis.<br \/>\nNuestro principal objetivo es la formaci\u00f3n continua de nuestros empleados para garantizar que nuestro equipo est\u00e9 siempre al d\u00eda de las mejores pr\u00e1cticas m\u00e1s recientes en la producci\u00f3n de cannabis.<br \/>\nEsto incluye una introducci\u00f3n exhaustiva a las normas GACP (Buenas Pr\u00e1cticas Agr\u00edcolas y de Recolecci\u00f3n) y GMP (Buenas Pr\u00e1cticas de Fabricaci\u00f3n), que garantizan la calidad y seguridad de nuestros productos.<br \/>\nEl desarrollo continuo de nuestro cultivo de cannabis es otra \u00e1rea clave de nuestros esfuerzos.<br \/>\nAplicamos constantemente m\u00e9todos de cultivo innovadores y optimizamos nuestros procesos para aumentar la eficacia y garantizar la m\u00e1xima calidad del producto.<br \/>\nEsta mejora continua nos permite satisfacer las demandas cambiantes del mercado y las necesidades de nuestros clientes.<br \/>\nUna producci\u00f3n eficaz y unos mecanismos de control estrictos son tambi\u00e9n parte integrante de nuestra filosof\u00eda operativa.<br \/>\nMediante la aplicaci\u00f3n de las \u00faltimas tecnolog\u00edas y la actualizaci\u00f3n de nuestros equipos de producci\u00f3n, nos esforzamos por optimizar nuestros procesos de producci\u00f3n y maximizar la eficacia.<br \/>\nEsto incluye la utilizaci\u00f3n de equipos de procesamiento y an\u00e1lisis de cannabis de \u00faltima generaci\u00f3n para garantizar una calidad constante del producto.[\/vc_column_text][\/vc_column][\/vc_row][vc_row][vc_column][vc_single_image image=\u00bb1382&#8243; img_size=\u00bbfull\u00bb][\/vc_column][\/vc_row][vc_row][vc_column][vc_column_text]Los avances en el cultivo de cannabis, la producci\u00f3n eficaz y el control estricto nos permiten fabricar con seguridad y eficacia productos de cannabis de alta calidad que cumplen las normas m\u00e1s estrictas y superan las expectativas de nuestros clientes.<\/p>\n<p>[\/vc_column_text][\/vc_column][\/vc_row]<\/p>\n<\/div>","protected":false},"excerpt":{"rendered":"<p>[vc_row][vc_column][vc_column_text] [\/vc_column_text][\/vc_column][\/vc_row][vc_row][vc_column][vc_custom_heading text=\u00bbOptimizar los procesos de producci\u00f3n\u00bb use_theme_fonts=\u00bbyes\u00bb][\/vc_column][\/vc_row][vc_row][vc_column][vc_single_image image=\u00bb1381&#8243; img_size=\u00bbfull\u00bb][\/vc_column][\/vc_row][vc_row][vc_column][vc_column_text]En TB Farming AG, la optimizaci\u00f3n de los procesos de acuerdo con las normas GACP y GMP es el n\u00facleo de nuestra producci\u00f3n de cannabis. Nuestro principal objetivo es la formaci\u00f3n continua de nuestros empleados para garantizar que nuestro equipo est\u00e9 siempre al d\u00eda de las [&hellip;]<\/p>\n","protected":false},"author":1,"featured_media":0,"parent":2234,"menu_order":0,"comment_status":"closed","ping_status":"closed","template":"","meta":{"footnotes":""},"class_list":["post-2130","page","type-page","status-publish","hentry"],"yoast_head":"<!-- This site is optimized with the Yoast SEO Premium plugin v24.0 (Yoast SEO v24.9) - https:\/\/yoast.com\/wordpress\/plugins\/seo\/ -->\n<title>Optimizaci\u00f3n del proceso - Medizinisches Cannabis | GACP Standard | Anbau und Verarbeitung<\/title>\n<meta name=\"description\" content=\"El perfeccionamiento de nuestro cultivo de cannabis es un \u00e1rea clave de nuestros esfuerzos. Aplicamos constantemente nuevos m\u00e9todos de cultivo.\" \/>\n<meta name=\"robots\" content=\"index, follow, max-snippet:-1, max-image-preview:large, max-video-preview:-1\" \/>\n<link rel=\"canonical\" href=\"https:\/\/tb-farming.com\/es\/produccion\/optimizacion-del-proceso\/\" \/>\n<meta property=\"og:locale\" content=\"es_ES\" \/>\n<meta property=\"og:type\" content=\"article\" \/>\n<meta property=\"og:title\" content=\"Optimizaci\u00f3n del proceso\" \/>\n<meta property=\"og:description\" content=\"El perfeccionamiento de nuestro cultivo de cannabis es un \u00e1rea clave de nuestros esfuerzos. Aplicamos constantemente nuevos m\u00e9todos de cultivo.\" \/>\n<meta property=\"og:url\" content=\"https:\/\/tb-farming.com\/es\/produccion\/optimizacion-del-proceso\/\" \/>\n<meta property=\"og:site_name\" content=\"Medizinisches Cannabis | GACP Standard | Anbau und Verarbeitung\" \/>\n<meta property=\"article:modified_time\" content=\"2024-09-23T08:32:05+00:00\" \/>\n<meta property=\"og:image\" content=\"https:\/\/tb-farming.com\/wp-content\/uploads\/2024\/03\/social-sharing.jpg\" \/>\n\t<meta property=\"og:image:width\" content=\"1200\" \/>\n\t<meta property=\"og:image:height\" content=\"675\" \/>\n\t<meta property=\"og:image:type\" content=\"image\/jpeg\" \/>\n<meta name=\"twitter:card\" content=\"summary_large_image\" \/>\n<meta name=\"twitter:label1\" content=\"Tiempo de lectura\" \/>\n\t<meta name=\"twitter:data1\" content=\"2 minutos\" \/>\n<script type=\"application\/ld+json\" class=\"yoast-schema-graph\">{\"@context\":\"https:\/\/schema.org\",\"@graph\":[{\"@type\":\"WebPage\",\"@id\":\"https:\/\/tb-farming.com\/es\/produccion\/optimizacion-del-proceso\/\",\"url\":\"https:\/\/tb-farming.com\/es\/produccion\/optimizacion-del-proceso\/\",\"name\":\"Optimizaci\u00f3n del proceso - Medizinisches Cannabis | GACP Standard | Anbau und Verarbeitung\",\"isPartOf\":{\"@id\":\"https:\/\/tb-farming.com\/es\/#website\"},\"datePublished\":\"2024-02-29T11:30:49+00:00\",\"dateModified\":\"2024-09-23T08:32:05+00:00\",\"description\":\"El perfeccionamiento de nuestro cultivo de cannabis es un \u00e1rea clave de nuestros esfuerzos. Aplicamos constantemente nuevos m\u00e9todos de cultivo.\",\"breadcrumb\":{\"@id\":\"https:\/\/tb-farming.com\/es\/produccion\/optimizacion-del-proceso\/#breadcrumb\"},\"inLanguage\":\"es\",\"potentialAction\":[{\"@type\":\"ReadAction\",\"target\":[\"https:\/\/tb-farming.com\/es\/produccion\/optimizacion-del-proceso\/\"]}]},{\"@type\":\"BreadcrumbList\",\"@id\":\"https:\/\/tb-farming.com\/es\/produccion\/optimizacion-del-proceso\/#breadcrumb\",\"itemListElement\":[{\"@type\":\"ListItem\",\"position\":1,\"name\":\"Startseite\",\"item\":\"https:\/\/tb-farming.com\/es\/pagina-de-inicio\/\"},{\"@type\":\"ListItem\",\"position\":2,\"name\":\"Producci\u00f3n\",\"item\":\"https:\/\/tb-farming.com\/es\/produccion\/\"},{\"@type\":\"ListItem\",\"position\":3,\"name\":\"Optimizaci\u00f3n del proceso\"}]},{\"@type\":\"WebSite\",\"@id\":\"https:\/\/tb-farming.com\/es\/#website\",\"url\":\"https:\/\/tb-farming.com\/es\/\",\"name\":\"Medizinisches Cannabis | GACP Standard | Anbau und Verarbeitung\",\"description\":\"together we grow.\",\"publisher\":{\"@id\":\"https:\/\/tb-farming.com\/es\/#organization\"},\"potentialAction\":[{\"@type\":\"SearchAction\",\"target\":{\"@type\":\"EntryPoint\",\"urlTemplate\":\"https:\/\/tb-farming.com\/es\/?s={search_term_string}\"},\"query-input\":{\"@type\":\"PropertyValueSpecification\",\"valueRequired\":true,\"valueName\":\"search_term_string\"}}],\"inLanguage\":\"es\"},{\"@type\":\"Organization\",\"@id\":\"https:\/\/tb-farming.com\/es\/#organization\",\"name\":\"TB Farming AG\",\"url\":\"https:\/\/tb-farming.com\/es\/\",\"logo\":{\"@type\":\"ImageObject\",\"inLanguage\":\"es\",\"@id\":\"https:\/\/tb-farming.com\/es\/#\/schema\/logo\/image\/\",\"url\":\"https:\/\/tb-farming.com\/wp-content\/uploads\/2024\/01\/TB-Farming-500x270-1.png\",\"contentUrl\":\"https:\/\/tb-farming.com\/wp-content\/uploads\/2024\/01\/TB-Farming-500x270-1.png\",\"width\":500,\"height\":270,\"caption\":\"TB Farming AG\"},\"image\":{\"@id\":\"https:\/\/tb-farming.com\/es\/#\/schema\/logo\/image\/\"},\"sameAs\":[\"https:\/\/www.linkedin.com\/company\/tb-farming-ag\/\",\"https:\/\/www.instagram.com\/tb.farming\/\"],\"email\":\"info@tbfarming.ch\",\"telephone\":\"+41(0) 71 642 10 91\",\"legalName\":\"TB Farming AG\",\"numberOfEmployees\":{\"@type\":\"QuantitativeValue\",\"minValue\":\"11\",\"maxValue\":\"50\"}}]}<\/script>\n<!-- \/ Yoast SEO Premium plugin. -->","yoast_head_json":{"title":"Optimizaci\u00f3n del proceso - Medizinisches Cannabis | GACP Standard | Anbau und Verarbeitung","description":"El perfeccionamiento de nuestro cultivo de cannabis es un \u00e1rea clave de nuestros esfuerzos. Aplicamos constantemente nuevos m\u00e9todos de cultivo.","robots":{"index":"index","follow":"follow","max-snippet":"max-snippet:-1","max-image-preview":"max-image-preview:large","max-video-preview":"max-video-preview:-1"},"canonical":"https:\/\/tb-farming.com\/es\/produccion\/optimizacion-del-proceso\/","og_locale":"es_ES","og_type":"article","og_title":"Optimizaci\u00f3n del proceso","og_description":"El perfeccionamiento de nuestro cultivo de cannabis es un \u00e1rea clave de nuestros esfuerzos. Aplicamos constantemente nuevos m\u00e9todos de cultivo.","og_url":"https:\/\/tb-farming.com\/es\/produccion\/optimizacion-del-proceso\/","og_site_name":"Medizinisches Cannabis | GACP Standard | Anbau und Verarbeitung","article_modified_time":"2024-09-23T08:32:05+00:00","og_image":[{"width":1200,"height":675,"url":"https:\/\/tb-farming.com\/wp-content\/uploads\/2024\/03\/social-sharing.jpg","type":"image\/jpeg"}],"twitter_card":"summary_large_image","twitter_misc":{"Tiempo de lectura":"2 minutos"},"schema":{"@context":"https:\/\/schema.org","@graph":[{"@type":"WebPage","@id":"https:\/\/tb-farming.com\/es\/produccion\/optimizacion-del-proceso\/","url":"https:\/\/tb-farming.com\/es\/produccion\/optimizacion-del-proceso\/","name":"Optimizaci\u00f3n del proceso - Medizinisches Cannabis | GACP Standard | Anbau und Verarbeitung","isPartOf":{"@id":"https:\/\/tb-farming.com\/es\/#website"},"datePublished":"2024-02-29T11:30:49+00:00","dateModified":"2024-09-23T08:32:05+00:00","description":"El perfeccionamiento de nuestro cultivo de cannabis es un \u00e1rea clave de nuestros esfuerzos. Aplicamos constantemente nuevos m\u00e9todos de cultivo.","breadcrumb":{"@id":"https:\/\/tb-farming.com\/es\/produccion\/optimizacion-del-proceso\/#breadcrumb"},"inLanguage":"es","potentialAction":[{"@type":"ReadAction","target":["https:\/\/tb-farming.com\/es\/produccion\/optimizacion-del-proceso\/"]}]},{"@type":"BreadcrumbList","@id":"https:\/\/tb-farming.com\/es\/produccion\/optimizacion-del-proceso\/#breadcrumb","itemListElement":[{"@type":"ListItem","position":1,"name":"Startseite","item":"https:\/\/tb-farming.com\/es\/pagina-de-inicio\/"},{"@type":"ListItem","position":2,"name":"Producci\u00f3n","item":"https:\/\/tb-farming.com\/es\/produccion\/"},{"@type":"ListItem","position":3,"name":"Optimizaci\u00f3n del proceso"}]},{"@type":"WebSite","@id":"https:\/\/tb-farming.com\/es\/#website","url":"https:\/\/tb-farming.com\/es\/","name":"Medizinisches Cannabis | GACP Standard | Anbau und Verarbeitung","description":"together we grow.","publisher":{"@id":"https:\/\/tb-farming.com\/es\/#organization"},"potentialAction":[{"@type":"SearchAction","target":{"@type":"EntryPoint","urlTemplate":"https:\/\/tb-farming.com\/es\/?s={search_term_string}"},"query-input":{"@type":"PropertyValueSpecification","valueRequired":true,"valueName":"search_term_string"}}],"inLanguage":"es"},{"@type":"Organization","@id":"https:\/\/tb-farming.com\/es\/#organization","name":"TB Farming AG","url":"https:\/\/tb-farming.com\/es\/","logo":{"@type":"ImageObject","inLanguage":"es","@id":"https:\/\/tb-farming.com\/es\/#\/schema\/logo\/image\/","url":"https:\/\/tb-farming.com\/wp-content\/uploads\/2024\/01\/TB-Farming-500x270-1.png","contentUrl":"https:\/\/tb-farming.com\/wp-content\/uploads\/2024\/01\/TB-Farming-500x270-1.png","width":500,"height":270,"caption":"TB Farming AG"},"image":{"@id":"https:\/\/tb-farming.com\/es\/#\/schema\/logo\/image\/"},"sameAs":["https:\/\/www.linkedin.com\/company\/tb-farming-ag\/","https:\/\/www.instagram.com\/tb.farming\/"],"email":"info@tbfarming.ch","telephone":"+41(0) 71 642 10 91","legalName":"TB Farming AG","numberOfEmployees":{"@type":"QuantitativeValue","minValue":"11","maxValue":"50"}}]}},"_links":{"self":[{"href":"https:\/\/tb-farming.com\/es\/wp-json\/wp\/v2\/pages\/2130","targetHints":{"allow":["GET"]}}],"collection":[{"href":"https:\/\/tb-farming.com\/es\/wp-json\/wp\/v2\/pages"}],"about":[{"href":"https:\/\/tb-farming.com\/es\/wp-json\/wp\/v2\/types\/page"}],"author":[{"embeddable":true,"href":"https:\/\/tb-farming.com\/es\/wp-json\/wp\/v2\/users\/1"}],"replies":[{"embeddable":true,"href":"https:\/\/tb-farming.com\/es\/wp-json\/wp\/v2\/comments?post=2130"}],"version-history":[{"count":1,"href":"https:\/\/tb-farming.com\/es\/wp-json\/wp\/v2\/pages\/2130\/revisions"}],"predecessor-version":[{"id":2138,"href":"https:\/\/tb-farming.com\/es\/wp-json\/wp\/v2\/pages\/2130\/revisions\/2138"}],"up":[{"embeddable":true,"href":"https:\/\/tb-farming.com\/es\/wp-json\/wp\/v2\/pages\/2234"}],"wp:attachment":[{"href":"https:\/\/tb-farming.com\/es\/wp-json\/wp\/v2\/media?parent=2130"}],"curies":[{"name":"wp","href":"https:\/\/api.w.org\/{rel}","templated":true}]}}