{"id":2101,"date":"2024-03-01T13:11:04","date_gmt":"2024-03-01T12:11:04","guid":{"rendered":"https:\/\/tb-farming.com\/premios-cbd\/"},"modified":"2024-09-23T10:31:44","modified_gmt":"2024-09-23T08:31:44","slug":"premios-cbd","status":"publish","type":"page","link":"https:\/\/tb-farming.com\/es\/premios-cbd\/","title":{"rendered":"Premios CBD"},"content":{"rendered":"<div class=\"wpb-content-wrapper\"><p>[vc_row][vc_column][vc_column_text]<\/p>\n<p>[\/vc_column_text][\/vc_column][\/vc_row][vc_row][vc_column][vc_custom_heading text=\u00bbNuestros galardonados productos de cannabis CBD\u00bb use_theme_fonts=\u00bbyes\u00bb][\/vc_column][\/vc_row][vc_row][vc_column][vc_column_text]<\/p>\n<div class=\"flex flex-grow flex-col max-w-full\">\n<div class=\"min-h-[20px] text-message flex flex-col items-start gap-3 whitespace-pre-wrap break-words [.text-message+&amp;]:mt-5 overflow-x-auto\" data-message-author-role=\"assistant\" data-message-id=\"10cde5d1-d0c6-4ccc-a43e-f8c8dfb5268f\">\n<div class=\"markdown prose w-full break-words dark:prose-invert dark\">  El jurado <a href=\"https:\/\/www.cannaswisscup.ch\/\">de la CannaSwissCup<\/a> ha distinguido repetidamente los <a href=\"https:\/\/tb-farming.com\/produktion-von-medizinischem-cannabis-nach-gacp-standard\/legales-cannabis\/\">productos de cannabis CBD<\/a> de TB Farming AG con varios premios en 2017 y 2018.<br \/>\nDe las variedades de plantas de cannabis de la casa, la <a href=\"https:\/\/arturcannabis.ch\/de\/\">variedad de cannabis CBD<\/a> Erdbeerli <a href=\"https:\/\/arturcannabis.ch\/de\/\">de Artur Cannabis<\/a> fue especialmente galardonada.<br \/>\nPor ello, nos complace presentar aqu\u00ed un resumen de nuestros premios al cannabis CBD: <strong>CannaSwissCup 2017:<\/strong>  <\/p>\n<ul>\n<li>\u00abB-1448 Fresa Original CBD\u00bb de TB Farming AG obtuvo el segundo puesto en la categor\u00eda \u00abInvernadero\u00bb y \u00abB-1337\u00bb el tercero en la categor\u00eda \u00abInterior\u00bb.<\/li>\n<\/ul>\n<p><strong>CannaSwissCup 2018\/19:<\/strong><\/p>\n<ul>\n<li>En 2018, el CBD \u00abOriginal Artur Erdbeerli\u00bb volvi\u00f3 a obtener el tercer puesto en la categor\u00eda \u00abInvernadero\u00bb por su aspecto y sabor.<\/li>\n<\/ul>\n<p>  Estos premios de la Canna Swiss Cup son una prueba m\u00e1s del continuo <a href=\"https:\/\/tb-farming.com\/produktion-von-medizinischem-cannabis-nach-gacp-standard\/\">trabajo de calidad<\/a> de TB Farming AG en la producci\u00f3n de <a href=\"https:\/\/tb-farming.com\/lexikon\/cannabidiol-cbd\/\">cannabis CBD<\/a> de alta calidad.  <\/div>\n<\/div>\n<\/div>\n<p>[\/vc_column_text][\/vc_column][\/vc_row][vc_row][vc_column width=\u00bb1\/3&#8243;][vc_single_image image=\u00bb1417&#8243; img_size=\u00bbfull\u00bb][\/vc_column][vc_column width=\u00bb1\/3&#8243;][vc_single_image image=\u00bb1416&#8243; img_size=\u00bbfull\u00bb][\/vc_column][vc_column width=\u00bb1\/3&#8243;][vc_single_image image=\u00bb1415&#8243; img_size=\u00bbfull\u00bb][\/vc_column][\/vc_row][vc_row][vc_column][vc_column_text]<\/p>\n<div class=\"flex flex-grow flex-col max-w-full\">\n<div class=\"min-h-[20px] text-message flex flex-col items-start gap-3 whitespace-pre-wrap break-words [.text-message+&amp;]:mt-5 overflow-x-auto\" data-message-author-role=\"assistant\" data-message-id=\"c8301018-04da-446d-975a-caa3de71e6aa\">\n<div class=\"markdown prose w-full break-words dark:prose-invert dark\">\n<h3><strong>\u00a1Gana valiosos premios con el Concurso de Cannabis Artur CBD 2024!<\/strong><\/h3>\n<p>  \u00a1Sum\u00e9rgete en el mundo del cannabis Artur CBD!<br \/>\nParticipa en el emocionante concurso para tener la oportunidad de ganar fant\u00e1sticos premios.<br \/>\nRegalamos un exquisito vaporizador IVEN a todos los participantes cada mes.<br \/>\nEste vaporizador de primera calidad llevar\u00e1 tu experiencia con el cannabis CBD al siguiente nivel.     <\/p>\n<h4>Pero eso no es todo.<\/h4>\n<p>  Como premio especial, un afortunado ganador tambi\u00e9n ser\u00e1 recompensado con un kilo de flores de CBD de su elecci\u00f3n a finales de 2024.<br \/>\nImagina poder disfrutar por fin de tu propia selecci\u00f3n de flores de CBD de alta calidad, cultivadas y seleccionadas cuidadosamente por Artur CBD Cannabis.   <\/p>\n<h5>Por cierto, es muy f\u00e1cil participar:<\/h5>\n<ol>\n<li>Visita nuestro sitio web e inscr\u00edbete en el concurso.<br \/>\nNo tienes que hacer ninguna compra, puedes ganar un vaporizador IVEN y participar autom\u00e1ticamente en el sorteo principal. <\/li>\n<\/ol>\n<p>  \u00bfA qu\u00e9 esperas?<br \/>\nParticipa en el Concurso Artur Cannabis 2024 y aseg\u00farate la oportunidad de ganar estos incre\u00edbles premios.<br \/>\nNo pierdas la oportunidad de ganar un kilo del mejor cannabis CBD.    <\/p><\/div>\n<\/div>\n<\/div>\n<p>[\/vc_column_text][\/vc_column][\/vc_row][vc_row][vc_column][vc_single_image image=\u00bb1469&#8243; img_size=\u00bbfull\u00bb alignment=\u00bbcenter\u00bb onclick=\u00bbcustom_link\u00bb img_link_target=\u00bb_blank\u00bb link=\u00bbhttps:\/\/artur-cannabis.com\/\u00bb][\/vc_column][\/vc_row]<\/p>\n<\/div>","protected":false},"excerpt":{"rendered":"<p>[vc_row][vc_column][vc_column_text] [\/vc_column_text][\/vc_column][\/vc_row][vc_row][vc_column][vc_custom_heading text=\u00bbNuestros galardonados productos de cannabis CBD\u00bb use_theme_fonts=\u00bbyes\u00bb][\/vc_column][\/vc_row][vc_row][vc_column][vc_column_text] El jurado de la CannaSwissCup ha distinguido repetidamente los productos de cannabis CBD de TB Farming AG con varios premios en 2017 y 2018. De las variedades de plantas de cannabis de la casa, la variedad de cannabis CBD Erdbeerli de Artur Cannabis fue especialmente galardonada. [&hellip;]<\/p>\n","protected":false},"author":1,"featured_media":0,"parent":0,"menu_order":0,"comment_status":"closed","ping_status":"closed","template":"","meta":{"footnotes":""},"class_list":["post-2101","page","type-page","status-publish","hentry"],"yoast_head":"<!-- This site is optimized with the Yoast SEO Premium plugin v24.0 (Yoast SEO v24.9) - https:\/\/yoast.com\/wordpress\/plugins\/seo\/ -->\n<title>Premios para los productos de cannabis CBD de TB Farming AG<\/title>\n<meta name=\"description\" content=\"Premio CannaSwissCup uno de los galardones que recibi\u00f3 TB Farming AG por la planta propia de cannabis CBD Erdbeerli.\" \/>\n<meta name=\"robots\" content=\"index, follow, max-snippet:-1, max-image-preview:large, max-video-preview:-1\" \/>\n<link rel=\"canonical\" href=\"https:\/\/tb-farming.com\/es\/premios-cbd\/\" \/>\n<meta property=\"og:locale\" content=\"es_ES\" \/>\n<meta property=\"og:type\" content=\"article\" \/>\n<meta property=\"og:title\" content=\"Premios CBD\" \/>\n<meta property=\"og:description\" content=\"Premio CannaSwissCup uno de los galardones que recibi\u00f3 TB Farming AG por la planta propia de cannabis CBD Erdbeerli.\" \/>\n<meta property=\"og:url\" content=\"https:\/\/tb-farming.com\/es\/premios-cbd\/\" \/>\n<meta property=\"og:site_name\" content=\"Medizinisches Cannabis | GACP Standard | Anbau und Verarbeitung\" \/>\n<meta property=\"article:modified_time\" content=\"2024-09-23T08:31:44+00:00\" \/>\n<meta property=\"og:image\" content=\"https:\/\/tb-farming.com\/wp-content\/uploads\/2024\/03\/social-sharing.jpg\" \/>\n\t<meta property=\"og:image:width\" content=\"1200\" \/>\n\t<meta property=\"og:image:height\" content=\"675\" \/>\n\t<meta property=\"og:image:type\" content=\"image\/jpeg\" \/>\n<meta name=\"twitter:card\" content=\"summary_large_image\" \/>\n<meta name=\"twitter:label1\" content=\"Tiempo de lectura\" \/>\n\t<meta name=\"twitter:data1\" content=\"2 minutos\" \/>\n<script type=\"application\/ld+json\" class=\"yoast-schema-graph\">{\"@context\":\"https:\/\/schema.org\",\"@graph\":[{\"@type\":\"WebPage\",\"@id\":\"https:\/\/tb-farming.com\/es\/premios-cbd\/\",\"url\":\"https:\/\/tb-farming.com\/es\/premios-cbd\/\",\"name\":\"Premios para los productos de cannabis CBD de TB Farming AG\",\"isPartOf\":{\"@id\":\"https:\/\/tb-farming.com\/es\/#website\"},\"datePublished\":\"2024-03-01T12:11:04+00:00\",\"dateModified\":\"2024-09-23T08:31:44+00:00\",\"description\":\"Premio CannaSwissCup uno de los galardones que recibi\u00f3 TB Farming AG por la planta propia de cannabis CBD Erdbeerli.\",\"breadcrumb\":{\"@id\":\"https:\/\/tb-farming.com\/es\/premios-cbd\/#breadcrumb\"},\"inLanguage\":\"es\",\"potentialAction\":[{\"@type\":\"ReadAction\",\"target\":[\"https:\/\/tb-farming.com\/es\/premios-cbd\/\"]}]},{\"@type\":\"BreadcrumbList\",\"@id\":\"https:\/\/tb-farming.com\/es\/premios-cbd\/#breadcrumb\",\"itemListElement\":[{\"@type\":\"ListItem\",\"position\":1,\"name\":\"Startseite\",\"item\":\"https:\/\/tb-farming.com\/es\/pagina-de-inicio\/\"},{\"@type\":\"ListItem\",\"position\":2,\"name\":\"Premios CBD\"}]},{\"@type\":\"WebSite\",\"@id\":\"https:\/\/tb-farming.com\/es\/#website\",\"url\":\"https:\/\/tb-farming.com\/es\/\",\"name\":\"Medizinisches Cannabis | GACP Standard | Anbau und Verarbeitung\",\"description\":\"together we grow.\",\"publisher\":{\"@id\":\"https:\/\/tb-farming.com\/es\/#organization\"},\"potentialAction\":[{\"@type\":\"SearchAction\",\"target\":{\"@type\":\"EntryPoint\",\"urlTemplate\":\"https:\/\/tb-farming.com\/es\/?s={search_term_string}\"},\"query-input\":{\"@type\":\"PropertyValueSpecification\",\"valueRequired\":true,\"valueName\":\"search_term_string\"}}],\"inLanguage\":\"es\"},{\"@type\":\"Organization\",\"@id\":\"https:\/\/tb-farming.com\/es\/#organization\",\"name\":\"TB Farming AG\",\"url\":\"https:\/\/tb-farming.com\/es\/\",\"logo\":{\"@type\":\"ImageObject\",\"inLanguage\":\"es\",\"@id\":\"https:\/\/tb-farming.com\/es\/#\/schema\/logo\/image\/\",\"url\":\"https:\/\/tb-farming.com\/wp-content\/uploads\/2024\/01\/TB-Farming-500x270-1.png\",\"contentUrl\":\"https:\/\/tb-farming.com\/wp-content\/uploads\/2024\/01\/TB-Farming-500x270-1.png\",\"width\":500,\"height\":270,\"caption\":\"TB Farming AG\"},\"image\":{\"@id\":\"https:\/\/tb-farming.com\/es\/#\/schema\/logo\/image\/\"},\"sameAs\":[\"https:\/\/www.linkedin.com\/company\/tb-farming-ag\/\",\"https:\/\/www.instagram.com\/tb.farming\/\"],\"email\":\"info@tbfarming.ch\",\"telephone\":\"+41(0) 71 642 10 91\",\"legalName\":\"TB Farming AG\",\"numberOfEmployees\":{\"@type\":\"QuantitativeValue\",\"minValue\":\"11\",\"maxValue\":\"50\"}}]}<\/script>\n<!-- \/ Yoast SEO Premium plugin. -->","yoast_head_json":{"title":"Premios para los productos de cannabis CBD de TB Farming AG","description":"Premio CannaSwissCup uno de los galardones que recibi\u00f3 TB Farming AG por la planta propia de cannabis CBD Erdbeerli.","robots":{"index":"index","follow":"follow","max-snippet":"max-snippet:-1","max-image-preview":"max-image-preview:large","max-video-preview":"max-video-preview:-1"},"canonical":"https:\/\/tb-farming.com\/es\/premios-cbd\/","og_locale":"es_ES","og_type":"article","og_title":"Premios CBD","og_description":"Premio CannaSwissCup uno de los galardones que recibi\u00f3 TB Farming AG por la planta propia de cannabis CBD Erdbeerli.","og_url":"https:\/\/tb-farming.com\/es\/premios-cbd\/","og_site_name":"Medizinisches Cannabis | GACP Standard | Anbau und Verarbeitung","article_modified_time":"2024-09-23T08:31:44+00:00","og_image":[{"width":1200,"height":675,"url":"https:\/\/tb-farming.com\/wp-content\/uploads\/2024\/03\/social-sharing.jpg","type":"image\/jpeg"}],"twitter_card":"summary_large_image","twitter_misc":{"Tiempo de lectura":"2 minutos"},"schema":{"@context":"https:\/\/schema.org","@graph":[{"@type":"WebPage","@id":"https:\/\/tb-farming.com\/es\/premios-cbd\/","url":"https:\/\/tb-farming.com\/es\/premios-cbd\/","name":"Premios para los productos de cannabis CBD de TB Farming AG","isPartOf":{"@id":"https:\/\/tb-farming.com\/es\/#website"},"datePublished":"2024-03-01T12:11:04+00:00","dateModified":"2024-09-23T08:31:44+00:00","description":"Premio CannaSwissCup uno de los galardones que recibi\u00f3 TB Farming AG por la planta propia de cannabis CBD Erdbeerli.","breadcrumb":{"@id":"https:\/\/tb-farming.com\/es\/premios-cbd\/#breadcrumb"},"inLanguage":"es","potentialAction":[{"@type":"ReadAction","target":["https:\/\/tb-farming.com\/es\/premios-cbd\/"]}]},{"@type":"BreadcrumbList","@id":"https:\/\/tb-farming.com\/es\/premios-cbd\/#breadcrumb","itemListElement":[{"@type":"ListItem","position":1,"name":"Startseite","item":"https:\/\/tb-farming.com\/es\/pagina-de-inicio\/"},{"@type":"ListItem","position":2,"name":"Premios CBD"}]},{"@type":"WebSite","@id":"https:\/\/tb-farming.com\/es\/#website","url":"https:\/\/tb-farming.com\/es\/","name":"Medizinisches Cannabis | GACP Standard | Anbau und Verarbeitung","description":"together we grow.","publisher":{"@id":"https:\/\/tb-farming.com\/es\/#organization"},"potentialAction":[{"@type":"SearchAction","target":{"@type":"EntryPoint","urlTemplate":"https:\/\/tb-farming.com\/es\/?s={search_term_string}"},"query-input":{"@type":"PropertyValueSpecification","valueRequired":true,"valueName":"search_term_string"}}],"inLanguage":"es"},{"@type":"Organization","@id":"https:\/\/tb-farming.com\/es\/#organization","name":"TB Farming AG","url":"https:\/\/tb-farming.com\/es\/","logo":{"@type":"ImageObject","inLanguage":"es","@id":"https:\/\/tb-farming.com\/es\/#\/schema\/logo\/image\/","url":"https:\/\/tb-farming.com\/wp-content\/uploads\/2024\/01\/TB-Farming-500x270-1.png","contentUrl":"https:\/\/tb-farming.com\/wp-content\/uploads\/2024\/01\/TB-Farming-500x270-1.png","width":500,"height":270,"caption":"TB Farming AG"},"image":{"@id":"https:\/\/tb-farming.com\/es\/#\/schema\/logo\/image\/"},"sameAs":["https:\/\/www.linkedin.com\/company\/tb-farming-ag\/","https:\/\/www.instagram.com\/tb.farming\/"],"email":"info@tbfarming.ch","telephone":"+41(0) 71 642 10 91","legalName":"TB Farming AG","numberOfEmployees":{"@type":"QuantitativeValue","minValue":"11","maxValue":"50"}}]}},"_links":{"self":[{"href":"https:\/\/tb-farming.com\/es\/wp-json\/wp\/v2\/pages\/2101","targetHints":{"allow":["GET"]}}],"collection":[{"href":"https:\/\/tb-farming.com\/es\/wp-json\/wp\/v2\/pages"}],"about":[{"href":"https:\/\/tb-farming.com\/es\/wp-json\/wp\/v2\/types\/page"}],"author":[{"embeddable":true,"href":"https:\/\/tb-farming.com\/es\/wp-json\/wp\/v2\/users\/1"}],"replies":[{"embeddable":true,"href":"https:\/\/tb-farming.com\/es\/wp-json\/wp\/v2\/comments?post=2101"}],"version-history":[{"count":1,"href":"https:\/\/tb-farming.com\/es\/wp-json\/wp\/v2\/pages\/2101\/revisions"}],"predecessor-version":[{"id":2103,"href":"https:\/\/tb-farming.com\/es\/wp-json\/wp\/v2\/pages\/2101\/revisions\/2103"}],"wp:attachment":[{"href":"https:\/\/tb-farming.com\/es\/wp-json\/wp\/v2\/media?parent=2101"}],"curies":[{"name":"wp","href":"https:\/\/api.w.org\/{rel}","templated":true}]}}