{"id":2049,"date":"2018-11-07T07:34:16","date_gmt":"2018-11-07T06:34:16","guid":{"rendered":"https:\/\/tb-farming.com\/about-us\/"},"modified":"2024-12-16T17:14:37","modified_gmt":"2024-12-16T16:14:37","slug":"about-us","status":"publish","type":"page","link":"https:\/\/tb-farming.com\/en\/about-us\/","title":{"rendered":"About us"},"content":{"rendered":"<div class=\"wpb-content-wrapper\"><p>[vc_row css=&#8221;.vc_custom_1541576403059{padding-top: 100px !important;padding-bottom: 100px !important;}&#8221;][vc_column offset=&#8221;vc_col-md-6&#8243;][vc_custom_heading text=&#8221;together we grow&#8221; font_container=&#8221;tag:p|font_size:60px|text_align:left|color:%230a0f2b|line_height:68px&#8221; google_fonts=&#8221;font_family:Roboto%3A100%2C100italic%2C300%2C300italic%2Cregular%2Citalic%2C500%2C500italic%2C700%2C700italic%2C900%2C900italic|font_style:300%20light%20regular%3A300%3Anormal&#8221; css=&#8221;.vc_custom_1707475261882{margin-bottom: 50px !important;}&#8221;][\/vc_column][vc_column offset=&#8221;vc_col-md-6&#8243;][vc_row_inner][vc_column_inner width=&#8221;1\/2&#8243;]\n    <div class=\"icon-box  \">\n                        <div class=\"content-box\">\n            <h5>Norms and standards<\/h5>\n            <p><\/p>\n<div class=\"flex flex-grow flex-col max-w-full\">\n<div class=\"min-h-[20px] text-message flex flex-col items-start gap-3 whitespace-pre-wrap break-words [.text-message+&]:mt-5 overflow-x-auto\" data-message-author-role=\"assistant\" data-message-id=\"1b3cedcf-c1bf-4761-8c60-218cdf48e233\">\n<div class=\"markdown prose w-full break-words dark:prose-invert dark\">\n<div class=\"flex flex-grow flex-col max-w-full\">\n<div class=\"min-h-[20px] text-message flex flex-col items-start gap-3 whitespace-pre-wrap break-words [.text-message+&]:mt-5 overflow-x-auto\" data-message-author-role=\"assistant\" data-message-id=\"cfcfca69-eef6-48db-b43c-4d8b353c5d2c\">\n<div class=\"markdown prose w-full break-words dark:prose-invert dark\">\n<p>Understanding global safety and regulatory requirements in the food, cosmetics, dietary supplements and tobacco sectors can be particularly challenging as these can vary internationally. Our experts offer customized support to help you navigate the complex scientific and regulatory requirements worldwide. They help not only with local regulatory compliance, but also with adapting your products to international standards to ensure a smooth approval and market launch on a global scale.  <\/p>\n<\/div>\n<\/div>\n<\/div>\n<\/div>\n<\/div>\n<\/div>\n<p>&nbsp;<\/p>\n<p><\/p>\n                    <\/div>\n    <\/div>\n\n    [vc_empty_space height=&#8221;50px&#8221;]\n    <div class=\"icon-box  \">\n                        <div class=\"content-box\">\n            <h5>Research & Laboratory<\/h5>\n            <p>In our in-house laboratory, research and innovation are at the heart of our endeavors. Here we dedicate ourselves to the careful extraction of terpenes and the precise analysis of cannabinoids. Through terpene extraction, we explore the full spectrum of flavors and effects that cannabis can offer to maximize the well-being and satisfaction of our customers.  <\/p>\n<p><\/p>\n                    <\/div>\n    <\/div>\n\n    [vc_empty_space height=&#8221;50px&#8221; el_class=&#8221;lg-hidden md-hidden&#8221;][\/vc_column_inner][vc_column_inner width=&#8221;1\/2&#8243;]\n    <div class=\"icon-box  \">\n                        <div class=\"content-box\">\n            <h5>Products Development<\/h5>\n            <p>Our aim is to make your projects unique by developing innovative products, pioneering business models and ground-breaking technologies.<br \/>\nWith a team of experts from various disciplines, we not only work on improving existing products, but also develop new, creative concepts for future trends in close cooperation with you.<br \/>\nFrom the initial idea generation to the final process validation, our specialists in the areas of formulation, scale-up, analytical methodology and packaging development accompany your product through all stages of development.  <\/p>\n                    <\/div>\n    <\/div>\n\n    [vc_empty_space height=&#8221;50px&#8221;]\n    <div class=\"icon-box  \">\n                        <div class=\"content-box\">\n            <h5>Genetics & Breeding<\/h5>\n            <p>One focus of our work is the breeding of our own cannabis varieties. With a deep understanding of genetics and plant biology, we develop varieties that are not only optimized in terms of cannabinoids and terpenes, but also thrive under different growing conditions. These customized varieties are the result of intensive research and innovation to continuously improve the efficiency and quality of our products.  <\/p>\n<p><\/p>\n                    <\/div>\n    <\/div>\n\n    [\/vc_column_inner][\/vc_row_inner][\/vc_column][\/vc_row][vc_row css=&#8221;.vc_custom_1541754689598{padding-top: 65px !important;background-color: #f7f7f7 !important;}&#8221;][vc_column offset=&#8221;vc_col-md-6&#8243;][vc_single_image image=&#8221;1083&#8243; img_size=&#8221;large&#8221; alignment=&#8221;center&#8221; css=&#8221;.vc_custom_1707484356214{margin-bottom: 0px !important;}&#8221; el_class=&#8221;lg-left-100&#8243;][\/vc_column][vc_column offset=&#8221;vc_col-md-6&#8243;][vc_custom_heading text=&#8221;Swiss quality is our standard&#8221; use_theme_fonts=&#8221;yes&#8221; css=&#8221;.vc_custom_1707483132263{margin-top: 55px !important;margin-bottom: 40px !important;}&#8221; el_class=&#8221;lg-right70&#8243;][vc_tta_accordion c_icon=&#8221;chevron&#8221; c_position=&#8221;right&#8221; active_section=&#8221;1&#8243; el_class=&#8221;lg-right70&#8243; css=&#8221;.vc_custom_1541733889119{padding-bottom: 100px !important;}&#8221;][vc_tta_section title=&#8221;Good Agricultural and Collection Practices&#8221; tab_id=&#8221;1541663324651-dac0965b-bd42&#8243;][vc_column_text]TB Farming has extensive expertise and core competence in the application of Good Agricultural and Collection Practices (GACP) for the cultivation of cannabis and other medicinal plants.<br \/>\nIn addition, we specialize in the production of high-quality pharmaceutical-grade extracts that comply with GMP standards.[\/vc_column_text][\/vc_tta_section][vc_tta_section title=&#8221;THC-containing cannabis for medical purposes&#8221; tab_id=&#8221;1541663906010-6929d03e-de32&#8243;][vc_column_text]We also develop pioneering product solutions for companies in the food, cosmetics, animal feed and pharmaceutical sectors.<br \/>\nTB Farming has been licensed by Swissmedic to cultivate cannabis containing THC for medical purposes since 2022. We produce, research and develop sustainable and pioneering products on over 5000m2. We also produce on behalf of our business partners and offer a wide range of concepts for this purpose.<\/p>\n<p>[\/vc_column_text][\/vc_tta_section][vc_tta_section title=&#8221;Holistic solutions for healthcare products&#8221; tab_id=&#8221;1541663903167-cbc44aee-22e4&#8243;][vc_column_text]By combining sound development and approval expertise with high-quality manufacturing processes, we offer you holistic solutions for your healthcare products. Our focus is on creating safe, well-tolerated and highly effective products with proven efficacy, which are the key to your success.<\/p>\n<p>[\/vc_column_text][\/vc_tta_section][vc_tta_section title=&#8221;Full service&#8221; tab_id=&#8221;1541663902609-b8a9d026-998e&#8221;][vc_column_text]We understand that every business has unique needs and therefore offer a comprehensive full service to achieve your individual business goals.<\/p>\n<p>[\/vc_column_text][\/vc_tta_section][\/vc_tta_accordion][\/vc_column][\/vc_row][vc_row css=&#8221;.vc_custom_1542017337701{padding-top: 100px !important;padding-bottom: 80px !important;}&#8221;][vc_column][vc_column_text css=&#8221;.vc_custom_1707484891685{margin-bottom: 90px !important;}&#8221;]<\/p>\n<p class=\"subtitle\">GACP Standard<\/p>\n<h2>How we work<\/h2>\n<p>The collection or cultivation of plant material is the fundamental starting point for the manufacture of herbal medicinal products. The Good Agricultural and Collection Practice (GACP) guidelines of the European Medicines Agency (EMA) serve to bridge the gap between field, greenhouse or indoor activities and the industrial production of medicinal products. This production is carried out in accordance with GMP (Good Manufacturing Practice) standards, which guarantee the quality and safety of medicinal products.[\/vc_column_text]\n    <div class=\"process \">\n                <div class=\"steps active\">\n            <i class=\"p-icon fas fa-diagnoses\"><\/i>\n            <div class=\"step-content\">\n                <h5>Qualit\u00e4tssicherung und Schulung<\/h5>\n                <p>Regelm\u00e4ssige Qualit\u00e4tskontrollen und Personalschulungen sind notwendig, um die Einhaltung der GACP-Richtlinien zu \u00fcberpr\u00fcfen und die Konsistenz des Pflanzenmaterials zu gew\u00e4hrleisten. Dies beinhaltet Tests auf Pestizide, Schadstoffe und den Gehalt an aktiven Substanzen.<\/p>\n            <\/div>\n        <\/div>\n                <div class=\"steps \">\n            <i class=\"p-icon fas fa-book\"><\/i>\n            <div class=\"step-content\">\n                <h5>Dokumentation und R\u00fcckverfolgbarkeit<\/h5>\n                <p>Ein wesentlicher Teil der GACP ist die l\u00fcckenlose Dokumentation aller Schritte von der Sammlung bis zur Verarbeitung. Dies erleichtert die R\u00fcckverfolgbarkeit des Materials, sollte es zu Qualit\u00e4tsproblemen kommen.<\/p>\n            <\/div>\n        <\/div>\n                <div class=\"steps \">\n            <i class=\"p-icon fas fa-warehouse\"><\/i>\n            <div class=\"step-content\">\n                <h5>Verarbeitung und Lagerung<\/h5>\n                <p>Nach der Ernte muss das Pflanzenmaterial richtig getrocknet, verarbeitet und gelagert werden, um die Qualit\u00e4t und den Wirkstoff zu bewahren. GMP legt Standards f\u00fcr Trocknungsprozesse, Lagerbedingungen und Verpackungsmaterialien fest.<\/p>\n            <\/div>\n        <\/div>\n                <div class=\"steps \">\n            <i class=\"p-icon fas fa-tractor\"><\/i>\n            <div class=\"step-content\">\n                <h5>Anbau und Ernte<\/h5>\n                <p>Die Praktiken umfassen spezifische Methoden f\u00fcr den Anbau, die Bew\u00e4sserung und die Ernte, um die Qualit\u00e4t des Pflanzenmaterials zu maximieren. Die Ernte erfolgt zum optimalen Zeitpunkt, um den Gehalt an aktiven Inhaltsstoffen zu maximieren.<\/p>\n            <\/div>\n        <\/div>\n            <\/div>\n\n    [vc_single_image image=&#8221;2546&#8243; img_size=&#8221;full&#8221; alignment=&#8221;center&#8221; onclick=&#8221;custom_link&#8221; img_link_target=&#8221;_blank&#8221; css=&#8221;&#8221; title=&#8221;Invest in the future&#8221; link=&#8221;https:\/\/tb-farming.investments\/&#8221;][\/vc_column][\/vc_row][vc_row css=&#8221;.vc_custom_1542017343532{padding-top: 100px !important;padding-bottom: 80px !important;background-color: #f7f7f7 !important;}&#8221;][vc_column][vc_column_text css=&#8221;.vc_custom_1709212681172{margin-bottom: 75px !important;}&#8221;]<\/p>\n<p class=\"subtitle\">OUR TEAM<\/p>\n<h2>Our representative contacts<\/h2>\n<p>Our team offers legal and regulatory support and assists companies<br \/>\nwith their market entry. We help you to develop successful product portfolios<br \/>\nas well as comprehensive marketing concepts and sales solutions.<\/p>\n<p>[\/vc_column_text]\n    <div class=\"team-slider \" data-show=\"4\" data-arrow=\"true\">\n                    <div>\n                <div class=\"team-member\">\n                    <img decoding=\"async\" src=\"https:\/\/tb-farming.com\/wp-content\/uploads\/2024\/02\/transparent.png\" alt=\"member\">\n                    <h5>MIKE TONIOLO<\/h5>\n                    <p class=\"jobs\">Gr\u00fcnder & Gesch\u00e4ftsf\u00fchrer \/ VRP<\/p>\n                    Mike ist Pionier in der Cannabis-Branche mit \u00fcber 27 Jahre Erfahrung im Anbau, der Verarbeitung und im Bereich der Produkte-Entwicklung. Er kennt alle Details des t\u00e4glichen Gesch\u00e4ftsbetriebs, die f\u00fcr einen erfolgreichen Cannabisanbau erforderlich sind, und hat gleichzeitig die Vision, um das Unternehmen zu entwickeln und in die Zukunft zu f\u00fchren.                <\/div>\n            <\/div>\n                    <div>\n                <div class=\"team-member\">\n                    <img decoding=\"async\" src=\"https:\/\/tb-farming.com\/wp-content\/uploads\/2024\/02\/transparent.png\" alt=\"member\">\n                    <h5>SARA FERRARO<\/h5>\n                    <p class=\"jobs\">Mitgr\u00fcnderin \/ Leitung Finanzen<\/p>\n                    Sara hat Mike seit der ersten Stunde der Firmengr\u00fcndung begleitet und teilt seine Liebe zur Flora und Fauna. Mit ihrem exzellenten Geschmackssinn kann sie jede angebaute Genetik alleine am Geruch erkennen. Bei der TB Farming k\u00fcmmert sie sich haupts\u00e4chlich um die Finanzen, aber mit ihrer grossen Erfahrung k\u00f6nnte sie fast jede Funktion in der Firma \u00fcbernehmen.                <\/div>\n            <\/div>\n                    <div>\n                <div class=\"team-member\">\n                    <img decoding=\"async\" src=\"https:\/\/tb-farming.com\/wp-content\/uploads\/2024\/02\/transparent.png\" alt=\"member\">\n                    <h5>J\u00d6RG BRAUCHLI<\/h5>\n                    <p class=\"jobs\">VP<\/p>\n                    J\u00f6rg Brauchli ist eidgen\u00f6ssisch diplomierter Apotheker und ist bei uns die Verantwortliche Person. In dieser Funktion ist er f\u00fcr die Qualit\u00e4ts\u00fcberwachung und f\u00fcr die Freigabe aller Produktionschargen zust\u00e4ndig. Er bringt einen grossen Erfahrungsschatz im Anbau von verschiedenen Heilkr\u00e4utern unter GACP-Standard mit.                <\/div>\n            <\/div>\n                    <div>\n                <div class=\"team-member\">\n                    <img decoding=\"async\" src=\"https:\/\/tb-farming.com\/wp-content\/uploads\/2024\/02\/transparent.png\" alt=\"member\">\n                    <h5>ROMAN GERBER<\/h5>\n                    <p class=\"jobs\">Mastergrower<\/p>\n                    Roman Gerber, mit seinem gr\u00fcnen Daumen, erkennt durch seine Erfahrung auf den ersten Blick, was die Pflanze ben\u00f6tigt, um ihr einen gesunden Wuchs zu garantieren. Er arbeitet eng mit der Produktion zusammen und koordiniert alle Prozesse, um einen erfolgreichen Anbau zu gew\u00e4hrleisten. Durch die konsequente Verbesserung der Abl\u00e4ufe konnte er den Ertrag und die Qualit\u00e4t enorm steigern.                <\/div>\n            <\/div>\n                    <div>\n                <div class=\"team-member\">\n                    <img decoding=\"async\" src=\"https:\/\/tb-farming.com\/wp-content\/uploads\/2024\/02\/transparent.png\" alt=\"member\">\n                    <h5>PATRICK \u00dcBEREGGER<\/h5>\n                    <p class=\"jobs\">Produktionsleiter<\/p>\n                    Patrick \u00dcberegger ist eidg. dipl. Exportleiter und verf\u00fcgt \u00fcber einen reichen Erfahrungsschatz. Er kennt die Regeln und Vorschriften im internationalen Handel durch diverse Auslandsaufenthalte. Die Arbeit mit Pflanzen war schon immer seine Passion und hat ihn zur TB Farming gef\u00fchrt, wo er die Produktion leitet und die Gesch\u00e4ftsleitung nicht nur in kommerziellen Aspekten unterst\u00fctzt.                    <\/div>\n            <\/div>\n                    <div>\n                <div class=\"team-member\">\n                    <img decoding=\"async\" src=\"https:\/\/tb-farming.com\/wp-content\/uploads\/2024\/02\/transparent.png\" alt=\"member\">\n                    <h5>MARTIN GNOS<\/h5>\n                    <p class=\"jobs\">Marketing & Kommunikation<\/p>\n                    Martin Gnos arbeitet seit \u00fcber 30 Jahren mit digitalen Medien. Bereits in den 80er Jahren tippte er fleissig in die Tastatur er kennt die Tricks und Kniffe wie kaum ein anderer. Martin hat schon in grossen internationalen Medienh\u00e4usern und Agenturen innovative Projekte zum Leben erweckt. Hier hilft er die Produkte bekannt zu machen, Prozesse zu optimieren und Projekte voranzutrieben.                <\/div>\n            <\/div>\n            <\/div>\n\n    [\/vc_column][\/vc_row][vc_row el_class=&#8221;bg-primary call-to-action&#8221; css=&#8221;.vc_custom_1542184444490{padding-top: 52px !important;padding-bottom: 52px !important;}&#8221;][vc_column offset=&#8221;vc_col-md-8&#8243;][vc_custom_heading text=&#8221;The experts for your cannabis products&#8221; font_container=&#8221;tag:h3|text_align:left|color:%23ffffff&#8221; use_theme_fonts=&#8221;yes&#8221; css=&#8221;.vc_custom_1707485255217{margin-top: 10px !important;margin-bottom: 0px !important;}&#8221;][\/vc_column][vc_column offset=&#8221;vc_col-md-4&#8243;]\n    <div class=\"text-right\">\n        <a class=\"btn btn-medium btn-light  \" href=\"https:\/\/tb-farming.com\/contact\/\" style=\"\">jetzt kontaktieren<\/a>\n    <\/div>\n\n    [\/vc_column][\/vc_row]<\/p>\n<\/div>","protected":false},"excerpt":{"rendered":"<p>[vc_row css=&#8221;.vc_custom_1541576403059{padding-top: 100px !important;padding-bottom: 100px !important;}&#8221;][vc_column offset=&#8221;vc_col-md-6&#8243;][vc_custom_heading text=&#8221;together we grow&#8221; font_container=&#8221;tag:p|font_size:60px|text_align:left|color:%230a0f2b|line_height:68px&#8221; google_fonts=&#8221;font_family:Roboto%3A100%2C100italic%2C300%2C300italic%2Cregular%2Citalic%2C500%2C500italic%2C700%2C700italic%2C900%2C900italic|font_style:300%20light%20regular%3A300%3Anormal&#8221; css=&#8221;.vc_custom_1707475261882{margin-bottom: 50px !important;}&#8221;][\/vc_column][vc_column offset=&#8221;vc_col-md-6&#8243;][vc_row_inner][vc_column_inner width=&#8221;1\/2&#8243;][vc_empty_space height=&#8221;50px&#8221;][vc_empty_space height=&#8221;50px&#8221; el_class=&#8221;lg-hidden md-hidden&#8221;][\/vc_column_inner][vc_column_inner width=&#8221;1\/2&#8243;][vc_empty_space height=&#8221;50px&#8221;][\/vc_column_inner][\/vc_row_inner][\/vc_column][\/vc_row][vc_row css=&#8221;.vc_custom_1541754689598{padding-top: 65px !important;background-color: #f7f7f7 !important;}&#8221;][vc_column offset=&#8221;vc_col-md-6&#8243;][vc_single_image image=&#8221;1083&#8243; img_size=&#8221;large&#8221; alignment=&#8221;center&#8221; css=&#8221;.vc_custom_1707484356214{margin-bottom: 0px !important;}&#8221; el_class=&#8221;lg-left-100&#8243;][\/vc_column][vc_column offset=&#8221;vc_col-md-6&#8243;][vc_custom_heading text=&#8221;Swiss quality is our standard&#8221; use_theme_fonts=&#8221;yes&#8221; css=&#8221;.vc_custom_1707483132263{margin-top: 55px !important;margin-bottom: 40px !important;}&#8221; el_class=&#8221;lg-right70&#8243;][vc_tta_accordion c_icon=&#8221;chevron&#8221; c_position=&#8221;right&#8221; active_section=&#8221;1&#8243; el_class=&#8221;lg-right70&#8243; css=&#8221;.vc_custom_1541733889119{padding-bottom: 100px [&hellip;]<\/p>\n","protected":false},"author":1,"featured_media":0,"parent":0,"menu_order":0,"comment_status":"closed","ping_status":"closed","template":"","meta":{"footnotes":""},"class_list":["post-2049","page","type-page","status-publish","hentry"],"yoast_head":"<!-- This site is optimized with the Yoast SEO Premium plugin v24.0 (Yoast SEO v24.9) - https:\/\/yoast.com\/wordpress\/plugins\/seo\/ -->\n<title>About us - Medizinisches Cannabis | GACP Standard | Anbau und Verarbeitung<\/title>\n<meta name=\"description\" content=\"Our goal is to make your projects unique by developing innovative cannabis products.\" \/>\n<meta name=\"robots\" content=\"index, follow, max-snippet:-1, max-image-preview:large, max-video-preview:-1\" \/>\n<link rel=\"canonical\" href=\"https:\/\/tb-farming.com\/en\/about-us\/\" \/>\n<meta property=\"og:locale\" content=\"en_US\" \/>\n<meta property=\"og:type\" content=\"article\" \/>\n<meta property=\"og:title\" content=\"About us\" \/>\n<meta property=\"og:description\" content=\"Our goal is to make your projects unique by developing innovative cannabis products.\" \/>\n<meta property=\"og:url\" content=\"https:\/\/tb-farming.com\/en\/about-us\/\" \/>\n<meta property=\"og:site_name\" content=\"Medizinisches Cannabis | GACP Standard | Anbau und Verarbeitung\" \/>\n<meta property=\"article:modified_time\" content=\"2024-12-16T16:14:37+00:00\" \/>\n<meta property=\"og:image\" content=\"https:\/\/tb-farming.com\/wp-content\/uploads\/2024\/03\/social-sharing.jpg\" \/>\n\t<meta property=\"og:image:width\" content=\"1200\" \/>\n\t<meta property=\"og:image:height\" content=\"675\" \/>\n\t<meta property=\"og:image:type\" content=\"image\/jpeg\" \/>\n<meta name=\"twitter:card\" content=\"summary_large_image\" \/>\n<meta name=\"twitter:label1\" content=\"Est. reading time\" \/>\n\t<meta name=\"twitter:data1\" content=\"9 minutes\" \/>\n<script type=\"application\/ld+json\" class=\"yoast-schema-graph\">{\"@context\":\"https:\/\/schema.org\",\"@graph\":[{\"@type\":\"WebPage\",\"@id\":\"https:\/\/tb-farming.com\/en\/about-us\/\",\"url\":\"https:\/\/tb-farming.com\/en\/about-us\/\",\"name\":\"About us - Medizinisches Cannabis | GACP Standard | Anbau und Verarbeitung\",\"isPartOf\":{\"@id\":\"https:\/\/tb-farming.com\/en\/#website\"},\"datePublished\":\"2018-11-07T06:34:16+00:00\",\"dateModified\":\"2024-12-16T16:14:37+00:00\",\"description\":\"Our goal is to make your projects unique by developing innovative cannabis products.\",\"breadcrumb\":{\"@id\":\"https:\/\/tb-farming.com\/en\/about-us\/#breadcrumb\"},\"inLanguage\":\"en-US\",\"potentialAction\":[{\"@type\":\"ReadAction\",\"target\":[\"https:\/\/tb-farming.com\/en\/about-us\/\"]}]},{\"@type\":\"BreadcrumbList\",\"@id\":\"https:\/\/tb-farming.com\/en\/about-us\/#breadcrumb\",\"itemListElement\":[{\"@type\":\"ListItem\",\"position\":1,\"name\":\"Startseite\",\"item\":\"https:\/\/tb-farming.com\/en\/homepage\/\"},{\"@type\":\"ListItem\",\"position\":2,\"name\":\"About us\"}]},{\"@type\":\"WebSite\",\"@id\":\"https:\/\/tb-farming.com\/en\/#website\",\"url\":\"https:\/\/tb-farming.com\/en\/\",\"name\":\"Medizinisches Cannabis | GACP Standard | Anbau und Verarbeitung\",\"description\":\"together we grow.\",\"publisher\":{\"@id\":\"https:\/\/tb-farming.com\/en\/#organization\"},\"potentialAction\":[{\"@type\":\"SearchAction\",\"target\":{\"@type\":\"EntryPoint\",\"urlTemplate\":\"https:\/\/tb-farming.com\/en\/?s={search_term_string}\"},\"query-input\":{\"@type\":\"PropertyValueSpecification\",\"valueRequired\":true,\"valueName\":\"search_term_string\"}}],\"inLanguage\":\"en-US\"},{\"@type\":\"Organization\",\"@id\":\"https:\/\/tb-farming.com\/en\/#organization\",\"name\":\"TB Farming AG\",\"url\":\"https:\/\/tb-farming.com\/en\/\",\"logo\":{\"@type\":\"ImageObject\",\"inLanguage\":\"en-US\",\"@id\":\"https:\/\/tb-farming.com\/en\/#\/schema\/logo\/image\/\",\"url\":\"https:\/\/tb-farming.com\/wp-content\/uploads\/2024\/01\/TB-Farming-500x270-1.png\",\"contentUrl\":\"https:\/\/tb-farming.com\/wp-content\/uploads\/2024\/01\/TB-Farming-500x270-1.png\",\"width\":500,\"height\":270,\"caption\":\"TB Farming AG\"},\"image\":{\"@id\":\"https:\/\/tb-farming.com\/en\/#\/schema\/logo\/image\/\"},\"sameAs\":[\"https:\/\/www.linkedin.com\/company\/tb-farming-ag\/\",\"https:\/\/www.instagram.com\/tb.farming\/\"],\"email\":\"info@tbfarming.ch\",\"telephone\":\"+41(0) 71 642 10 91\",\"legalName\":\"TB Farming AG\",\"numberOfEmployees\":{\"@type\":\"QuantitativeValue\",\"minValue\":\"11\",\"maxValue\":\"50\"}}]}<\/script>\n<!-- \/ Yoast SEO Premium plugin. -->","yoast_head_json":{"title":"About us - Medizinisches Cannabis | GACP Standard | Anbau und Verarbeitung","description":"Our goal is to make your projects unique by developing innovative cannabis products.","robots":{"index":"index","follow":"follow","max-snippet":"max-snippet:-1","max-image-preview":"max-image-preview:large","max-video-preview":"max-video-preview:-1"},"canonical":"https:\/\/tb-farming.com\/en\/about-us\/","og_locale":"en_US","og_type":"article","og_title":"About us","og_description":"Our goal is to make your projects unique by developing innovative cannabis products.","og_url":"https:\/\/tb-farming.com\/en\/about-us\/","og_site_name":"Medizinisches Cannabis | GACP Standard | Anbau und Verarbeitung","article_modified_time":"2024-12-16T16:14:37+00:00","og_image":[{"width":1200,"height":675,"url":"https:\/\/tb-farming.com\/wp-content\/uploads\/2024\/03\/social-sharing.jpg","type":"image\/jpeg"}],"twitter_card":"summary_large_image","twitter_misc":{"Est. reading time":"9 minutes"},"schema":{"@context":"https:\/\/schema.org","@graph":[{"@type":"WebPage","@id":"https:\/\/tb-farming.com\/en\/about-us\/","url":"https:\/\/tb-farming.com\/en\/about-us\/","name":"About us - Medizinisches Cannabis | GACP Standard | Anbau und Verarbeitung","isPartOf":{"@id":"https:\/\/tb-farming.com\/en\/#website"},"datePublished":"2018-11-07T06:34:16+00:00","dateModified":"2024-12-16T16:14:37+00:00","description":"Our goal is to make your projects unique by developing innovative cannabis products.","breadcrumb":{"@id":"https:\/\/tb-farming.com\/en\/about-us\/#breadcrumb"},"inLanguage":"en-US","potentialAction":[{"@type":"ReadAction","target":["https:\/\/tb-farming.com\/en\/about-us\/"]}]},{"@type":"BreadcrumbList","@id":"https:\/\/tb-farming.com\/en\/about-us\/#breadcrumb","itemListElement":[{"@type":"ListItem","position":1,"name":"Startseite","item":"https:\/\/tb-farming.com\/en\/homepage\/"},{"@type":"ListItem","position":2,"name":"About us"}]},{"@type":"WebSite","@id":"https:\/\/tb-farming.com\/en\/#website","url":"https:\/\/tb-farming.com\/en\/","name":"Medizinisches Cannabis | GACP Standard | Anbau und Verarbeitung","description":"together we grow.","publisher":{"@id":"https:\/\/tb-farming.com\/en\/#organization"},"potentialAction":[{"@type":"SearchAction","target":{"@type":"EntryPoint","urlTemplate":"https:\/\/tb-farming.com\/en\/?s={search_term_string}"},"query-input":{"@type":"PropertyValueSpecification","valueRequired":true,"valueName":"search_term_string"}}],"inLanguage":"en-US"},{"@type":"Organization","@id":"https:\/\/tb-farming.com\/en\/#organization","name":"TB Farming AG","url":"https:\/\/tb-farming.com\/en\/","logo":{"@type":"ImageObject","inLanguage":"en-US","@id":"https:\/\/tb-farming.com\/en\/#\/schema\/logo\/image\/","url":"https:\/\/tb-farming.com\/wp-content\/uploads\/2024\/01\/TB-Farming-500x270-1.png","contentUrl":"https:\/\/tb-farming.com\/wp-content\/uploads\/2024\/01\/TB-Farming-500x270-1.png","width":500,"height":270,"caption":"TB Farming AG"},"image":{"@id":"https:\/\/tb-farming.com\/en\/#\/schema\/logo\/image\/"},"sameAs":["https:\/\/www.linkedin.com\/company\/tb-farming-ag\/","https:\/\/www.instagram.com\/tb.farming\/"],"email":"info@tbfarming.ch","telephone":"+41(0) 71 642 10 91","legalName":"TB Farming AG","numberOfEmployees":{"@type":"QuantitativeValue","minValue":"11","maxValue":"50"}}]}},"_links":{"self":[{"href":"https:\/\/tb-farming.com\/en\/wp-json\/wp\/v2\/pages\/2049","targetHints":{"allow":["GET"]}}],"collection":[{"href":"https:\/\/tb-farming.com\/en\/wp-json\/wp\/v2\/pages"}],"about":[{"href":"https:\/\/tb-farming.com\/en\/wp-json\/wp\/v2\/types\/page"}],"author":[{"embeddable":true,"href":"https:\/\/tb-farming.com\/en\/wp-json\/wp\/v2\/users\/1"}],"replies":[{"embeddable":true,"href":"https:\/\/tb-farming.com\/en\/wp-json\/wp\/v2\/comments?post=2049"}],"version-history":[{"count":18,"href":"https:\/\/tb-farming.com\/en\/wp-json\/wp\/v2\/pages\/2049\/revisions"}],"predecessor-version":[{"id":2601,"href":"https:\/\/tb-farming.com\/en\/wp-json\/wp\/v2\/pages\/2049\/revisions\/2601"}],"wp:attachment":[{"href":"https:\/\/tb-farming.com\/en\/wp-json\/wp\/v2\/media?parent=2049"}],"curies":[{"name":"wp","href":"https:\/\/api.w.org\/{rel}","templated":true}]}}